{"id":338933,"date":"2026-02-27T20:54:23","date_gmt":"2026-02-27T17:54:23","guid":{"rendered":"https:\/\/ecoshop.ee\/maaratlemata\/teekaru-54-x-87-x-90-cm-akaatsiapuit\/"},"modified":"2026-05-08T03:26:09","modified_gmt":"2026-05-08T00:26:09","slug":"teacup-54-x-87-x-90-cm-acacia-wood","status":"publish","type":"product","link":"https:\/\/ecoshop.ee\/en\/karud-ja-liigutatavad-lauad\/teekaru-54-x-87-x-90-cm-akaatsiapuit\/","title":{"rendered":"Tea Trolley, 54 x 87 x 90 Cm, Acacia Wood"},"content":{"rendered":"<p>A tea trolley is a great choice for moving food items or for easily serving food and drinks.<\/p>\n<\/p>\n<ul>\n<li>Durable frame: Acacia wood is a beautiful natural material. Acacia wood is a tropical hardwood that is dense, strong and durable.<\/li>\n<li>Practical wheels: The wooden tea trolley has 2 smooth-running wheels.<\/li>\n<li>Plenty of storage space: The 2-tiered tea trolley with wheels offers enough space to store dishes, cups and other essentials.<\/li>\n<li>Useful holder: The included bottle holder can hold up to 3 bottles.<\/li>\n<\/ul>\n<p>Good to know:<\/p>\n<ul>\n<li>To make assembly as easy as possible, each product comes with an instruction manual.<\/li>\n<\/ul>\n<p>Note.<\/p>\n<ul>\n<li>To keep your outdoor furniture looking beautiful, we recommend protecting it with a waterproof cover.<\/li>\n<\/ul>\n<ul>\n<li>Material: sturdy acacia wood with an oil finish<\/li>\n<li>Dimensions: 54 x 87 x 90 cm (L x W x H)<\/li>\n<\/ul>","protected":false},"excerpt":{"rendered":"<p>Teek\u00e4ru on suurep\u00e4rane valik toidun\u00f5ude teisaldamiseks v\u00f5i toidu ja jookide h\u00f5lpsaks serveerimiseks. Vastupidav raam: akaatsiapuit on ilus looduslik materjal. Akaatsiapuit on troopiline&hellip;<\/p>","protected":false},"featured_media":338925,"comment_status":"open","ping_status":"closed","template":"","meta":{"wprm-recipe-roundup-name":"","wprm-recipe-roundup-description":""},"product_brand":[],"product_cat":[4614],"product_tag":[4690,4691,547,554,540],"class_list":{"0":"post-338933","1":"product","2":"type-product","3":"status-publish","4":"has-post-thumbnail","6":"product_cat-karud-ja-liigutatavad-lauad","7":"product_tag-karud-ja-liigutatavad-lauad","8":"product_tag-koogi-ja-soogitoa-karud","9":"product_tag-moobel","10":"product_tag-ouemoobli-komplektid","11":"product_tag-parcel","12":"pa_brand-vidaxl","14":"first","15":"instock","16":"taxable","17":"shipping-taxable","18":"purchasable","19":"product-type-simple"},"supplier_id":null,"supplier_sku":"","barcode":null,"atum_controlled":false,"out_stock_date":null,"out_stock_threshold":null,"inheritable":false,"inbound_stock":null,"stock_on_hold":null,"sold_today":null,"sales_last_days":null,"reserved_stock":null,"customer_returns":null,"warehouse_damage":null,"lost_in_post":null,"other_logs":null,"out_stock_days":null,"lost_sales":null,"has_location":null,"update_date":"2026-05-08T00:26:10","atum_locations":[],"atum_stock_status":"instock","restock_status":false,"low_stock_amount":"","sales_update_date":null,"calc_backorders":null,"aioseo_notices":[],"_links":{"self":[{"href":"https:\/\/ecoshop.ee\/en\/wp-json\/wp\/v2\/product\/338933","targetHints":{"allow":["GET"]}}],"collection":[{"href":"https:\/\/ecoshop.ee\/en\/wp-json\/wp\/v2\/product"}],"about":[{"href":"https:\/\/ecoshop.ee\/en\/wp-json\/wp\/v2\/types\/product"}],"replies":[{"embeddable":true,"href":"https:\/\/ecoshop.ee\/en\/wp-json\/wp\/v2\/comments?post=338933"}],"version-history":[{"count":0,"href":"https:\/\/ecoshop.ee\/en\/wp-json\/wp\/v2\/product\/338933\/revisions"}],"wp:featuredmedia":[{"embeddable":true,"href":"https:\/\/ecoshop.ee\/en\/wp-json\/wp\/v2\/media\/338925"}],"wp:attachment":[{"href":"https:\/\/ecoshop.ee\/en\/wp-json\/wp\/v2\/media?parent=338933"}],"wp:term":[{"taxonomy":"product_brand","embeddable":true,"href":"https:\/\/ecoshop.ee\/en\/wp-json\/wp\/v2\/product_brand?post=338933"},{"taxonomy":"product_cat","embeddable":true,"href":"https:\/\/ecoshop.ee\/en\/wp-json\/wp\/v2\/product_cat?post=338933"},{"taxonomy":"product_tag","embeddable":true,"href":"https:\/\/ecoshop.ee\/en\/wp-json\/wp\/v2\/product_tag?post=338933"}],"curies":[{"name":"wp","href":"https:\/\/api.w.org\/{rel}","templated":true}]}}