{"id":338943,"date":"2026-02-27T20:54:33","date_gmt":"2026-02-27T17:54:33","guid":{"rendered":"https:\/\/ecoshop.ee\/maaratlemata\/platvormvkaru-hobedane-82-x-53-x-86-cm-roostevabast-terasest\/"},"modified":"2026-05-14T03:27:41","modified_gmt":"2026-05-14T00:27:41","slug":"platform-bear-hobedane-82-x-53-x-86-cm-stainless-steel","status":"publish","type":"product","link":"https:\/\/ecoshop.ee\/en\/karud-ja-liigutatavad-lauad\/platvormvkaru-hobedane-82-x-53-x-86-cm-roostevabast-terasest\/","title":{"rendered":"Platform Trolley Silver 82 x 53 x 86 Cm Stainless Steel"},"content":{"rendered":"<p>The multi-purpose, safe and lightweight platform cart is perfect for transporting heavy items in the kitchen, hotel or warehouse.<\/p>\n<\/p>\n<p>The stainless steel platform trolley is very strong and durable, with a maximum load capacity of 200 kg. In addition, it can be easily folded with a foot pedal to save space when not in use. The platform trolley has two swivel wheels and 2 fixed wheels, which ensure smooth and quiet transport.<\/p>\n<\/p>\n<p>The platform cart is easy to assemble.<\/p>\n<ul>\n<li>Color: silver<\/li>\n<li>Material: stainless steel<\/li>\n<li>Wheel material: TPR (thermoplastic rubber)<\/li>\n<li>Overall dimensions: 82 x 53 x 86 cm (L x W x H)<\/li>\n<li>Wheel diameter: 100 mm<\/li>\n<li>Maximum load capacity: 200 kg<\/li>\n<li>With 2 fixed wheels and 2 swivel wheels<\/li>\n<li>Foldable<\/li>\n<li>With anti-shock design<\/li>\n<\/ul>","protected":false},"excerpt":{"rendered":"<p>Mitmeotstarbeline ohutu ja kerge platvormk\u00e4ru sobib suurep\u00e4raselt k\u00f6\u00f6gis, hotellis v\u00f5i laos raskete esemete vedamiseks. Roostevabast terasest platvormk\u00e4ru on v\u00e4ga tugev ja vastupidav,&hellip;<\/p>","protected":false},"featured_media":338935,"comment_status":"open","ping_status":"closed","template":"","meta":{"wprm-recipe-roundup-name":"","wprm-recipe-roundup-description":""},"product_brand":[],"product_cat":[4614],"product_tag":[1885,4690,4691,547,540],"class_list":{"0":"post-338943","1":"product","2":"type-product","3":"status-publish","4":"has-post-thumbnail","6":"product_cat-karud-ja-liigutatavad-lauad","7":"product_tag-hobedane","8":"product_tag-karud-ja-liigutatavad-lauad","9":"product_tag-koogi-ja-soogitoa-karud","10":"product_tag-moobel","11":"product_tag-parcel","12":"pa_brand-vidaxl","14":"first","15":"instock","16":"taxable","17":"shipping-taxable","18":"purchasable","19":"product-type-simple"},"supplier_id":null,"supplier_sku":"","barcode":null,"atum_controlled":false,"out_stock_date":null,"out_stock_threshold":null,"inheritable":false,"inbound_stock":null,"stock_on_hold":null,"sold_today":null,"sales_last_days":null,"reserved_stock":null,"customer_returns":null,"warehouse_damage":null,"lost_in_post":null,"other_logs":null,"out_stock_days":null,"lost_sales":null,"has_location":null,"update_date":"2026-05-14T00:27:42","atum_locations":[],"atum_stock_status":"instock","restock_status":false,"low_stock_amount":"","sales_update_date":null,"calc_backorders":null,"aioseo_notices":[],"_links":{"self":[{"href":"https:\/\/ecoshop.ee\/en\/wp-json\/wp\/v2\/product\/338943","targetHints":{"allow":["GET"]}}],"collection":[{"href":"https:\/\/ecoshop.ee\/en\/wp-json\/wp\/v2\/product"}],"about":[{"href":"https:\/\/ecoshop.ee\/en\/wp-json\/wp\/v2\/types\/product"}],"replies":[{"embeddable":true,"href":"https:\/\/ecoshop.ee\/en\/wp-json\/wp\/v2\/comments?post=338943"}],"version-history":[{"count":0,"href":"https:\/\/ecoshop.ee\/en\/wp-json\/wp\/v2\/product\/338943\/revisions"}],"wp:featuredmedia":[{"embeddable":true,"href":"https:\/\/ecoshop.ee\/en\/wp-json\/wp\/v2\/media\/338935"}],"wp:attachment":[{"href":"https:\/\/ecoshop.ee\/en\/wp-json\/wp\/v2\/media?parent=338943"}],"wp:term":[{"taxonomy":"product_brand","embeddable":true,"href":"https:\/\/ecoshop.ee\/en\/wp-json\/wp\/v2\/product_brand?post=338943"},{"taxonomy":"product_cat","embeddable":true,"href":"https:\/\/ecoshop.ee\/en\/wp-json\/wp\/v2\/product_cat?post=338943"},{"taxonomy":"product_tag","embeddable":true,"href":"https:\/\/ecoshop.ee\/en\/wp-json\/wp\/v2\/product_tag?post=338943"}],"curies":[{"name":"wp","href":"https:\/\/api.w.org\/{rel}","templated":true}]}}