{"id":338951,"date":"2026-02-27T20:54:42","date_gmt":"2026-02-27T17:54:42","guid":{"rendered":"https:\/\/ecoshop.ee\/maaratlemata\/koogikaru-16-kandikule-38x55x163-cm-roostevaba-teras\/"},"modified":"2026-05-12T22:44:48","modified_gmt":"2026-05-12T19:44:48","slug":"cake-stand-for-16-trays-38x55x163-cm-stainless-steel","status":"publish","type":"product","link":"https:\/\/ecoshop.ee\/en\/karud-ja-liigutatavad-lauad\/koogikaru-16-kandikule-38x55x163-cm-roostevaba-teras\/","title":{"rendered":"Kitchen Trolley for 16 Trays, 38 x 55 x 163 Cm, Stainless Steel"},"content":{"rendered":"<p>The kitchen trolley is designed for professional use in the catering industry and can be used for many purposes.<\/p>\n<\/p>\n<p>The trolley has space for 16 trays, which allows for plenty of storage space in a small space. The stainless steel frame keeps the tray trolley stable and sturdy even when it is full of things. Thanks to the smooth-running castors, the trolley can be moved easily and quietly. In addition, two of the wheels have brakes to prevent the trolley from rolling away.<\/p>\n<\/p>\n<p>The tray cart is easy to assemble.<\/p>\n<ul>\n<li>Color: silver<\/li>\n<li>Material: stainless steel<\/li>\n<li>Wheel material: TPR (thermoplastic rubber)<\/li>\n<li>Overall dimensions: 38 x 55 x 163 cm (L x W x H)<\/li>\n<li>Suitable box size: 53 x 32.5 cm (W x L)<\/li>\n<li>Wheel diameter: 100 mm<\/li>\n<li>Distance between tray holes: 75 mm<\/li>\n<li>Load capacity of each shelf: 10 kg<\/li>\n<li>With 16 tray holes<\/li>\n<li>With four swivel wheels (two of which have brakes)<\/li>\n<\/ul>","protected":false},"excerpt":{"rendered":"<p>K\u00f6\u00f6gik\u00e4ru on m\u00f5eldud professionaalseks kasutamiseks toitlustusvaldkonnas ja seda saab kasutada mitmetel eesm\u00e4rkidel. K\u00e4rus on ruumi 16 kandikule, mis v\u00f5imaldab v\u00e4ikses ruumis piisavalt&hellip;<\/p>","protected":false},"featured_media":338945,"comment_status":"open","ping_status":"closed","template":"","meta":{"wprm-recipe-roundup-name":"","wprm-recipe-roundup-description":""},"product_brand":[],"product_cat":[4614],"product_tag":[1885,4690,4691,547,540],"class_list":{"0":"post-338951","1":"product","2":"type-product","3":"status-publish","4":"has-post-thumbnail","6":"product_cat-karud-ja-liigutatavad-lauad","7":"product_tag-hobedane","8":"product_tag-karud-ja-liigutatavad-lauad","9":"product_tag-koogi-ja-soogitoa-karud","10":"product_tag-moobel","11":"product_tag-parcel","12":"pa_brand-vidaxl","14":"first","15":"instock","16":"taxable","17":"shipping-taxable","18":"purchasable","19":"product-type-simple"},"supplier_id":null,"supplier_sku":"","barcode":null,"atum_controlled":false,"out_stock_date":null,"out_stock_threshold":null,"inheritable":false,"inbound_stock":null,"stock_on_hold":null,"sold_today":null,"sales_last_days":null,"reserved_stock":null,"customer_returns":null,"warehouse_damage":null,"lost_in_post":null,"other_logs":null,"out_stock_days":null,"lost_sales":null,"has_location":null,"update_date":"2026-05-12T19:44:49","atum_locations":[],"atum_stock_status":"instock","restock_status":false,"low_stock_amount":"","sales_update_date":null,"calc_backorders":null,"aioseo_notices":[],"_links":{"self":[{"href":"https:\/\/ecoshop.ee\/en\/wp-json\/wp\/v2\/product\/338951","targetHints":{"allow":["GET"]}}],"collection":[{"href":"https:\/\/ecoshop.ee\/en\/wp-json\/wp\/v2\/product"}],"about":[{"href":"https:\/\/ecoshop.ee\/en\/wp-json\/wp\/v2\/types\/product"}],"replies":[{"embeddable":true,"href":"https:\/\/ecoshop.ee\/en\/wp-json\/wp\/v2\/comments?post=338951"}],"version-history":[{"count":0,"href":"https:\/\/ecoshop.ee\/en\/wp-json\/wp\/v2\/product\/338951\/revisions"}],"wp:featuredmedia":[{"embeddable":true,"href":"https:\/\/ecoshop.ee\/en\/wp-json\/wp\/v2\/media\/338945"}],"wp:attachment":[{"href":"https:\/\/ecoshop.ee\/en\/wp-json\/wp\/v2\/media?parent=338951"}],"wp:term":[{"taxonomy":"product_brand","embeddable":true,"href":"https:\/\/ecoshop.ee\/en\/wp-json\/wp\/v2\/product_brand?post=338951"},{"taxonomy":"product_cat","embeddable":true,"href":"https:\/\/ecoshop.ee\/en\/wp-json\/wp\/v2\/product_cat?post=338951"},{"taxonomy":"product_tag","embeddable":true,"href":"https:\/\/ecoshop.ee\/en\/wp-json\/wp\/v2\/product_tag?post=338951"}],"curies":[{"name":"wp","href":"https:\/\/api.w.org\/{rel}","templated":true}]}}