{"id":339044,"date":"2026-02-27T20:56:58","date_gmt":"2026-02-27T17:56:58","guid":{"rendered":"https:\/\/ecoshop.ee\/maaratlemata\/koogikaru-akaatsiapuit\/"},"modified":"2026-05-15T04:13:00","modified_gmt":"2026-05-15T01:13:00","slug":"cake-bear-acacia-wood","status":"publish","type":"product","link":"https:\/\/ecoshop.ee\/en\/karud-ja-liigutatavad-lauad\/koogikaru-akaatsiapuit\/","title":{"rendered":"Kitchen trolley, Acacia wood"},"content":{"rendered":"<p>Add a unique, vintage touch and more storage space to your kitchen with this wooden kitchen trolley!<\/p>\n<\/p>\n<ul>\n<li>Acacia wood: Sturdy acacia wood is a beautiful natural material. Acacia wood is a tropical hardwood that is dense, strong and durable.<\/li>\n<li>Smooth and reliable mobility: four 360-degree rotating wheels, 2 of which are lockable, make the storage cart easy to move, lock and park safely.<\/li>\n<li>Multiple functions: The wooden kitchen cart has a drawer and a low shelf, providing space for keeping bowls, plates, cookbooks and other kitchen utensils within easy reach. A towel rack on the side keeps towels handy.<\/li>\n<\/ul>\n<ul>\n<li>Material: acacia wood with a natural finish, metal <\/li>\n<li>Dimensions: 55 x 55 x 89 cm (W x D x H)<\/li>\n<li>Assembly required: yes<\/li>\n<\/ul>","protected":false},"excerpt":{"rendered":"<p>Lisage k\u00f6\u00f6gile selle puidust k\u00f6\u00f6gik\u00e4ruga omap\u00e4rast ja vanaaegset h\u00f5ngu ning rohkem hoiustamisruumi! Akaatsiapuit: toekas akaatsiapuit on kaunis looduslik materjal. Akaatsiapuit on troopiline&hellip;<\/p>","protected":false},"featured_media":339036,"comment_status":"open","ping_status":"closed","template":"","meta":{"wprm-recipe-roundup-name":"","wprm-recipe-roundup-description":""},"product_brand":[],"product_cat":[4614],"product_tag":[4690,4691,547,554,540],"class_list":{"0":"post-339044","1":"product","2":"type-product","3":"status-publish","4":"has-post-thumbnail","6":"product_cat-karud-ja-liigutatavad-lauad","7":"product_tag-karud-ja-liigutatavad-lauad","8":"product_tag-koogi-ja-soogitoa-karud","9":"product_tag-moobel","10":"product_tag-ouemoobli-komplektid","11":"product_tag-parcel","12":"pa_brand-vidaxl","14":"first","15":"instock","16":"taxable","17":"shipping-taxable","18":"purchasable","19":"product-type-simple"},"supplier_id":null,"supplier_sku":"","barcode":null,"atum_controlled":false,"out_stock_date":null,"out_stock_threshold":null,"inheritable":false,"inbound_stock":null,"stock_on_hold":0,"sold_today":1,"sales_last_days":1,"reserved_stock":null,"customer_returns":null,"warehouse_damage":null,"lost_in_post":null,"other_logs":null,"out_stock_days":0,"lost_sales":0,"has_location":null,"update_date":"2026-05-15T01:13:01","atum_locations":[],"atum_stock_status":"instock","restock_status":false,"low_stock_amount":"","sales_update_date":"2026-03-18T17:32:21","calc_backorders":null,"aioseo_notices":[],"_links":{"self":[{"href":"https:\/\/ecoshop.ee\/en\/wp-json\/wp\/v2\/product\/339044","targetHints":{"allow":["GET"]}}],"collection":[{"href":"https:\/\/ecoshop.ee\/en\/wp-json\/wp\/v2\/product"}],"about":[{"href":"https:\/\/ecoshop.ee\/en\/wp-json\/wp\/v2\/types\/product"}],"replies":[{"embeddable":true,"href":"https:\/\/ecoshop.ee\/en\/wp-json\/wp\/v2\/comments?post=339044"}],"version-history":[{"count":0,"href":"https:\/\/ecoshop.ee\/en\/wp-json\/wp\/v2\/product\/339044\/revisions"}],"wp:featuredmedia":[{"embeddable":true,"href":"https:\/\/ecoshop.ee\/en\/wp-json\/wp\/v2\/media\/339036"}],"wp:attachment":[{"href":"https:\/\/ecoshop.ee\/en\/wp-json\/wp\/v2\/media?parent=339044"}],"wp:term":[{"taxonomy":"product_brand","embeddable":true,"href":"https:\/\/ecoshop.ee\/en\/wp-json\/wp\/v2\/product_brand?post=339044"},{"taxonomy":"product_cat","embeddable":true,"href":"https:\/\/ecoshop.ee\/en\/wp-json\/wp\/v2\/product_cat?post=339044"},{"taxonomy":"product_tag","embeddable":true,"href":"https:\/\/ecoshop.ee\/en\/wp-json\/wp\/v2\/product_tag?post=339044"}],"curies":[{"name":"wp","href":"https:\/\/api.w.org\/{rel}","templated":true}]}}