{"id":339206,"date":"2026-02-27T21:00:35","date_gmt":"2026-02-27T18:00:35","guid":{"rendered":"https:\/\/ecoshop.ee\/maaratlemata\/vorega-aia-taimelava-toekas-akaatsiapuit\/"},"modified":"2026-04-07T09:38:48","modified_gmt":"2026-04-07T06:38:48","slug":"sturdy-acacia-wood-garden-planter-with-a-frame","status":"publish","type":"product","link":"https:\/\/ecoshop.ee\/en\/taimekastid\/vorega-aia-taimelava-toekas-akaatsiapuit\/","title":{"rendered":"Garden Planter with Trellis, Sturdy Acacia Wood"},"content":{"rendered":"<p>A wooden plant stand with a side-mounted trellis will become the focal point of your garden, patio, or terrace.<\/p>\n<\/p>\n<p>Made of sturdy acacia wood, the planter has been given a light oil finish to bring out its rich, natural color and make it weather-resistant. The planter has a simple, rustic design and will add a natural charm to your garden. The planter has a large flower box that can accommodate a considerable number of plants and flowers. The lattice adds a beautiful decorative effect when you cover it with climbing plants. Please note that wood is a natural product and may have imperfections.<\/p>\n<ul>\n<li>Material: Acacia wood with oil finish<\/li>\n<li>Dimensions: 55 x 28 x 100 cm (L x W x H)<\/li>\n<li>Galvanized screws<\/li>\n<li>Assembly required: yes<\/li>\n<\/ul>","protected":false},"excerpt":{"rendered":"<p>K\u00fclgeehitatud v\u00f5rega puidust taimelavast saab teie aia, sise\u00f5ue v\u00f5i terrassi keskpunkt. Toekast akaatsiapuidust valmistatud taimekastile on antud kerge \u00f5liviimistlus, et tuua esile&hellip;<\/p>","protected":false},"featured_media":339197,"comment_status":"open","ping_status":"closed","template":"","meta":{"wprm-recipe-roundup-name":"","wprm-recipe-roundup-description":""},"product_brand":[],"product_cat":[2225],"product_tag":[2127,2128,536,554,540,2129],"class_list":{"0":"post-339206","1":"product","2":"type-product","3":"status-publish","4":"has-post-thumbnail","6":"product_cat-taimekastid","7":"product_tag-aed-ja-muru","8":"product_tag-aiandus","9":"product_tag-kodu-ja-aed","10":"product_tag-ouemoobli-komplektid","11":"product_tag-parcel","12":"product_tag-potid-ja-taimekastid","13":"pa_brand-vidaxl","15":"first","16":"instock","17":"taxable","18":"shipping-taxable","19":"purchasable","20":"product-type-simple"},"supplier_id":null,"supplier_sku":"","barcode":null,"atum_controlled":false,"out_stock_date":null,"out_stock_threshold":null,"inheritable":false,"inbound_stock":null,"stock_on_hold":null,"sold_today":null,"sales_last_days":null,"reserved_stock":null,"customer_returns":null,"warehouse_damage":null,"lost_in_post":null,"other_logs":null,"out_stock_days":null,"lost_sales":null,"has_location":null,"update_date":"2026-04-07T06:38:48","atum_locations":[],"atum_stock_status":"instock","restock_status":false,"low_stock_amount":"","sales_update_date":null,"calc_backorders":null,"aioseo_notices":[],"_links":{"self":[{"href":"https:\/\/ecoshop.ee\/en\/wp-json\/wp\/v2\/product\/339206","targetHints":{"allow":["GET"]}}],"collection":[{"href":"https:\/\/ecoshop.ee\/en\/wp-json\/wp\/v2\/product"}],"about":[{"href":"https:\/\/ecoshop.ee\/en\/wp-json\/wp\/v2\/types\/product"}],"replies":[{"embeddable":true,"href":"https:\/\/ecoshop.ee\/en\/wp-json\/wp\/v2\/comments?post=339206"}],"version-history":[{"count":0,"href":"https:\/\/ecoshop.ee\/en\/wp-json\/wp\/v2\/product\/339206\/revisions"}],"wp:featuredmedia":[{"embeddable":true,"href":"https:\/\/ecoshop.ee\/en\/wp-json\/wp\/v2\/media\/339197"}],"wp:attachment":[{"href":"https:\/\/ecoshop.ee\/en\/wp-json\/wp\/v2\/media?parent=339206"}],"wp:term":[{"taxonomy":"product_brand","embeddable":true,"href":"https:\/\/ecoshop.ee\/en\/wp-json\/wp\/v2\/product_brand?post=339206"},{"taxonomy":"product_cat","embeddable":true,"href":"https:\/\/ecoshop.ee\/en\/wp-json\/wp\/v2\/product_cat?post=339206"},{"taxonomy":"product_tag","embeddable":true,"href":"https:\/\/ecoshop.ee\/en\/wp-json\/wp\/v2\/product_tag?post=339206"}],"curies":[{"name":"wp","href":"https:\/\/api.w.org\/{rel}","templated":true}]}}