{"id":339240,"date":"2026-02-27T21:01:17","date_gmt":"2026-02-27T18:01:17","guid":{"rendered":"https:\/\/ecoshop.ee\/maaratlemata\/klaasuksega-puidust-koogiseinakapp-valge\/"},"modified":"2026-05-13T09:26:23","modified_gmt":"2026-05-13T06:26:23","slug":"wooden-cake-wall-cabinet-with-glass-door-white","status":"publish","type":"product","link":"https:\/\/ecoshop.ee\/en\/koogikapid\/klaasuksega-puidust-koogiseinakapp-valge\/","title":{"rendered":"Wooden Kitchen Wall Cabinet with Glass Door, White"},"content":{"rendered":"<p>An elegant wooden wall cabinet with an antique look provides ample additional storage space in the kitchen and helps keep things organized.<\/p>\n<\/p>\n<p>The cabinet has two drawers and two shelves, which make it easy to store dry goods, spices, snacks, canned goods, etc. The cabinet has two glass doors and two easy-open drawers, so you can easily reach things. The cabinet has hooks for hanging cups or towels.<\/p>\n<\/p>\n<p>The high-quality wooden cabinet is resistant to humid environments. The white finish is easy to clean with a damp cloth.<\/p>\n<ul>\n<li>Colour: white<\/li>\n<li>Material: MDF and pine wood (frame) + iron (handle and hook) + glass<\/li>\n<li>Overall size: 59 x 22.5 x 74 cm (L x W x H)<\/li>\n<li>Drawer size: 21.5 x 18.5 x 12 cm (L x W x H)<\/li>\n<li>Stick diameter: 2 cm<\/li>\n<li>Max load capacity (total): 15 kg<\/li>\n<li>Max load capacity per shelf: 5 kg<\/li>\n<\/ul>","protected":false},"excerpt":{"rendered":"<p>Elegantne puidust antiikv\u00e4limusega seinakapp annab k\u00f6\u00f6gis k\u00fcllaldaselt t\u00e4iendavat hoiuruumi ja aitab asju korrastatuna hoida. Kapil on kaks sahtlit ja kaks riiulit, mis&hellip;<\/p>","protected":false},"featured_media":339232,"comment_status":"open","ping_status":"closed","template":"","meta":{"wprm-recipe-roundup-name":"","wprm-recipe-roundup-description":""},"product_brand":[],"product_cat":[1321],"product_tag":[567,1322,547,540,539],"class_list":{"0":"post-339240","1":"product","2":"type-product","3":"status-publish","4":"has-post-thumbnail","6":"product_cat-koogikapid","7":"product_tag-kapid-ja-hoiustamine","8":"product_tag-koogikapid","9":"product_tag-moobel","10":"product_tag-parcel","11":"product_tag-voodilinad","12":"pa_brand-vidaxl","14":"first","15":"instock","16":"taxable","17":"shipping-taxable","18":"purchasable","19":"product-type-simple"},"supplier_id":null,"supplier_sku":"","barcode":null,"atum_controlled":false,"out_stock_date":null,"out_stock_threshold":null,"inheritable":false,"inbound_stock":null,"stock_on_hold":null,"sold_today":null,"sales_last_days":null,"reserved_stock":null,"customer_returns":null,"warehouse_damage":null,"lost_in_post":null,"other_logs":null,"out_stock_days":null,"lost_sales":null,"has_location":null,"update_date":"2026-05-13T06:26:23","atum_locations":[],"atum_stock_status":"instock","restock_status":false,"low_stock_amount":"","sales_update_date":null,"calc_backorders":null,"aioseo_notices":[],"_links":{"self":[{"href":"https:\/\/ecoshop.ee\/en\/wp-json\/wp\/v2\/product\/339240","targetHints":{"allow":["GET"]}}],"collection":[{"href":"https:\/\/ecoshop.ee\/en\/wp-json\/wp\/v2\/product"}],"about":[{"href":"https:\/\/ecoshop.ee\/en\/wp-json\/wp\/v2\/types\/product"}],"replies":[{"embeddable":true,"href":"https:\/\/ecoshop.ee\/en\/wp-json\/wp\/v2\/comments?post=339240"}],"version-history":[{"count":0,"href":"https:\/\/ecoshop.ee\/en\/wp-json\/wp\/v2\/product\/339240\/revisions"}],"wp:featuredmedia":[{"embeddable":true,"href":"https:\/\/ecoshop.ee\/en\/wp-json\/wp\/v2\/media\/339232"}],"wp:attachment":[{"href":"https:\/\/ecoshop.ee\/en\/wp-json\/wp\/v2\/media?parent=339240"}],"wp:term":[{"taxonomy":"product_brand","embeddable":true,"href":"https:\/\/ecoshop.ee\/en\/wp-json\/wp\/v2\/product_brand?post=339240"},{"taxonomy":"product_cat","embeddable":true,"href":"https:\/\/ecoshop.ee\/en\/wp-json\/wp\/v2\/product_cat?post=339240"},{"taxonomy":"product_tag","embeddable":true,"href":"https:\/\/ecoshop.ee\/en\/wp-json\/wp\/v2\/product_tag?post=339240"}],"curies":[{"name":"wp","href":"https:\/\/api.w.org\/{rel}","templated":true}]}}