{"id":339249,"date":"2026-02-27T21:01:27","date_gmt":"2026-02-27T18:01:27","guid":{"rendered":"https:\/\/ecoshop.ee\/maaratlemata\/puidust-koogi-seinakapp-valge\/"},"modified":"2026-05-14T03:27:44","modified_gmt":"2026-05-14T00:27:44","slug":"wooden-cake-wall-cabinet-white","status":"publish","type":"product","link":"https:\/\/ecoshop.ee\/en\/koogikapid\/puidust-koogi-seinakapp-valge\/","title":{"rendered":"Wooden Kitchen Wall Cabinet White"},"content":{"rendered":"<p>This elegant antique-look wooden kitchen cabinet offers ample storage space for any kitchen and helps you keep your kitchen tidy.<\/p>\n<\/p>\n<p>The cabinet has four drawers and four shelves, which allow you to conveniently store cereals, spices, snacks, canned goods and more. The rods keep your plates and dishes in place. The drawers are easy to open, so you can quickly get to the things you need. It is equipped with hooks for hanging mugs or towels.<\/p>\n<\/p>\n<p>The high-quality wooden cabinet is resistant to humid environments. The white finish is easy to clean with a damp cloth.<\/p>\n<ul>\n<li>Colour: white<\/li>\n<li>Material: MDF and pine wood (frame) + iron (handle and hook)<\/li>\n<li>Overall size: 90.5 x 22.5 x 70.3 cm (L x W x H)<\/li>\n<li>Drawer size: 18 x 12.8 x 12 cm (L x W x H)<\/li>\n<li>Stick diameter: 1 cm<\/li>\n<li>Max load capacity (total): 20 kg<\/li>\n<\/ul>","protected":false},"excerpt":{"rendered":"<p>Elegantne antiikv\u00e4limusega puidust k\u00f6\u00f6gikapp pakub igale k\u00f6\u00f6gile k\u00fcllaldaselt hoiuruumi ning aitab teil k\u00f6\u00f6ki korras hoida. Kapil on neli sahtlit ja neli riiulit,&hellip;<\/p>","protected":false},"featured_media":339241,"comment_status":"open","ping_status":"closed","template":"","meta":{"wprm-recipe-roundup-name":"","wprm-recipe-roundup-description":""},"product_brand":[],"product_cat":[1321],"product_tag":[567,1322,547,540,539],"class_list":{"0":"post-339249","1":"product","2":"type-product","3":"status-publish","4":"has-post-thumbnail","6":"product_cat-koogikapid","7":"product_tag-kapid-ja-hoiustamine","8":"product_tag-koogikapid","9":"product_tag-moobel","10":"product_tag-parcel","11":"product_tag-voodilinad","12":"pa_brand-vidaxl","14":"first","15":"instock","16":"taxable","17":"shipping-taxable","18":"purchasable","19":"product-type-simple"},"supplier_id":null,"supplier_sku":"","barcode":null,"atum_controlled":false,"out_stock_date":null,"out_stock_threshold":null,"inheritable":false,"inbound_stock":null,"stock_on_hold":null,"sold_today":null,"sales_last_days":null,"reserved_stock":null,"customer_returns":null,"warehouse_damage":null,"lost_in_post":null,"other_logs":null,"out_stock_days":null,"lost_sales":null,"has_location":null,"update_date":"2026-05-14T00:27:44","atum_locations":[],"atum_stock_status":"instock","restock_status":false,"low_stock_amount":"","sales_update_date":null,"calc_backorders":null,"aioseo_notices":[],"_links":{"self":[{"href":"https:\/\/ecoshop.ee\/en\/wp-json\/wp\/v2\/product\/339249","targetHints":{"allow":["GET"]}}],"collection":[{"href":"https:\/\/ecoshop.ee\/en\/wp-json\/wp\/v2\/product"}],"about":[{"href":"https:\/\/ecoshop.ee\/en\/wp-json\/wp\/v2\/types\/product"}],"replies":[{"embeddable":true,"href":"https:\/\/ecoshop.ee\/en\/wp-json\/wp\/v2\/comments?post=339249"}],"version-history":[{"count":0,"href":"https:\/\/ecoshop.ee\/en\/wp-json\/wp\/v2\/product\/339249\/revisions"}],"wp:featuredmedia":[{"embeddable":true,"href":"https:\/\/ecoshop.ee\/en\/wp-json\/wp\/v2\/media\/339241"}],"wp:attachment":[{"href":"https:\/\/ecoshop.ee\/en\/wp-json\/wp\/v2\/media?parent=339249"}],"wp:term":[{"taxonomy":"product_brand","embeddable":true,"href":"https:\/\/ecoshop.ee\/en\/wp-json\/wp\/v2\/product_brand?post=339249"},{"taxonomy":"product_cat","embeddable":true,"href":"https:\/\/ecoshop.ee\/en\/wp-json\/wp\/v2\/product_cat?post=339249"},{"taxonomy":"product_tag","embeddable":true,"href":"https:\/\/ecoshop.ee\/en\/wp-json\/wp\/v2\/product_tag?post=339249"}],"curies":[{"name":"wp","href":"https:\/\/api.w.org\/{rel}","templated":true}]}}