{"id":339544,"date":"2026-02-27T21:09:29","date_gmt":"2026-02-27T18:09:29","guid":{"rendered":"https:\/\/ecoshop.ee\/maaratlemata\/veekraan-aeda-alumiinium-95-cm\/"},"modified":"2026-05-12T21:37:31","modified_gmt":"2026-05-12T18:37:31","slug":"garden-water-tap-aluminum-95-cm","status":"publish","type":"product","link":"https:\/\/ecoshop.ee\/en\/muruhooldus\/veekraan-aeda-alumiinium-95-cm\/","title":{"rendered":"Garden Water Tap, Aluminum, 95 Cm"},"content":{"rendered":"<p>A freestanding water tap is a great addition to your garden. With the aluminum water tap, you can easily water flowers and wash your hands in the garden with clean water.<\/p>\n<\/p>\n<p>Irrigation hoses can be attached to the top connection to let water in. 2 Teflon seals are included to create a watertight connection. The column is easy to install using the included accessories.<\/p>\n<\/p>\n<p>Please note that a compatible ground anchor (SKU 45459) can be purchased from our store, which can be used to secure the pole to the ground.<\/p>\n<ul>\n<li>Color: silver<\/li>\n<li>Column material: aluminum<\/li>\n<li>Faucet material: chrome-plated brass with plastic handle<\/li>\n<li>Column dimensions: 7 x 3 x 95 cm (L x W x H)<\/li>\n<li>Base size: 15 x 15 cm (L x W)<\/li>\n<li>With hook for hanging the water hose<\/li>\n<li>Connection: 1\/2\u2033 external thread connection with Gardena adapter<\/li>\n<li>There are no inner tubes.<\/li>\n<li>Includes 2 Teflon seals and installation accessories<\/li>\n<\/ul>","protected":false},"excerpt":{"rendered":"<p>Iseseisev veekraan on suurep\u00e4rane lisa teie aeda. Alumiiniumist veekraani abil saate aias v\u00e4ga lihtsalt puhta veega lilli kasta ja k\u00e4si pesta. Kastmisvoolikud&hellip;<\/p>","protected":false},"featured_media":339536,"comment_status":"open","ping_status":"closed","template":"","meta":{"wprm-recipe-roundup-name":"","wprm-recipe-roundup-description":""},"product_brand":[],"product_cat":[4615],"product_tag":[2127,1885,4777,536,540],"class_list":{"0":"post-339544","1":"product","2":"type-product","3":"status-publish","4":"has-post-thumbnail","6":"product_cat-muruhooldus","7":"product_tag-aed-ja-muru","8":"product_tag-hobedane","9":"product_tag-kastmine-ja-niisutamine","10":"product_tag-kodu-ja-aed","11":"product_tag-parcel","12":"pa_brand-vidaxl","14":"first","15":"instock","16":"taxable","17":"shipping-taxable","18":"purchasable","19":"product-type-simple"},"supplier_id":null,"supplier_sku":"","barcode":null,"atum_controlled":false,"out_stock_date":null,"out_stock_threshold":null,"inheritable":false,"inbound_stock":null,"stock_on_hold":null,"sold_today":null,"sales_last_days":null,"reserved_stock":null,"customer_returns":null,"warehouse_damage":null,"lost_in_post":null,"other_logs":null,"out_stock_days":null,"lost_sales":null,"has_location":null,"update_date":"2026-05-12T18:37:32","atum_locations":[],"atum_stock_status":"instock","restock_status":false,"low_stock_amount":"","sales_update_date":null,"calc_backorders":null,"aioseo_notices":[],"_links":{"self":[{"href":"https:\/\/ecoshop.ee\/en\/wp-json\/wp\/v2\/product\/339544","targetHints":{"allow":["GET"]}}],"collection":[{"href":"https:\/\/ecoshop.ee\/en\/wp-json\/wp\/v2\/product"}],"about":[{"href":"https:\/\/ecoshop.ee\/en\/wp-json\/wp\/v2\/types\/product"}],"replies":[{"embeddable":true,"href":"https:\/\/ecoshop.ee\/en\/wp-json\/wp\/v2\/comments?post=339544"}],"version-history":[{"count":0,"href":"https:\/\/ecoshop.ee\/en\/wp-json\/wp\/v2\/product\/339544\/revisions"}],"wp:featuredmedia":[{"embeddable":true,"href":"https:\/\/ecoshop.ee\/en\/wp-json\/wp\/v2\/media\/339536"}],"wp:attachment":[{"href":"https:\/\/ecoshop.ee\/en\/wp-json\/wp\/v2\/media?parent=339544"}],"wp:term":[{"taxonomy":"product_brand","embeddable":true,"href":"https:\/\/ecoshop.ee\/en\/wp-json\/wp\/v2\/product_brand?post=339544"},{"taxonomy":"product_cat","embeddable":true,"href":"https:\/\/ecoshop.ee\/en\/wp-json\/wp\/v2\/product_cat?post=339544"},{"taxonomy":"product_tag","embeddable":true,"href":"https:\/\/ecoshop.ee\/en\/wp-json\/wp\/v2\/product_tag?post=339544"}],"curies":[{"name":"wp","href":"https:\/\/api.w.org\/{rel}","templated":true}]}}