{"id":339819,"date":"2026-02-27T21:20:57","date_gmt":"2026-02-27T18:20:57","guid":{"rendered":"https:\/\/ecoshop.ee\/maaratlemata\/vihmuti-kastmissusteem-6-tk\/"},"modified":"2026-05-15T21:31:42","modified_gmt":"2026-05-15T18:31:42","slug":"sprinkler-irrigation-system-6-pcs","status":"publish","type":"product","link":"https:\/\/ecoshop.ee\/en\/muruhooldus\/vihmuti-kastmissusteem-6-tk\/","title":{"rendered":"Sprinkler Irrigation System 6 Pcs"},"content":{"rendered":"<p>This high-quality 32 cm high sprinkler will water your lawn or lawn evenly. The sprinkler is fixed into the ground with a stake and has a spray range of up to 20 m.<\/p>\n<\/p>\n<p>Made of high-quality POM material, the sprinkler has a plastic construction that ensures its long life. The set includes 6 sprinklers that can be used together in a large area or individually.<\/p>\n<ul>\n<li>Total height: 32 cm<\/li>\n<li>Pile length: 15.5 cm<\/li>\n<li>Weight: 115 g<\/li>\n<li>Material: POM<\/li>\n<li>Pressure: 0 \u2013 6 bar<\/li>\n<li>Spray range: 20 m<\/li>\n<li>Flow rate: 5.3 L \u2013 13.5 L\/min<\/li>\n<li>Set includes 6 pieces<\/li>\n<\/ul>","protected":false},"excerpt":{"rendered":"<p>See kvaliteetne 32 cm k\u00f5rgune vihmuti kastab teie muru v\u00f5i \u00fchtlaselt. Vihmuti kinnitatakse vaia abil maa sisse ja selle pihustusulatus on kuni&hellip;<\/p>","protected":false},"featured_media":339814,"comment_status":"open","ping_status":"closed","template":"","meta":{"wprm-recipe-roundup-name":"","wprm-recipe-roundup-description":""},"product_brand":[],"product_cat":[4615],"product_tag":[2127,4777,536,540,879,4847],"class_list":{"0":"post-339819","1":"product","2":"type-product","3":"status-publish","4":"has-post-thumbnail","6":"product_cat-muruhooldus","7":"product_tag-aed-ja-muru","8":"product_tag-kastmine-ja-niisutamine","9":"product_tag-kodu-ja-aed","10":"product_tag-parcel","11":"product_tag-roheline","12":"product_tag-vihmutid-ja-vihmutipead","13":"pa_brand-vidaxl","15":"first","16":"instock","17":"taxable","18":"shipping-taxable","19":"purchasable","20":"product-type-simple"},"supplier_id":null,"supplier_sku":"","barcode":null,"atum_controlled":false,"out_stock_date":null,"out_stock_threshold":null,"inheritable":false,"inbound_stock":null,"stock_on_hold":0,"sold_today":0,"sales_last_days":0,"reserved_stock":null,"customer_returns":null,"warehouse_damage":null,"lost_in_post":null,"other_logs":null,"out_stock_days":0,"lost_sales":0,"has_location":null,"update_date":"2026-05-15T18:31:42","atum_locations":[],"atum_stock_status":"instock","restock_status":false,"low_stock_amount":"","sales_update_date":"2026-03-07T01:12:06","calc_backorders":null,"aioseo_notices":[],"_links":{"self":[{"href":"https:\/\/ecoshop.ee\/en\/wp-json\/wp\/v2\/product\/339819","targetHints":{"allow":["GET"]}}],"collection":[{"href":"https:\/\/ecoshop.ee\/en\/wp-json\/wp\/v2\/product"}],"about":[{"href":"https:\/\/ecoshop.ee\/en\/wp-json\/wp\/v2\/types\/product"}],"replies":[{"embeddable":true,"href":"https:\/\/ecoshop.ee\/en\/wp-json\/wp\/v2\/comments?post=339819"}],"version-history":[{"count":0,"href":"https:\/\/ecoshop.ee\/en\/wp-json\/wp\/v2\/product\/339819\/revisions"}],"wp:featuredmedia":[{"embeddable":true,"href":"https:\/\/ecoshop.ee\/en\/wp-json\/wp\/v2\/media\/339814"}],"wp:attachment":[{"href":"https:\/\/ecoshop.ee\/en\/wp-json\/wp\/v2\/media?parent=339819"}],"wp:term":[{"taxonomy":"product_brand","embeddable":true,"href":"https:\/\/ecoshop.ee\/en\/wp-json\/wp\/v2\/product_brand?post=339819"},{"taxonomy":"product_cat","embeddable":true,"href":"https:\/\/ecoshop.ee\/en\/wp-json\/wp\/v2\/product_cat?post=339819"},{"taxonomy":"product_tag","embeddable":true,"href":"https:\/\/ecoshop.ee\/en\/wp-json\/wp\/v2\/product_tag?post=339819"}],"curies":[{"name":"wp","href":"https:\/\/api.w.org\/{rel}","templated":true}]}}