{"id":339835,"date":"2026-02-27T21:21:16","date_gmt":"2026-02-27T18:21:16","guid":{"rendered":"https:\/\/ecoshop.ee\/maaratlemata\/poorlev-vihmuti-ratastega-punane-teras\/"},"modified":"2026-05-13T21:25:17","modified_gmt":"2026-05-13T18:25:17","slug":"red-steel-rotating-sprinkler-with-wheels","status":"publish","type":"product","link":"https:\/\/ecoshop.ee\/en\/muruhooldus\/poorlev-vihmuti-ratastega-punane-teras\/","title":{"rendered":"Rotating Sprinkler, With Wheels, Red, Steel"},"content":{"rendered":"<p>A user-friendly design, the rotating wheel sprinkler is the perfect tool for homeowners who want to keep their lawn, yard or garden lush and vibrant.<\/p>\n<\/p>\n<ul>\n<li>360\u00b0 Rotating Spray: The butterfly-shaped brass head with stainless steel bearings allows for a 360\u00b0 water spray. It covers a circular area with a diameter of 8.5 meters when used at a water pressure of 2 bar.<\/li>\n<li>Easy to move: Thanks to the exceptional balance of the tires and base, the garden sprinkler can be effortlessly relocated without worrying about it falling over.<\/li>\n<li>Strong and stable construction: The sprinkler is made of durable powder-coated steel, making it strong, stable and durable.<\/li>\n<li>Save time and water: The garden sprinkler has a universal hose connection that can be set up in seconds. It also includes water-saving technology to ensure even water distribution without overspray.<\/li>\n<\/ul>\n<ul>\n<li>Color: red<\/li>\n<li>Material: powder-coated steel, brass, plastic<\/li>\n<li>Dimensions: 50 x 27 x 23 cm (L x W x H)<\/li>\n<li>Wheel dimensions: 14.5 x 4 cm (diameter x L)<\/li>\n<li>Covers an area up to 8.5 m in diameter<\/li>\n<li>Working pressure: 2 bar<\/li>\n<li>Universal hose connection<\/li>\n<li>Assembly required: yes<\/li>\n<\/ul>","protected":false},"excerpt":{"rendered":"<p>Kasutajas\u00f5braliku disainiga p\u00f6\u00f6rlev ratastega vihmuti ideaalne t\u00f6\u00f6riist majaomanikele, kes soovivad hoida oma muru, hoovi v\u00f5i aeda lopsaka ja elavana. 360\u00b0 p\u00f6\u00f6rlev pihustus:&hellip;<\/p>","protected":false},"featured_media":339827,"comment_status":"open","ping_status":"closed","template":"","meta":{"wprm-recipe-roundup-name":"","wprm-recipe-roundup-description":""},"product_brand":[],"product_cat":[4615],"product_tag":[2127,4777,536,540,2329,4852],"class_list":{"0":"post-339835","1":"product","2":"type-product","3":"status-publish","4":"has-post-thumbnail","6":"product_cat-muruhooldus","7":"product_tag-aed-ja-muru","8":"product_tag-kastmine-ja-niisutamine","9":"product_tag-kodu-ja-aed","10":"product_tag-parcel","11":"product_tag-punane","12":"product_tag-vihmutisusteemid","13":"pa_brand-vidaxl","15":"first","16":"instock","17":"taxable","18":"shipping-taxable","19":"purchasable","20":"product-type-simple"},"supplier_id":null,"supplier_sku":"","barcode":null,"atum_controlled":false,"out_stock_date":null,"out_stock_threshold":null,"inheritable":false,"inbound_stock":null,"stock_on_hold":0,"sold_today":0,"sales_last_days":0,"reserved_stock":null,"customer_returns":null,"warehouse_damage":null,"lost_in_post":null,"other_logs":null,"out_stock_days":0,"lost_sales":0,"has_location":null,"update_date":"2026-05-13T18:25:17","atum_locations":[],"atum_stock_status":"instock","restock_status":false,"low_stock_amount":"","sales_update_date":"2026-03-07T01:11:54","calc_backorders":null,"aioseo_notices":[],"_links":{"self":[{"href":"https:\/\/ecoshop.ee\/en\/wp-json\/wp\/v2\/product\/339835","targetHints":{"allow":["GET"]}}],"collection":[{"href":"https:\/\/ecoshop.ee\/en\/wp-json\/wp\/v2\/product"}],"about":[{"href":"https:\/\/ecoshop.ee\/en\/wp-json\/wp\/v2\/types\/product"}],"replies":[{"embeddable":true,"href":"https:\/\/ecoshop.ee\/en\/wp-json\/wp\/v2\/comments?post=339835"}],"version-history":[{"count":0,"href":"https:\/\/ecoshop.ee\/en\/wp-json\/wp\/v2\/product\/339835\/revisions"}],"wp:featuredmedia":[{"embeddable":true,"href":"https:\/\/ecoshop.ee\/en\/wp-json\/wp\/v2\/media\/339827"}],"wp:attachment":[{"href":"https:\/\/ecoshop.ee\/en\/wp-json\/wp\/v2\/media?parent=339835"}],"wp:term":[{"taxonomy":"product_brand","embeddable":true,"href":"https:\/\/ecoshop.ee\/en\/wp-json\/wp\/v2\/product_brand?post=339835"},{"taxonomy":"product_cat","embeddable":true,"href":"https:\/\/ecoshop.ee\/en\/wp-json\/wp\/v2\/product_cat?post=339835"},{"taxonomy":"product_tag","embeddable":true,"href":"https:\/\/ecoshop.ee\/en\/wp-json\/wp\/v2\/product_tag?post=339835"}],"curies":[{"name":"wp","href":"https:\/\/api.w.org\/{rel}","templated":true}]}}