{"id":339988,"date":"2026-02-27T21:24:41","date_gmt":"2026-02-27T18:24:41","guid":{"rendered":"https:\/\/ecoshop.ee\/maaratlemata\/ripp-munatooli-alusega-antratsiithall-teras\/"},"modified":"2026-04-19T15:35:40","modified_gmt":"2026-04-19T12:35:40","slug":"hanging-egg-chair-with-base-anthracite-grey-steel","status":"publish","type":"product","link":"https:\/\/ecoshop.ee\/en\/aiakiiged\/ripp-munatooli-alusega-antratsiithall-teras\/","title":{"rendered":"Hanging Stool with Base, Anthracite Grey, Steel"},"content":{"rendered":"<p>Sit back and enjoy some relaxing time in your living room with this exciting hanging egg chair.<\/p>\n<\/p>\n<ul>\n<li>Strong and stable: The hammock chair frame is made of steel. The steel frame is excellent in its strength, durability and corrosion resistance, making it an ideal choice for a variety of applications, including furniture manufacturing and construction.<\/li>\n<li>Swing design: You can gently swing back and forth on this garden egg chair to spend your leisure time.<\/li>\n<li>Comfortable seating position: The rocking chair&#039;s thick padding and removable cushion provide ultimate seating comfort.<\/li>\n<li>Removable and washable cover: The pillow has a removable cover that is easy to wash and maintain.<\/li>\n<li>Stylish Design: This chic three-strap egg chair features clean, simple lines and a minimalist look that will add a timeless modern style to your current interior design.<\/li>\n<\/ul>\n<p>Good to know:<\/p>\n<ul>\n<li>To keep your outdoor furniture looking beautiful, we recommend protecting it with a waterproof cover.<\/li>\n<\/ul>\n<ul>\n<li><strong>Hanging egg chair:<\/strong><\/li>\n<li>Color: Anthracite gray, black<\/li>\n<li>Material: Steel, polypropylene<\/li>\n<li>Overall dimensions: 104 x 100 x 197 cm (L x W x H)<\/li>\n<li>Basket dimensions: 86 x 50 x 107 cm (W x D x H)<\/li>\n<li>Maximum Maximum load capacity 110 kg per seat<\/li>\n<li><strong>Pillow:<\/strong><\/li>\n<li>Cushion color: Anthracite gray<\/li>\n<li>Cushion cover material: Fabric (100% polyester)<\/li>\n<li>Pillow filling material: PP cotton<\/li>\n<li>Seat cushion dimensions: 105 x 78 x 12 cm (L x W x H)<\/li>\n<li>Assembly required: Yes<\/li>\n<\/ul>","protected":false},"excerpt":{"rendered":"<p>Istu maha ja naudi l\u00f5\u00f5gastavat aega oma elutoas selle p\u00f5neva rippuva munatooliga. Tugev ja stabiilne: v\u00f5rkkiigetooli raam on valmistatud terasest. Terasraam on&hellip;<\/p>","protected":false},"featured_media":339980,"comment_status":"open","ping_status":"closed","template":"","meta":{"wprm-recipe-roundup-name":"","wprm-recipe-roundup-description":""},"product_brand":[],"product_cat":[4616],"product_tag":[2127,4868,561,536,4867,540],"class_list":{"0":"post-339988","1":"product","2":"type-product","3":"status-publish","4":"has-post-thumbnail","6":"product_cat-aiakiiged","7":"product_tag-aed-ja-muru","8":"product_tag-aiakiiged","9":"product_tag-antratsiithall","10":"product_tag-kodu-ja-aed","11":"product_tag-ouetegevused","12":"product_tag-parcel","13":"pa_brand-vidaxl","15":"first","16":"instock","17":"taxable","18":"shipping-taxable","19":"purchasable","20":"product-type-simple"},"supplier_id":null,"supplier_sku":"","barcode":null,"atum_controlled":false,"out_stock_date":null,"out_stock_threshold":null,"inheritable":false,"inbound_stock":null,"stock_on_hold":null,"sold_today":null,"sales_last_days":null,"reserved_stock":null,"customer_returns":null,"warehouse_damage":null,"lost_in_post":null,"other_logs":null,"out_stock_days":null,"lost_sales":null,"has_location":null,"update_date":"2026-04-19T12:35:41","atum_locations":[],"atum_stock_status":"instock","restock_status":false,"low_stock_amount":"","sales_update_date":null,"calc_backorders":null,"aioseo_notices":[],"_links":{"self":[{"href":"https:\/\/ecoshop.ee\/en\/wp-json\/wp\/v2\/product\/339988","targetHints":{"allow":["GET"]}}],"collection":[{"href":"https:\/\/ecoshop.ee\/en\/wp-json\/wp\/v2\/product"}],"about":[{"href":"https:\/\/ecoshop.ee\/en\/wp-json\/wp\/v2\/types\/product"}],"replies":[{"embeddable":true,"href":"https:\/\/ecoshop.ee\/en\/wp-json\/wp\/v2\/comments?post=339988"}],"version-history":[{"count":0,"href":"https:\/\/ecoshop.ee\/en\/wp-json\/wp\/v2\/product\/339988\/revisions"}],"wp:featuredmedia":[{"embeddable":true,"href":"https:\/\/ecoshop.ee\/en\/wp-json\/wp\/v2\/media\/339980"}],"wp:attachment":[{"href":"https:\/\/ecoshop.ee\/en\/wp-json\/wp\/v2\/media?parent=339988"}],"wp:term":[{"taxonomy":"product_brand","embeddable":true,"href":"https:\/\/ecoshop.ee\/en\/wp-json\/wp\/v2\/product_brand?post=339988"},{"taxonomy":"product_cat","embeddable":true,"href":"https:\/\/ecoshop.ee\/en\/wp-json\/wp\/v2\/product_cat?post=339988"},{"taxonomy":"product_tag","embeddable":true,"href":"https:\/\/ecoshop.ee\/en\/wp-json\/wp\/v2\/product_tag?post=339988"}],"curies":[{"name":"wp","href":"https:\/\/api.w.org\/{rel}","templated":true}]}}