{"id":340048,"date":"2026-02-27T21:25:54","date_gmt":"2026-02-27T18:25:54","guid":{"rendered":"https:\/\/ecoshop.ee\/maaratlemata\/aiakiik-tiikpuu-viimistlusega-kuusepuit\/"},"modified":"2026-05-12T22:46:20","modified_gmt":"2026-05-12T19:46:20","slug":"garden-swing-spruce-wood-with-teak-finish","status":"publish","type":"product","link":"https:\/\/ecoshop.ee\/en\/aiakiiged\/aiakiik-tiikpuu-viimistlusega-kuusepuit\/","title":{"rendered":"Garden Swing, Spruce Wood with Teak Finish"},"content":{"rendered":"<p>A wooden garden swing is the perfect choice if you want to relax in an outdoor space.<\/p>\n<\/p>\n<ul>\n<li>Spruce wood frame: The hanging swing is made of spruce wood. Spruce wood is a lightweight, stable, rot-resistant softwood. It has a fine, even texture and a uniformly straight grain. The teak finish gives it a dark wood look.<\/li>\n<li>Ergonomic backrest and armrests: The backrest and armrests of the garden swing are ergonomically designed, providing you with optimal comfort while sitting.<\/li>\n<li>Soothing rocking motion: You can relax while sitting comfortably while enjoying the soothing gentle rocking motion.<\/li>\n<\/ul>\n<p>Good to know:<\/p>\n<ul>\n<li>Wood is a natural product and may have imperfections.<\/li>\n<\/ul>\n<ul>\n<li>Material: spruce wood with teak finish<\/li>\n<li>Frame dimensions: 176.5 x 101 x 169.5 cm (W x D x H)<\/li>\n<li>Swing dimensions: 126 x 63 x 92 cm (W x D x H)<\/li>\n<li>Chains included<\/li>\n<li>Curved upper bar and legs<\/li>\n<li>Maximum load capacity: 110 kg<\/li>\n<li>Assembly required: yes<\/li>\n<li><strong>The package includes:<\/strong><\/li>\n<li>1 x frame<\/li>\n<li>1 x rocking chair<\/li>\n<\/ul>","protected":false},"excerpt":{"rendered":"<p>Puidust aiakiik on t\u00e4iuslik valik, kui soovite v\u00e4liruumis puhata. Kuusepuidust raam: ripp-kiik on valmistatud kuusepuidust. Kuusepuit on kerge kaaluga, stabiilne, k\u00f5dunemiskindel okaspuu.&hellip;<\/p>","protected":false},"featured_media":340041,"comment_status":"open","ping_status":"closed","template":"","meta":{"wprm-recipe-roundup-name":"","wprm-recipe-roundup-description":""},"product_brand":[],"product_cat":[4616],"product_tag":[2127,4868,536,554,4867,540],"class_list":{"0":"post-340048","1":"product","2":"type-product","3":"status-publish","4":"has-post-thumbnail","6":"product_cat-aiakiiged","7":"product_tag-aed-ja-muru","8":"product_tag-aiakiiged","9":"product_tag-kodu-ja-aed","10":"product_tag-ouemoobli-komplektid","11":"product_tag-ouetegevused","12":"product_tag-parcel","13":"pa_brand-vidaxl","15":"first","16":"instock","17":"taxable","18":"shipping-taxable","19":"purchasable","20":"product-type-simple"},"supplier_id":null,"supplier_sku":"","barcode":null,"atum_controlled":false,"out_stock_date":null,"out_stock_threshold":null,"inheritable":false,"inbound_stock":null,"stock_on_hold":null,"sold_today":null,"sales_last_days":null,"reserved_stock":null,"customer_returns":null,"warehouse_damage":null,"lost_in_post":null,"other_logs":null,"out_stock_days":null,"lost_sales":null,"has_location":null,"update_date":"2026-05-12T19:46:21","atum_locations":[],"atum_stock_status":"instock","restock_status":false,"low_stock_amount":"","sales_update_date":null,"calc_backorders":null,"aioseo_notices":[],"_links":{"self":[{"href":"https:\/\/ecoshop.ee\/en\/wp-json\/wp\/v2\/product\/340048","targetHints":{"allow":["GET"]}}],"collection":[{"href":"https:\/\/ecoshop.ee\/en\/wp-json\/wp\/v2\/product"}],"about":[{"href":"https:\/\/ecoshop.ee\/en\/wp-json\/wp\/v2\/types\/product"}],"replies":[{"embeddable":true,"href":"https:\/\/ecoshop.ee\/en\/wp-json\/wp\/v2\/comments?post=340048"}],"version-history":[{"count":0,"href":"https:\/\/ecoshop.ee\/en\/wp-json\/wp\/v2\/product\/340048\/revisions"}],"wp:featuredmedia":[{"embeddable":true,"href":"https:\/\/ecoshop.ee\/en\/wp-json\/wp\/v2\/media\/340041"}],"wp:attachment":[{"href":"https:\/\/ecoshop.ee\/en\/wp-json\/wp\/v2\/media?parent=340048"}],"wp:term":[{"taxonomy":"product_brand","embeddable":true,"href":"https:\/\/ecoshop.ee\/en\/wp-json\/wp\/v2\/product_brand?post=340048"},{"taxonomy":"product_cat","embeddable":true,"href":"https:\/\/ecoshop.ee\/en\/wp-json\/wp\/v2\/product_cat?post=340048"},{"taxonomy":"product_tag","embeddable":true,"href":"https:\/\/ecoshop.ee\/en\/wp-json\/wp\/v2\/product_tag?post=340048"}],"curies":[{"name":"wp","href":"https:\/\/api.w.org\/{rel}","templated":true}]}}