{"id":340124,"date":"2026-02-27T21:27:40","date_gmt":"2026-02-27T18:27:40","guid":{"rendered":"https:\/\/ecoshop.ee\/maaratlemata\/aiakiik-immutatud-mannipuidust-205-x-150-x-157-cm\/"},"modified":"2026-04-15T16:29:24","modified_gmt":"2026-04-15T13:29:24","slug":"garden-swing-made-of-impregnated-pine-wood-205-x-150-x-157-cm","status":"publish","type":"product","link":"https:\/\/ecoshop.ee\/en\/aiakiiged\/aiakiik-immutatud-mannipuidust-205-x-150-x-157-cm\/","title":{"rendered":"Garden Swing, Impregnated Pinewood, 205 x 150 x 157 Cm"},"content":{"rendered":"<p>A wooden garden swing will become the focal point of your garden or other outdoor area. It is perfect for relaxing in the garden or on the terrace or chatting with a friend.<\/p>\n<\/p>\n<p>It is made of high-quality impregnated pinewood, which is durable, weather-resistant and rot-resistant. You will definitely enjoy swinging in the gentle breeze on the garden swing. The garden swing is easy to assemble.<\/p>\n<\/p>\n<p>Please note that wood is a natural product and may have defects.<\/p>\n<ul>\n<li>Color: natural<\/li>\n<li>Material: impregnated pine wood<\/li>\n<li>Dimensions: 205 x 150 x 157 cm (W x D x H)<\/li>\n<li>Seat width: 150 cm<\/li>\n<li>Seat depth: 55 cm<\/li>\n<li>Suitable for the yard<\/li>\n<\/ul>","protected":false},"excerpt":{"rendered":"<p>Puidust aiakiigest saab teie aia v\u00f5i muu \u00f5ueala keskpunkt. See sobib h\u00e4sti aias v\u00f5i terrassil l\u00f5\u00f5gastumiseks v\u00f5i s\u00f5braga vestlemiseks. See on valmistatud&hellip;<\/p>","protected":false},"featured_media":340119,"comment_status":"open","ping_status":"closed","template":"","meta":{"wprm-recipe-roundup-name":"","wprm-recipe-roundup-description":""},"product_brand":[],"product_cat":[4616],"product_tag":[2127,4868,536,554,4867,955],"class_list":{"0":"post-340124","1":"product","2":"type-product","3":"status-publish","4":"has-post-thumbnail","6":"product_cat-aiakiiged","7":"product_tag-aed-ja-muru","8":"product_tag-aiakiiged","9":"product_tag-kodu-ja-aed","10":"product_tag-ouemoobli-komplektid","11":"product_tag-ouetegevused","12":"product_tag-pallet","13":"pa_brand-vidaxl","15":"first","16":"instock","17":"taxable","18":"shipping-taxable","19":"purchasable","20":"product-type-simple"},"supplier_id":null,"supplier_sku":"","barcode":null,"atum_controlled":false,"out_stock_date":null,"out_stock_threshold":null,"inheritable":false,"inbound_stock":null,"stock_on_hold":null,"sold_today":null,"sales_last_days":null,"reserved_stock":null,"customer_returns":null,"warehouse_damage":null,"lost_in_post":null,"other_logs":null,"out_stock_days":null,"lost_sales":null,"has_location":null,"update_date":"2026-04-15T13:29:24","atum_locations":[],"atum_stock_status":"instock","restock_status":false,"low_stock_amount":"","sales_update_date":null,"calc_backorders":null,"aioseo_notices":[],"_links":{"self":[{"href":"https:\/\/ecoshop.ee\/en\/wp-json\/wp\/v2\/product\/340124","targetHints":{"allow":["GET"]}}],"collection":[{"href":"https:\/\/ecoshop.ee\/en\/wp-json\/wp\/v2\/product"}],"about":[{"href":"https:\/\/ecoshop.ee\/en\/wp-json\/wp\/v2\/types\/product"}],"replies":[{"embeddable":true,"href":"https:\/\/ecoshop.ee\/en\/wp-json\/wp\/v2\/comments?post=340124"}],"version-history":[{"count":0,"href":"https:\/\/ecoshop.ee\/en\/wp-json\/wp\/v2\/product\/340124\/revisions"}],"wp:featuredmedia":[{"embeddable":true,"href":"https:\/\/ecoshop.ee\/en\/wp-json\/wp\/v2\/media\/340119"}],"wp:attachment":[{"href":"https:\/\/ecoshop.ee\/en\/wp-json\/wp\/v2\/media?parent=340124"}],"wp:term":[{"taxonomy":"product_brand","embeddable":true,"href":"https:\/\/ecoshop.ee\/en\/wp-json\/wp\/v2\/product_brand?post=340124"},{"taxonomy":"product_cat","embeddable":true,"href":"https:\/\/ecoshop.ee\/en\/wp-json\/wp\/v2\/product_cat?post=340124"},{"taxonomy":"product_tag","embeddable":true,"href":"https:\/\/ecoshop.ee\/en\/wp-json\/wp\/v2\/product_tag?post=340124"}],"curies":[{"name":"wp","href":"https:\/\/api.w.org\/{rel}","templated":true}]}}