{"id":340161,"date":"2026-02-27T21:28:23","date_gmt":"2026-02-27T18:28:23","guid":{"rendered":"https:\/\/ecoshop.ee\/maaratlemata\/aiakiik-174-cm-tiikpuu\/"},"modified":"2026-05-15T04:13:14","modified_gmt":"2026-05-15T01:13:14","slug":"garden-swing-174-cm-teak","status":"publish","type":"product","link":"https:\/\/ecoshop.ee\/en\/aiakiiged\/aiakiik-174-cm-tiikpuu\/","title":{"rendered":"Garden Swing, 174 Cm, Teak"},"content":{"rendered":"<p>This solid wood garden swing will create a focal point for your garden or patio. It&#039;s the perfect place to relax or enjoy time with a friend.<\/p>\n<\/p>\n<p>Made of durable teak, this piece of furniture has been kiln-dried and finely sanded to give it an extra-smooth finish. Teak is known for its exceptional strength and weather resistance, making it much more suitable for garden furniture than any other wood. Teak is the perfect choice if you want to buy long-lasting garden furniture. The weather-resistant canopy with adjustable roof angle provides you with pleasant shade while you relax. Enjoy the sun and the gentle breeze on the garden swing.<\/p>\n<ul>\n<li>Material: Finely sanded teak with a water-based finish<\/li>\n<li>Dimensions: 174 x 105 x 171 cm (W x D x H)<\/li>\n<li>Bench length: 114 cm<\/li>\n<li>Seat width: 112 cm<\/li>\n<li>Seat depth: 45 cm<\/li>\n<li>Seat height from the ground: 44 cm<\/li>\n<li>With adjustable roof angle<\/li>\n<li>Assembly required: yes<\/li>\n<\/ul>","protected":false},"excerpt":{"rendered":"<p>T\u00e4ispuidust aiakiik on loob teie aiale v\u00f5i \u00f5uealale keskpunkti. See on ideaalne koht l\u00f5\u00f5gastumiseks v\u00f5i s\u00f5braga nautimiseks. Vastupidavast tiikpuust valmistatud m\u00f6\u00f6bliese on&hellip;<\/p>","protected":false},"featured_media":340152,"comment_status":"open","ping_status":"closed","template":"","meta":{"wprm-recipe-roundup-name":"","wprm-recipe-roundup-description":""},"product_brand":[],"product_cat":[4616],"product_tag":[2127,4868,536,554,4867,540],"class_list":{"0":"post-340161","1":"product","2":"type-product","3":"status-publish","4":"has-post-thumbnail","6":"product_cat-aiakiiged","7":"product_tag-aed-ja-muru","8":"product_tag-aiakiiged","9":"product_tag-kodu-ja-aed","10":"product_tag-ouemoobli-komplektid","11":"product_tag-ouetegevused","12":"product_tag-parcel","13":"pa_brand-vidaxl","15":"first","16":"outofstock","17":"taxable","18":"shipping-taxable","19":"purchasable","20":"product-type-simple"},"supplier_id":null,"supplier_sku":"","barcode":null,"atum_controlled":false,"out_stock_date":null,"out_stock_threshold":null,"inheritable":false,"inbound_stock":null,"stock_on_hold":null,"sold_today":null,"sales_last_days":null,"reserved_stock":null,"customer_returns":null,"warehouse_damage":null,"lost_in_post":null,"other_logs":null,"out_stock_days":null,"lost_sales":null,"has_location":null,"update_date":"2026-05-15T01:13:14","atum_locations":[],"atum_stock_status":"outofstock","restock_status":false,"low_stock_amount":"","sales_update_date":null,"calc_backorders":null,"aioseo_notices":[],"_links":{"self":[{"href":"https:\/\/ecoshop.ee\/en\/wp-json\/wp\/v2\/product\/340161","targetHints":{"allow":["GET"]}}],"collection":[{"href":"https:\/\/ecoshop.ee\/en\/wp-json\/wp\/v2\/product"}],"about":[{"href":"https:\/\/ecoshop.ee\/en\/wp-json\/wp\/v2\/types\/product"}],"replies":[{"embeddable":true,"href":"https:\/\/ecoshop.ee\/en\/wp-json\/wp\/v2\/comments?post=340161"}],"version-history":[{"count":0,"href":"https:\/\/ecoshop.ee\/en\/wp-json\/wp\/v2\/product\/340161\/revisions"}],"wp:featuredmedia":[{"embeddable":true,"href":"https:\/\/ecoshop.ee\/en\/wp-json\/wp\/v2\/media\/340152"}],"wp:attachment":[{"href":"https:\/\/ecoshop.ee\/en\/wp-json\/wp\/v2\/media?parent=340161"}],"wp:term":[{"taxonomy":"product_brand","embeddable":true,"href":"https:\/\/ecoshop.ee\/en\/wp-json\/wp\/v2\/product_brand?post=340161"},{"taxonomy":"product_cat","embeddable":true,"href":"https:\/\/ecoshop.ee\/en\/wp-json\/wp\/v2\/product_cat?post=340161"},{"taxonomy":"product_tag","embeddable":true,"href":"https:\/\/ecoshop.ee\/en\/wp-json\/wp\/v2\/product_tag?post=340161"}],"curies":[{"name":"wp","href":"https:\/\/api.w.org\/{rel}","templated":true}]}}