{"id":340402,"date":"2026-02-27T21:34:06","date_gmt":"2026-02-27T18:34:06","guid":{"rendered":"https:\/\/ecoshop.ee\/maaratlemata\/ratikuredel-5-astmega-tiikpuu-45-x-150-cm-naturaalne\/"},"modified":"2026-05-10T03:26:55","modified_gmt":"2026-05-10T00:26:55","slug":"ratchet-ladder-5-steps-teak-45-x-150-cm-natural","status":"publish","type":"product","link":"https:\/\/ecoshop.ee\/en\/kateratiku-nagid\/ratikuredel-5-astmega-tiikpuu-45-x-150-cm-naturaalne\/","title":{"rendered":"Towel Rack 5 Tiers, Teak, 45 x 150 Cm, Natural"},"content":{"rendered":"<p>The teak towel ladder can be used as a towel holder in the bathroom or as a home decoration.<\/p>\n<\/p>\n<p>Made of high-quality teak wood, this towel ladder is strong and will last for years. It is strong enough to be used for general household chores. The ladder is free-standing and unattached, so you can simply lean it against the wall and hang clean or used towels on the ladder rungs, where they are easy to reach for drying.<\/p>\n<ul>\n<li>Color: natural<\/li>\n<li>Material: teak wood<\/li>\n<li>Size: 45 x 150 (W x H)<\/li>\n<li>5 steps<\/li>\n<li>Handmade<\/li>\n<\/ul>","protected":false},"excerpt":{"rendered":"<p>Tiikpuust r\u00e4tikuredelit saab kasutada vannitoas k\u00e4ter\u00e4tihoidjana v\u00f5i kodukaunistusena. Kvaliteetsest tiikpuust valmistatud r\u00e4tikuredel on tugev ja peab aastaid vastu. See on piisavalt tugev&hellip;<\/p>","protected":false},"featured_media":340400,"comment_status":"open","ping_status":"closed","template":"","meta":{"wprm-recipe-roundup-name":"","wprm-recipe-roundup-description":""},"product_brand":[],"product_cat":[4617],"product_tag":[1035,536,554,540,1034],"class_list":{"0":"post-340402","1":"product","2":"type-product","3":"status-publish","4":"has-post-thumbnail","6":"product_cat-kateratiku-nagid","7":"product_tag-kateratiku-nagid","8":"product_tag-kodu-ja-aed","9":"product_tag-ouemoobli-komplektid","10":"product_tag-parcel","11":"product_tag-vannitoa-tarvikud","12":"pa_brand-vidaxl","14":"first","15":"instock","16":"taxable","17":"shipping-taxable","18":"purchasable","19":"product-type-simple"},"supplier_id":null,"supplier_sku":"","barcode":null,"atum_controlled":false,"out_stock_date":null,"out_stock_threshold":null,"inheritable":false,"inbound_stock":null,"stock_on_hold":null,"sold_today":null,"sales_last_days":null,"reserved_stock":null,"customer_returns":null,"warehouse_damage":null,"lost_in_post":null,"other_logs":null,"out_stock_days":null,"lost_sales":null,"has_location":null,"update_date":"2026-05-10T00:26:56","atum_locations":[],"atum_stock_status":"instock","restock_status":false,"low_stock_amount":"","sales_update_date":null,"calc_backorders":null,"aioseo_notices":[],"_links":{"self":[{"href":"https:\/\/ecoshop.ee\/en\/wp-json\/wp\/v2\/product\/340402","targetHints":{"allow":["GET"]}}],"collection":[{"href":"https:\/\/ecoshop.ee\/en\/wp-json\/wp\/v2\/product"}],"about":[{"href":"https:\/\/ecoshop.ee\/en\/wp-json\/wp\/v2\/types\/product"}],"replies":[{"embeddable":true,"href":"https:\/\/ecoshop.ee\/en\/wp-json\/wp\/v2\/comments?post=340402"}],"version-history":[{"count":0,"href":"https:\/\/ecoshop.ee\/en\/wp-json\/wp\/v2\/product\/340402\/revisions"}],"wp:featuredmedia":[{"embeddable":true,"href":"https:\/\/ecoshop.ee\/en\/wp-json\/wp\/v2\/media\/340400"}],"wp:attachment":[{"href":"https:\/\/ecoshop.ee\/en\/wp-json\/wp\/v2\/media?parent=340402"}],"wp:term":[{"taxonomy":"product_brand","embeddable":true,"href":"https:\/\/ecoshop.ee\/en\/wp-json\/wp\/v2\/product_brand?post=340402"},{"taxonomy":"product_cat","embeddable":true,"href":"https:\/\/ecoshop.ee\/en\/wp-json\/wp\/v2\/product_cat?post=340402"},{"taxonomy":"product_tag","embeddable":true,"href":"https:\/\/ecoshop.ee\/en\/wp-json\/wp\/v2\/product_tag?post=340402"}],"curies":[{"name":"wp","href":"https:\/\/api.w.org\/{rel}","templated":true}]}}