{"id":340438,"date":"2026-02-27T21:34:55","date_gmt":"2026-02-27T18:34:55","guid":{"rendered":"https:\/\/ecoshop.ee\/maaratlemata\/ratikuriiul-60-x-255-x-49-cm-pahkel\/"},"modified":"2026-05-15T15:20:38","modified_gmt":"2026-05-15T12:20:38","slug":"rack-shelf-60-x-255-x-49-cm","status":"publish","type":"product","link":"https:\/\/ecoshop.ee\/en\/kateratiku-nagid\/ratikuriiul-60-x-255-x-49-cm-pahkel\/","title":{"rendered":"Towel Rack, 60 x 25.5 x 49 Cm, Walnut"},"content":{"rendered":"<p>Add a rustic look and maximize space in your bathroom with this wooden towel rack!<\/p>\n<\/p>\n<ul>\n<li>Walnut wood: Walnut wood is a dense and durable wood that is very wear-resistant and known for its distinctive color and beautiful patterns.<\/li>\n<li>Great storage solution: The towel rack with 3 rods and a shelf provides ample space for storing towels and toiletries, helping to keep your bathroom tidy.<\/li>\n<li>Curved design: The practical towel rack with three curved rods impresses with its natural charm and ensures good ventilation and cleanliness.<\/li>\n<\/ul>\n<p>Note.<\/p>\n<ul>\n<li>Each product comes with assembly instructions for easy assembly.<\/li>\n<li>Wall screws and wall plugs are not included. Use screws and wall plugs that are suitable for your walls. If you are unsure, consult a professional. Follow each step of the instructions carefully.<\/li>\n<\/ul>\n<ul>\n<li><span style=\"font-size: 13.12px\">Material: walnut wood with oil finish<\/span><\/li>\n<li><span style=\"font-size: 13.12px\">Dimensions: 60 x 25.5 x 49 cm (L x W x H)<\/span><\/li>\n<\/ul>","protected":false},"excerpt":{"rendered":"<p>Lisage maal\u00e4hedast v\u00e4ljan\u00e4gemist ja maksimeerige oma vannitoas ruumi selle puidust r\u00e4tikuriiuliga! P\u00e4hklipuit: p\u00e4hklipuit on tihke ja vastupidav puit, mis on v\u00e4ga kulumiskindel&hellip;<\/p>","protected":false},"featured_media":340432,"comment_status":"open","ping_status":"closed","template":"","meta":{"wprm-recipe-roundup-name":"","wprm-recipe-roundup-description":""},"product_brand":[],"product_cat":[4617],"product_tag":[1035,536,554,540,1034],"class_list":{"0":"post-340438","1":"product","2":"type-product","3":"status-publish","4":"has-post-thumbnail","6":"product_cat-kateratiku-nagid","7":"product_tag-kateratiku-nagid","8":"product_tag-kodu-ja-aed","9":"product_tag-ouemoobli-komplektid","10":"product_tag-parcel","11":"product_tag-vannitoa-tarvikud","12":"pa_brand-vidaxl","14":"first","15":"instock","16":"taxable","17":"shipping-taxable","18":"purchasable","19":"product-type-simple"},"supplier_id":null,"supplier_sku":"","barcode":null,"atum_controlled":false,"out_stock_date":null,"out_stock_threshold":null,"inheritable":false,"inbound_stock":null,"stock_on_hold":null,"sold_today":null,"sales_last_days":null,"reserved_stock":null,"customer_returns":null,"warehouse_damage":null,"lost_in_post":null,"other_logs":null,"out_stock_days":null,"lost_sales":null,"has_location":null,"update_date":"2026-05-15T12:20:39","atum_locations":[],"atum_stock_status":"instock","restock_status":false,"low_stock_amount":"","sales_update_date":null,"calc_backorders":null,"aioseo_notices":[],"_links":{"self":[{"href":"https:\/\/ecoshop.ee\/en\/wp-json\/wp\/v2\/product\/340438","targetHints":{"allow":["GET"]}}],"collection":[{"href":"https:\/\/ecoshop.ee\/en\/wp-json\/wp\/v2\/product"}],"about":[{"href":"https:\/\/ecoshop.ee\/en\/wp-json\/wp\/v2\/types\/product"}],"replies":[{"embeddable":true,"href":"https:\/\/ecoshop.ee\/en\/wp-json\/wp\/v2\/comments?post=340438"}],"version-history":[{"count":0,"href":"https:\/\/ecoshop.ee\/en\/wp-json\/wp\/v2\/product\/340438\/revisions"}],"wp:featuredmedia":[{"embeddable":true,"href":"https:\/\/ecoshop.ee\/en\/wp-json\/wp\/v2\/media\/340432"}],"wp:attachment":[{"href":"https:\/\/ecoshop.ee\/en\/wp-json\/wp\/v2\/media?parent=340438"}],"wp:term":[{"taxonomy":"product_brand","embeddable":true,"href":"https:\/\/ecoshop.ee\/en\/wp-json\/wp\/v2\/product_brand?post=340438"},{"taxonomy":"product_cat","embeddable":true,"href":"https:\/\/ecoshop.ee\/en\/wp-json\/wp\/v2\/product_cat?post=340438"},{"taxonomy":"product_tag","embeddable":true,"href":"https:\/\/ecoshop.ee\/en\/wp-json\/wp\/v2\/product_tag?post=340438"}],"curies":[{"name":"wp","href":"https:\/\/api.w.org\/{rel}","templated":true}]}}