{"id":340447,"date":"2026-02-27T21:35:05","date_gmt":"2026-02-27T18:35:05","guid":{"rendered":"https:\/\/ecoshop.ee\/maaratlemata\/roostevabast-terasest-kateratihoidja-2-toruga\/"},"modified":"2026-05-13T15:22:30","modified_gmt":"2026-05-13T12:22:30","slug":"stainless-steel-catheter-holder-with-2-tubes","status":"publish","type":"product","link":"https:\/\/ecoshop.ee\/en\/kateratiku-nagid\/roostevabast-terasest-kateratihoidja-2-toruga\/","title":{"rendered":"Stainless Steel Towel Holder with 2 Tubes"},"content":{"rendered":"<p>This high-quality towel rack combines style and functionality. It is easy to attach to the wall. The towel rack is made of stainless steel and will last for many years.<\/p>\n<ul>\n<li>2 pipes<\/li>\n<li>Material: stainless steel<\/li>\n<li>Length: 60 cm<\/li>\n<li>Depth: 14 cm<\/li>\n<li>Weight: 0.5 kg<\/li>\n<\/ul>","protected":false},"excerpt":{"rendered":"<p>Kvaliteetne k\u00e4ter\u00e4tihoidja \u00fchendab endas stiili ja funktsionaalsuse. Seda on lihtne seina k\u00fclge kinnitada. K\u00e4ter\u00e4tihoidja on valmistatud roostevabast terasest ja peab vastu palju&hellip;<\/p>","protected":false},"featured_media":340440,"comment_status":"open","ping_status":"closed","template":"","meta":{"wprm-recipe-roundup-name":"","wprm-recipe-roundup-description":""},"product_brand":[],"product_cat":[4617],"product_tag":[1885,1035,536,540,1034],"class_list":{"0":"post-340447","1":"product","2":"type-product","3":"status-publish","4":"has-post-thumbnail","6":"product_cat-kateratiku-nagid","7":"product_tag-hobedane","8":"product_tag-kateratiku-nagid","9":"product_tag-kodu-ja-aed","10":"product_tag-parcel","11":"product_tag-vannitoa-tarvikud","12":"pa_brand-vidaxl","14":"first","15":"instock","16":"taxable","17":"shipping-taxable","18":"purchasable","19":"product-type-simple"},"supplier_id":null,"supplier_sku":"","barcode":null,"atum_controlled":false,"out_stock_date":null,"out_stock_threshold":null,"inheritable":false,"inbound_stock":null,"stock_on_hold":0,"sold_today":0,"sales_last_days":0,"reserved_stock":null,"customer_returns":null,"warehouse_damage":null,"lost_in_post":null,"other_logs":null,"out_stock_days":0,"lost_sales":0,"has_location":null,"update_date":"2026-05-13T12:22:30","atum_locations":[],"atum_stock_status":"instock","restock_status":false,"low_stock_amount":"","sales_update_date":"2026-03-07T01:18:00","calc_backorders":null,"aioseo_notices":[],"_links":{"self":[{"href":"https:\/\/ecoshop.ee\/en\/wp-json\/wp\/v2\/product\/340447","targetHints":{"allow":["GET"]}}],"collection":[{"href":"https:\/\/ecoshop.ee\/en\/wp-json\/wp\/v2\/product"}],"about":[{"href":"https:\/\/ecoshop.ee\/en\/wp-json\/wp\/v2\/types\/product"}],"replies":[{"embeddable":true,"href":"https:\/\/ecoshop.ee\/en\/wp-json\/wp\/v2\/comments?post=340447"}],"version-history":[{"count":0,"href":"https:\/\/ecoshop.ee\/en\/wp-json\/wp\/v2\/product\/340447\/revisions"}],"wp:featuredmedia":[{"embeddable":true,"href":"https:\/\/ecoshop.ee\/en\/wp-json\/wp\/v2\/media\/340440"}],"wp:attachment":[{"href":"https:\/\/ecoshop.ee\/en\/wp-json\/wp\/v2\/media?parent=340447"}],"wp:term":[{"taxonomy":"product_brand","embeddable":true,"href":"https:\/\/ecoshop.ee\/en\/wp-json\/wp\/v2\/product_brand?post=340447"},{"taxonomy":"product_cat","embeddable":true,"href":"https:\/\/ecoshop.ee\/en\/wp-json\/wp\/v2\/product_cat?post=340447"},{"taxonomy":"product_tag","embeddable":true,"href":"https:\/\/ecoshop.ee\/en\/wp-json\/wp\/v2\/product_tag?post=340447"}],"curies":[{"name":"wp","href":"https:\/\/api.w.org\/{rel}","templated":true}]}}