{"id":340603,"date":"2026-02-27T21:39:46","date_gmt":"2026-02-27T18:39:46","guid":{"rendered":"https:\/\/ecoshop.ee\/maaratlemata\/kasvuhoone-terasest-raamiga-05-m%c2%b2-1-x-05-x-19-m\/"},"modified":"2026-05-09T03:28:57","modified_gmt":"2026-05-09T00:28:57","slug":"greenhouse-with-steel-frame-05-m%c2%b2-1-x-05-x-19-m","status":"publish","type":"product","link":"https:\/\/ecoshop.ee\/en\/kasvuhooned\/kasvuhoone-terasest-raamiga-05-m%c2%b2-1-x-05-x-19-m\/","title":{"rendered":"Greenhouse Steel Frame 0.5 M\u00b2 1 x 0.5 x 1.9 M"},"content":{"rendered":"<p>The spacious greenhouse can accommodate many plants, vegetables and fruits.<\/p>\n<\/p>\n<p>The greenhouse protects plants from wind, rain, sun and birds. The greenhouse is made of 170 g\/m\u00b2 PE mesh fabric, which is 25% heavier than conventional mesh fabric. The strong rust-resistant galvanized steel frame adds stability. The greenhouse has a door for good ventilation and easy access.<\/p>\n<\/p>\n<p>The greenhouse is easy to assemble. Please note that the greenhouse cannot withstand the weight of snow.<\/p>\n<\/p>\n<p>Warning: A greenhouse is not a building or conservatory intended for leisure use. It is a permanent, self-contained structure intended for hobby gardening only.<\/p>\n<ul>\n<li>Color: green<\/li>\n<li>Material: PE (polyethylene) mesh fabric, powder-coated steel<\/li>\n<li>Dimensions: 100 x 50 x 190 cm (L x W x H)<\/li>\n<li>PE mesh fabric density: 170 g\/m\u00b2<\/li>\n<li>With one door<\/li>\n<li>Door size: 64 x 140 cm (W x H)<\/li>\n<li>Assembly required: yes<\/li>\n<\/ul>","protected":false},"excerpt":{"rendered":"<p>Avar kasvuhoone mahutab palju taimi, k\u00f6\u00f6givilju ja puuvilju. Kasvuhoone kaitseb taimi tuule, vihma, p\u00e4ikese ja lindude eest. Kasvuhoone on valmistatud 170 g\/m\u00b2&hellip;<\/p>","protected":false},"featured_media":340592,"comment_status":"open","ping_status":"closed","template":"","meta":{"wprm-recipe-roundup-name":"","wprm-recipe-roundup-description":""},"product_brand":[],"product_cat":[4618],"product_tag":[2127,2128,4957,536,540,879],"class_list":{"0":"post-340603","1":"product","2":"type-product","3":"status-publish","4":"has-post-thumbnail","6":"product_cat-kasvuhooned","7":"product_tag-aed-ja-muru","8":"product_tag-aiandus","9":"product_tag-kasvuhooned","10":"product_tag-kodu-ja-aed","11":"product_tag-parcel","12":"product_tag-roheline","13":"pa_brand-vidaxl","15":"first","16":"instock","17":"taxable","18":"shipping-taxable","19":"purchasable","20":"product-type-simple"},"supplier_id":null,"supplier_sku":"","barcode":null,"atum_controlled":false,"out_stock_date":null,"out_stock_threshold":null,"inheritable":false,"inbound_stock":null,"stock_on_hold":null,"sold_today":null,"sales_last_days":null,"reserved_stock":null,"customer_returns":null,"warehouse_damage":null,"lost_in_post":null,"other_logs":null,"out_stock_days":null,"lost_sales":null,"has_location":null,"update_date":"2026-05-09T00:28:58","atum_locations":[],"atum_stock_status":"instock","restock_status":false,"low_stock_amount":"","sales_update_date":null,"calc_backorders":null,"aioseo_notices":[],"_links":{"self":[{"href":"https:\/\/ecoshop.ee\/en\/wp-json\/wp\/v2\/product\/340603","targetHints":{"allow":["GET"]}}],"collection":[{"href":"https:\/\/ecoshop.ee\/en\/wp-json\/wp\/v2\/product"}],"about":[{"href":"https:\/\/ecoshop.ee\/en\/wp-json\/wp\/v2\/types\/product"}],"replies":[{"embeddable":true,"href":"https:\/\/ecoshop.ee\/en\/wp-json\/wp\/v2\/comments?post=340603"}],"version-history":[{"count":0,"href":"https:\/\/ecoshop.ee\/en\/wp-json\/wp\/v2\/product\/340603\/revisions"}],"wp:featuredmedia":[{"embeddable":true,"href":"https:\/\/ecoshop.ee\/en\/wp-json\/wp\/v2\/media\/340592"}],"wp:attachment":[{"href":"https:\/\/ecoshop.ee\/en\/wp-json\/wp\/v2\/media?parent=340603"}],"wp:term":[{"taxonomy":"product_brand","embeddable":true,"href":"https:\/\/ecoshop.ee\/en\/wp-json\/wp\/v2\/product_brand?post=340603"},{"taxonomy":"product_cat","embeddable":true,"href":"https:\/\/ecoshop.ee\/en\/wp-json\/wp\/v2\/product_cat?post=340603"},{"taxonomy":"product_tag","embeddable":true,"href":"https:\/\/ecoshop.ee\/en\/wp-json\/wp\/v2\/product_tag?post=340603"}],"curies":[{"name":"wp","href":"https:\/\/api.w.org\/{rel}","templated":true}]}}