{"id":340954,"date":"2026-02-27T21:53:01","date_gmt":"2026-02-27T18:53:01","guid":{"rendered":"https:\/\/ecoshop.ee\/maaratlemata\/kasvuhoone-3-uksega\/"},"modified":"2026-05-15T04:13:28","modified_gmt":"2026-05-15T01:13:28","slug":"greenhouse-with-3-doors","status":"publish","type":"product","link":"https:\/\/ecoshop.ee\/en\/kasvuhooned\/kasvuhoone-3-uksega\/","title":{"rendered":"Greenhouse with 3 doors"},"content":{"rendered":"<p>The greenhouse is suitable for both beginners and experienced gardeners. It can accommodate a large number of plants and is perfect for sowing seeds, growing vegetables or simply protecting plants from cold weather.<\/p>\n<\/p>\n<p>The greenhouse has a transparent green cover that allows sunlight to reach your plants and flowers. It is UV protected and frost resistant, so weather damage is minimal. It is also tear-resistant, virtually unbreakable, making it a great alternative to a traditional glass greenhouse.<\/p>\n<\/p>\n<p>The powder-coated steel frame is durable and solid, yet surprisingly lightweight.<\/p>\n<\/p>\n<p>There are three lockable doors on one side for easy entry and air circulation.<\/p>\n<\/p>\n<p>Assembly is safe and easy. No special tools are required. Please note that the greenhouse cannot withstand the weight of snow.<\/p>\n<\/p>\n<p>Warning: A greenhouse is not a building or conservatory intended for leisure use. It is a permanent, self-contained structure intended for hobby gardening only.<\/p>\n<ul>\n<li>Dimensions: 240 x 90 x 90 cm (L x W x H)<\/li>\n<li>Color: green<\/li>\n<li>Frame: powder-coated steel tube<\/li>\n<li>Green tear-resistant cover<\/li>\n<li>Fabric: PVC: 100%<\/li>\n<\/ul>","protected":false},"excerpt":{"rendered":"<p>Kasvuhoone sobib nii algajatele kui kogenenud aednikele. See mahutab suure hulga taimi ja sobib suurep\u00e4raselt k\u00fclvamiseks, juurviljade kasvatamiseks v\u00f5i lihtsalt taimede kaitsmiseks&hellip;<\/p>","protected":false},"featured_media":340949,"comment_status":"open","ping_status":"closed","template":"","meta":{"wprm-recipe-roundup-name":"","wprm-recipe-roundup-description":""},"product_brand":[],"product_cat":[4618],"product_tag":[2127,2128,4957,536,540,879],"class_list":{"0":"post-340954","1":"product","2":"type-product","3":"status-publish","4":"has-post-thumbnail","6":"product_cat-kasvuhooned","7":"product_tag-aed-ja-muru","8":"product_tag-aiandus","9":"product_tag-kasvuhooned","10":"product_tag-kodu-ja-aed","11":"product_tag-parcel","12":"product_tag-roheline","13":"pa_brand-vidaxl","15":"first","16":"instock","17":"taxable","18":"shipping-taxable","19":"purchasable","20":"product-type-simple"},"supplier_id":null,"supplier_sku":"","barcode":null,"atum_controlled":false,"out_stock_date":null,"out_stock_threshold":null,"inheritable":false,"inbound_stock":null,"stock_on_hold":null,"sold_today":null,"sales_last_days":null,"reserved_stock":null,"customer_returns":null,"warehouse_damage":null,"lost_in_post":null,"other_logs":null,"out_stock_days":null,"lost_sales":null,"has_location":null,"update_date":"2026-05-15T01:13:29","atum_locations":[],"atum_stock_status":"instock","restock_status":false,"low_stock_amount":"","sales_update_date":null,"calc_backorders":null,"aioseo_notices":[],"_links":{"self":[{"href":"https:\/\/ecoshop.ee\/en\/wp-json\/wp\/v2\/product\/340954","targetHints":{"allow":["GET"]}}],"collection":[{"href":"https:\/\/ecoshop.ee\/en\/wp-json\/wp\/v2\/product"}],"about":[{"href":"https:\/\/ecoshop.ee\/en\/wp-json\/wp\/v2\/types\/product"}],"replies":[{"embeddable":true,"href":"https:\/\/ecoshop.ee\/en\/wp-json\/wp\/v2\/comments?post=340954"}],"version-history":[{"count":0,"href":"https:\/\/ecoshop.ee\/en\/wp-json\/wp\/v2\/product\/340954\/revisions"}],"wp:featuredmedia":[{"embeddable":true,"href":"https:\/\/ecoshop.ee\/en\/wp-json\/wp\/v2\/media\/340949"}],"wp:attachment":[{"href":"https:\/\/ecoshop.ee\/en\/wp-json\/wp\/v2\/media?parent=340954"}],"wp:term":[{"taxonomy":"product_brand","embeddable":true,"href":"https:\/\/ecoshop.ee\/en\/wp-json\/wp\/v2\/product_brand?post=340954"},{"taxonomy":"product_cat","embeddable":true,"href":"https:\/\/ecoshop.ee\/en\/wp-json\/wp\/v2\/product_cat?post=340954"},{"taxonomy":"product_tag","embeddable":true,"href":"https:\/\/ecoshop.ee\/en\/wp-json\/wp\/v2\/product_tag?post=340954"}],"curies":[{"name":"wp","href":"https:\/\/api.w.org\/{rel}","templated":true}]}}