{"id":341026,"date":"2026-02-27T21:54:35","date_gmt":"2026-02-27T18:54:35","guid":{"rendered":"https:\/\/ecoshop.ee\/maaratlemata\/kasvuhooned-2-tk-immutatud-mannipuit-100x50x35-cm\/"},"modified":"2026-05-13T09:26:35","modified_gmt":"2026-05-13T06:26:35","slug":"greenhouses-2-pcs-impregnated-manniwood-100x50x35-cm","status":"publish","type":"product","link":"https:\/\/ecoshop.ee\/en\/kasvuhooned\/kasvuhooned-2-tk-immutatud-mannipuit-100x50x35-cm\/","title":{"rendered":"Greenhouses 2 pcs, Impregnated Pine Wood 100 x 50 x 35 Cm"},"content":{"rendered":"<p>Wooden greenhouses are perfect for gardening enthusiasts who want to grow flowers or plants in the garden.<\/p>\n<\/p>\n<p>The raised planters have a simple, rustic design and sturdy construction that will add a natural style to your garden. The planters can accommodate a wide range of plants and flowers. They are made of high-quality impregnated pine wood, which is durable, weather-resistant and rot-resistant. Thanks to the unique roof design, they provide warmth and protection from cold weather. The garden boxes are easy to assemble.<\/p>\n<\/p>\n<p>Please note that wood is a natural product and may have defects.<\/p>\n<ul>\n<li>Color: natural<\/li>\n<li>Material: impregnated pine wood, PVC<\/li>\n<li>Dimensions: 100 x 50 x 25\/35 cm (W x D x H)<\/li>\n<li>With roof<\/li>\n<li>Suitable for the yard<\/li>\n<li>Assembly required: yes<\/li>\n<li><strong>The set includes:<\/strong><\/li>\n<li>2 x greenhouses<\/li>\n<\/ul>","protected":false},"excerpt":{"rendered":"<p>Puidust kasvuhooned sobivad suurep\u00e4raselt aiandushuvilistele, kes soovivad aias lilli v\u00f5i taimi kasvatada. K\u00f5rgendatud taimelavad on tagasihoidliku maal\u00e4hedase disaini ja tugeva konstruktsiooniga, mis&hellip;<\/p>","protected":false},"featured_media":341019,"comment_status":"open","ping_status":"closed","template":"","meta":{"wprm-recipe-roundup-name":"","wprm-recipe-roundup-description":""},"product_brand":[],"product_cat":[4618],"product_tag":[2127,2128,4957,536,955,879],"class_list":{"0":"post-341026","1":"product","2":"type-product","3":"status-publish","4":"has-post-thumbnail","6":"product_cat-kasvuhooned","7":"product_tag-aed-ja-muru","8":"product_tag-aiandus","9":"product_tag-kasvuhooned","10":"product_tag-kodu-ja-aed","11":"product_tag-pallet","12":"product_tag-roheline","13":"pa_brand-vidaxl","15":"first","16":"instock","17":"taxable","18":"shipping-taxable","19":"purchasable","20":"product-type-simple"},"supplier_id":null,"supplier_sku":"","barcode":null,"atum_controlled":false,"out_stock_date":null,"out_stock_threshold":null,"inheritable":false,"inbound_stock":null,"stock_on_hold":null,"sold_today":null,"sales_last_days":null,"reserved_stock":null,"customer_returns":null,"warehouse_damage":null,"lost_in_post":null,"other_logs":null,"out_stock_days":null,"lost_sales":null,"has_location":null,"update_date":"2026-05-13T06:26:36","atum_locations":[],"atum_stock_status":"instock","restock_status":false,"low_stock_amount":"","sales_update_date":null,"calc_backorders":null,"aioseo_notices":[],"_links":{"self":[{"href":"https:\/\/ecoshop.ee\/en\/wp-json\/wp\/v2\/product\/341026","targetHints":{"allow":["GET"]}}],"collection":[{"href":"https:\/\/ecoshop.ee\/en\/wp-json\/wp\/v2\/product"}],"about":[{"href":"https:\/\/ecoshop.ee\/en\/wp-json\/wp\/v2\/types\/product"}],"replies":[{"embeddable":true,"href":"https:\/\/ecoshop.ee\/en\/wp-json\/wp\/v2\/comments?post=341026"}],"version-history":[{"count":0,"href":"https:\/\/ecoshop.ee\/en\/wp-json\/wp\/v2\/product\/341026\/revisions"}],"wp:featuredmedia":[{"embeddable":true,"href":"https:\/\/ecoshop.ee\/en\/wp-json\/wp\/v2\/media\/341019"}],"wp:attachment":[{"href":"https:\/\/ecoshop.ee\/en\/wp-json\/wp\/v2\/media?parent=341026"}],"wp:term":[{"taxonomy":"product_brand","embeddable":true,"href":"https:\/\/ecoshop.ee\/en\/wp-json\/wp\/v2\/product_brand?post=341026"},{"taxonomy":"product_cat","embeddable":true,"href":"https:\/\/ecoshop.ee\/en\/wp-json\/wp\/v2\/product_cat?post=341026"},{"taxonomy":"product_tag","embeddable":true,"href":"https:\/\/ecoshop.ee\/en\/wp-json\/wp\/v2\/product_tag?post=341026"}],"curies":[{"name":"wp","href":"https:\/\/api.w.org\/{rel}","templated":true}]}}