{"id":341041,"date":"2026-02-27T21:54:53","date_gmt":"2026-02-27T18:54:53","guid":{"rendered":"https:\/\/ecoshop.ee\/maaratlemata\/i-terasest-kasvuhoone\/"},"modified":"2026-05-13T03:26:21","modified_gmt":"2026-05-13T00:26:21","slug":"i-steel-greenhouse","status":"publish","type":"product","link":"https:\/\/ecoshop.ee\/en\/kasvuhooned\/i-terasest-kasvuhoone\/","title":{"rendered":"Steel Greenhouse"},"content":{"rendered":"<p>A greenhouse is the right solution for keeping plants warm and protected all year round. Specially designed for smaller areas.<\/p>\n<\/p>\n<p>The greenhouse has a sturdy powder-coated steel frame and a shatterproof cover. The cover is made of durable, frost-resistant material with UV protection, so you don&#039;t have to worry about damage from the sun or cold. The transparent green cover also allows the plants to get sunlight.<\/p>\n<\/p>\n<p>The greenhouse has a roll-up door for entrance.<\/p>\n<\/p>\n<p>The greenhouse is lightweight, making it easy to use. Assembly is quick and requires no special tools. Please note that the greenhouse roof is not resistant to heavy snowfall.<\/p>\n<ul>\n<li>Dimensions: 170 x 80 x 200 cm (L x W x H)<\/li>\n<li>Color: green<\/li>\n<li>Frame: Powder-coated tubular steel<\/li>\n<li>Green tear-resistant cover<\/li>\n<li>Fabric: PVC: 100%<\/li>\n<\/ul>","protected":false},"excerpt":{"rendered":"<p>Kasvuhoone on \u00f5ige lahendus taimede aasta l\u00e4bi soojas ja kaitstuna hoidmiseks. Spetsiaalselt loodud v\u00e4iksemate alade tarbeks. Kasvuhoonel on toekas pulberkaetud terasraam ning&hellip;<\/p>","protected":false},"featured_media":341037,"comment_status":"open","ping_status":"closed","template":"","meta":{"wprm-recipe-roundup-name":"","wprm-recipe-roundup-description":""},"product_brand":[],"product_cat":[4618],"product_tag":[2127,2128,4957,536,540,879],"class_list":{"0":"post-341041","1":"product","2":"type-product","3":"status-publish","4":"has-post-thumbnail","6":"product_cat-kasvuhooned","7":"product_tag-aed-ja-muru","8":"product_tag-aiandus","9":"product_tag-kasvuhooned","10":"product_tag-kodu-ja-aed","11":"product_tag-parcel","12":"product_tag-roheline","13":"pa_brand-vidaxl","15":"first","16":"instock","17":"taxable","18":"shipping-taxable","19":"purchasable","20":"product-type-simple"},"supplier_id":null,"supplier_sku":"","barcode":null,"atum_controlled":false,"out_stock_date":null,"out_stock_threshold":null,"inheritable":false,"inbound_stock":null,"stock_on_hold":null,"sold_today":null,"sales_last_days":null,"reserved_stock":null,"customer_returns":null,"warehouse_damage":null,"lost_in_post":null,"other_logs":null,"out_stock_days":null,"lost_sales":null,"has_location":null,"update_date":"2026-05-13T00:26:22","atum_locations":[],"atum_stock_status":"instock","restock_status":false,"low_stock_amount":"","sales_update_date":null,"calc_backorders":null,"aioseo_notices":[],"_links":{"self":[{"href":"https:\/\/ecoshop.ee\/en\/wp-json\/wp\/v2\/product\/341041","targetHints":{"allow":["GET"]}}],"collection":[{"href":"https:\/\/ecoshop.ee\/en\/wp-json\/wp\/v2\/product"}],"about":[{"href":"https:\/\/ecoshop.ee\/en\/wp-json\/wp\/v2\/types\/product"}],"replies":[{"embeddable":true,"href":"https:\/\/ecoshop.ee\/en\/wp-json\/wp\/v2\/comments?post=341041"}],"version-history":[{"count":0,"href":"https:\/\/ecoshop.ee\/en\/wp-json\/wp\/v2\/product\/341041\/revisions"}],"wp:featuredmedia":[{"embeddable":true,"href":"https:\/\/ecoshop.ee\/en\/wp-json\/wp\/v2\/media\/341037"}],"wp:attachment":[{"href":"https:\/\/ecoshop.ee\/en\/wp-json\/wp\/v2\/media?parent=341041"}],"wp:term":[{"taxonomy":"product_brand","embeddable":true,"href":"https:\/\/ecoshop.ee\/en\/wp-json\/wp\/v2\/product_brand?post=341041"},{"taxonomy":"product_cat","embeddable":true,"href":"https:\/\/ecoshop.ee\/en\/wp-json\/wp\/v2\/product_cat?post=341041"},{"taxonomy":"product_tag","embeddable":true,"href":"https:\/\/ecoshop.ee\/en\/wp-json\/wp\/v2\/product_tag?post=341041"}],"curies":[{"name":"wp","href":"https:\/\/api.w.org\/{rel}","templated":true}]}}