{"id":341107,"date":"2026-02-27T21:56:05","date_gmt":"2026-02-27T18:56:05","guid":{"rendered":"https:\/\/ecoshop.ee\/maaratlemata\/tomatikasvuhoone-102-x-52-x-150-cm\/"},"modified":"2026-05-15T04:13:31","modified_gmt":"2026-05-15T01:13:31","slug":"tomato-greenhouse-102-x-52-x-150-cm","status":"publish","type":"product","link":"https:\/\/ecoshop.ee\/en\/kasvuhooned\/tomatikasvuhoone-102-x-52-x-150-cm\/","title":{"rendered":"Tomato greenhouse 102 x 52 x 150 Cm"},"content":{"rendered":"<p>Never leave vegetables exposed to wind, rain, snow, etc. A small greenhouse will keep plants warm and cozy during cold winter temperatures and protect them from harsh weather, insects and birds. The greenhouse is designed for use outdoors, on a balcony and even in a small garden.<\/p>\n<\/p>\n<p>It has tubular steel rods for extra stability and a PVC cover that helps maintain the necessary humidity level for growing a variety of plants, vegetables, fruits and herbs. It also has a roll-up door with a lock for better air circulation and easy access to the plants. With this practical greenhouse, you can easily grow plants in a favorable environment all year round.<\/p>\n<\/p>\n<p>The greenhouse is easy to set up and take down without special tools and easy to store at the end of the season.<\/p>\n<\/p>\n<p>Warning:<\/p>\n<p>A greenhouse is not a building or a conservatory intended for leisure activities. It is a temporary, self-contained agricultural facility for hobby gardening only.<\/p>\n<ul>\n<li>Color: green frame and transparent cover<\/li>\n<li>Material: Powder coated steel pipes + 100% PVC<\/li>\n<li>Transparent tear-resistant cover<\/li>\n<li>Overall dimensions: 102 x 52 x 150 cm (W x D x H)<\/li>\n<li>Includes a roll-up door with lock<\/li>\n<\/ul>","protected":false},"excerpt":{"rendered":"<p>\u00c4rge j\u00e4tke kunagi k\u00f6\u00f6givilju tuule, vihma, lume jms k\u00e4tte. V\u00e4ike kasvuhoone hoiab taimed talvel k\u00fclma temperatuuri ajal sooja ja hubasena ning kaitseb&hellip;<\/p>","protected":false},"featured_media":341101,"comment_status":"open","ping_status":"closed","template":"","meta":{"wprm-recipe-roundup-name":"","wprm-recipe-roundup-description":""},"product_brand":[],"product_cat":[4618],"product_tag":[2127,2128,4957,536,2407,540],"class_list":{"0":"post-341107","1":"product","2":"type-product","3":"status-publish","4":"has-post-thumbnail","6":"product_cat-kasvuhooned","7":"product_tag-aed-ja-muru","8":"product_tag-aiandus","9":"product_tag-kasvuhooned","10":"product_tag-kodu-ja-aed","11":"product_tag-labipaistev","12":"product_tag-parcel","13":"pa_brand-vidaxl","15":"first","16":"instock","17":"taxable","18":"shipping-taxable","19":"purchasable","20":"product-type-simple"},"supplier_id":null,"supplier_sku":"","barcode":null,"atum_controlled":false,"out_stock_date":null,"out_stock_threshold":null,"inheritable":false,"inbound_stock":null,"stock_on_hold":null,"sold_today":null,"sales_last_days":null,"reserved_stock":null,"customer_returns":null,"warehouse_damage":null,"lost_in_post":null,"other_logs":null,"out_stock_days":null,"lost_sales":null,"has_location":null,"update_date":"2026-05-15T01:13:32","atum_locations":[],"atum_stock_status":"instock","restock_status":false,"low_stock_amount":"","sales_update_date":null,"calc_backorders":null,"aioseo_notices":[],"_links":{"self":[{"href":"https:\/\/ecoshop.ee\/en\/wp-json\/wp\/v2\/product\/341107","targetHints":{"allow":["GET"]}}],"collection":[{"href":"https:\/\/ecoshop.ee\/en\/wp-json\/wp\/v2\/product"}],"about":[{"href":"https:\/\/ecoshop.ee\/en\/wp-json\/wp\/v2\/types\/product"}],"replies":[{"embeddable":true,"href":"https:\/\/ecoshop.ee\/en\/wp-json\/wp\/v2\/comments?post=341107"}],"version-history":[{"count":0,"href":"https:\/\/ecoshop.ee\/en\/wp-json\/wp\/v2\/product\/341107\/revisions"}],"wp:featuredmedia":[{"embeddable":true,"href":"https:\/\/ecoshop.ee\/en\/wp-json\/wp\/v2\/media\/341101"}],"wp:attachment":[{"href":"https:\/\/ecoshop.ee\/en\/wp-json\/wp\/v2\/media?parent=341107"}],"wp:term":[{"taxonomy":"product_brand","embeddable":true,"href":"https:\/\/ecoshop.ee\/en\/wp-json\/wp\/v2\/product_brand?post=341107"},{"taxonomy":"product_cat","embeddable":true,"href":"https:\/\/ecoshop.ee\/en\/wp-json\/wp\/v2\/product_cat?post=341107"},{"taxonomy":"product_tag","embeddable":true,"href":"https:\/\/ecoshop.ee\/en\/wp-json\/wp\/v2\/product_tag?post=341107"}],"curies":[{"name":"wp","href":"https:\/\/api.w.org\/{rel}","templated":true}]}}