{"id":341181,"date":"2026-02-27T21:57:29","date_gmt":"2026-02-27T18:57:29","guid":{"rendered":"https:\/\/ecoshop.ee\/maaratlemata\/i-kasvuhoone-4-riiuliga\/"},"modified":"2026-05-13T21:25:24","modified_gmt":"2026-05-13T18:25:24","slug":"i-greenhouse-with-4-shelves","status":"publish","type":"product","link":"https:\/\/ecoshop.ee\/en\/kasvuhooned\/i-kasvuhoone-4-riiuliga\/","title":{"rendered":"Greenhouse with 4 Shelves"},"content":{"rendered":"<p>The greenhouse can accommodate a large number of plants. Its dimensions are 69 x 32 x 160 cm (L x W x H). It has a transparent green cover that allows sunlight to reach the plants and flowers.<\/p>\n<\/p>\n<p>The cover is UV and frost resistant. The cover is tear-resistant and the tubular frames are made of powder-coated steel. This makes the greenhouse strong and durable.<\/p>\n<\/p>\n<p>In addition, the greenhouse has four shelves and a zippered door. <span style=\"font-family: Arial, sans-serif;font-size: 10pt\">Please note that the greenhouse roof cannot withstand heavy snowfall.<\/span><\/p>\n<ul>\n<li>Dimensions: 69 x 32 x 160 cm (L x W x H)<\/li>\n<li>Color: green<\/li>\n<li>Frame: powder-coated steel tubes<\/li>\n<li>Number of shelves: 4<\/li>\n<li>Fabric: PVC: 100%<\/li>\n<\/ul>","protected":false},"excerpt":{"rendered":"<p>Kasvuhoone mahutab suure hulga taimi. Selle m\u00f5\u00f5tmed on 69 x 32 x 160 cm (P x L x K). Sellel on l\u00e4bipaistev&hellip;<\/p>","protected":false},"featured_media":341176,"comment_status":"open","ping_status":"closed","template":"","meta":{"wprm-recipe-roundup-name":"","wprm-recipe-roundup-description":""},"product_brand":[],"product_cat":[4618],"product_tag":[2127,2128,4957,536,540,879],"class_list":{"0":"post-341181","1":"product","2":"type-product","3":"status-publish","4":"has-post-thumbnail","6":"product_cat-kasvuhooned","7":"product_tag-aed-ja-muru","8":"product_tag-aiandus","9":"product_tag-kasvuhooned","10":"product_tag-kodu-ja-aed","11":"product_tag-parcel","12":"product_tag-roheline","13":"pa_brand-vidaxl","15":"first","16":"instock","17":"taxable","18":"shipping-taxable","19":"purchasable","20":"product-type-simple"},"supplier_id":null,"supplier_sku":"","barcode":null,"atum_controlled":false,"out_stock_date":null,"out_stock_threshold":null,"inheritable":false,"inbound_stock":null,"stock_on_hold":null,"sold_today":null,"sales_last_days":null,"reserved_stock":null,"customer_returns":null,"warehouse_damage":null,"lost_in_post":null,"other_logs":null,"out_stock_days":null,"lost_sales":null,"has_location":null,"update_date":"2026-05-13T18:25:25","atum_locations":[],"atum_stock_status":"instock","restock_status":false,"low_stock_amount":"","sales_update_date":null,"calc_backorders":null,"aioseo_notices":[],"_links":{"self":[{"href":"https:\/\/ecoshop.ee\/en\/wp-json\/wp\/v2\/product\/341181","targetHints":{"allow":["GET"]}}],"collection":[{"href":"https:\/\/ecoshop.ee\/en\/wp-json\/wp\/v2\/product"}],"about":[{"href":"https:\/\/ecoshop.ee\/en\/wp-json\/wp\/v2\/types\/product"}],"replies":[{"embeddable":true,"href":"https:\/\/ecoshop.ee\/en\/wp-json\/wp\/v2\/comments?post=341181"}],"version-history":[{"count":0,"href":"https:\/\/ecoshop.ee\/en\/wp-json\/wp\/v2\/product\/341181\/revisions"}],"wp:featuredmedia":[{"embeddable":true,"href":"https:\/\/ecoshop.ee\/en\/wp-json\/wp\/v2\/media\/341176"}],"wp:attachment":[{"href":"https:\/\/ecoshop.ee\/en\/wp-json\/wp\/v2\/media?parent=341181"}],"wp:term":[{"taxonomy":"product_brand","embeddable":true,"href":"https:\/\/ecoshop.ee\/en\/wp-json\/wp\/v2\/product_brand?post=341181"},{"taxonomy":"product_cat","embeddable":true,"href":"https:\/\/ecoshop.ee\/en\/wp-json\/wp\/v2\/product_cat?post=341181"},{"taxonomy":"product_tag","embeddable":true,"href":"https:\/\/ecoshop.ee\/en\/wp-json\/wp\/v2\/product_tag?post=341181"}],"curies":[{"name":"wp","href":"https:\/\/api.w.org\/{rel}","templated":true}]}}