{"id":343577,"date":"2026-02-27T23:24:20","date_gmt":"2026-02-27T20:24:20","guid":{"rendered":"https:\/\/ecoshop.ee\/maaratlemata\/kaubaalustest-keskmised-diivaniosad-2-tk-akaatsiapuit\/"},"modified":"2026-05-12T22:48:53","modified_gmt":"2026-05-12T19:48:53","slug":"pallet-middle-sofa-sections-2-pcs-acacia-wood","status":"publish","type":"product","link":"https:\/\/ecoshop.ee\/en\/validiivanid\/kaubaalustest-keskmised-diivaniosad-2-tk-akaatsiapuit\/","title":{"rendered":"Pallet Medium Sofa Sections 2 Pieces, Acacia Wood"},"content":{"rendered":"<p>Enjoy a cup of coffee or chat with family and friends in the garden, yard or balcony on these pallet center sofa sections!<\/p>\n<\/p>\n<ul>\n<li>Long-lasting material: Acacia wood is a beautiful natural material. Acacia wood is a tropical hardwood that is dense, strong and durable.<\/li>\n<li>Well-ventilated and water-repellent: The slatted design promotes optimal airflow and effectively prevents water buildup, ensuring a dry and comfortable seat.<\/li>\n<li>Comfortable seat: The backrest adds extra comfort to the outdoor sofa.<\/li>\n<li>Modular design: The outdoor furniture set has a modular design, making it completely flexible and easy to move so you can create a customized outdoor furniture layout.<\/li>\n<\/ul>\n<p>Good to know:<\/p>\n<ul>\n<li>To keep your outdoor furniture looking beautiful, we recommend protecting it with a waterproof cover.<\/li>\n<li>The seat cushion is not included. In our selection you will find a standard 120 x 80 cm seat cushion. You can find a suitable cushion in our shop.<\/li>\n<\/ul>\n<ul>\n<li>Material: sturdy acacia wood with an oil finish<\/li>\n<li>Dimensions: 120 x 92 x 69 cm (W x D x H)<\/li>\n<li>Seat size: 120 x 80 cm (W x D)<\/li>\n<li>Seat height: 30 cm<\/li>\n<li>Maximum load capacity (per seat): 110 kg<\/li>\n<li>Seat cushion included: No<\/li>\n<li>Assembly required: yes<\/li>\n<li><strong>The package includes:<\/strong><\/li>\n<li>2 x medium sofas<\/li>\n<\/ul>","protected":false},"excerpt":{"rendered":"<p>Nautige tassi kohvi v\u00f5i vestelge pereliikmete ja s\u00f5pradega aias, hoovis v\u00f5i r\u00f5dul nendel kaubaalustest keskmistel diivaniosadel! Kauakestev materjal: akaatsiapuit on kaunis looduslik&hellip;<\/p>","protected":false},"featured_media":343570,"comment_status":"open","ping_status":"closed","template":"","meta":{"wprm-recipe-roundup-name":"","wprm-recipe-roundup-description":""},"product_brand":[],"product_cat":[3641],"product_tag":[594,547,553,554,540,3642],"class_list":{"0":"post-343577","1":"product","2":"type-product","3":"status-publish","4":"has-post-thumbnail","6":"product_cat-validiivanid","7":"product_tag-istekohad-oue","8":"product_tag-moobel","9":"product_tag-ouemoobel","10":"product_tag-ouemoobli-komplektid","11":"product_tag-parcel","12":"product_tag-validiivanid","13":"pa_brand-vidaxl","15":"first","16":"instock","17":"taxable","18":"shipping-taxable","19":"purchasable","20":"product-type-simple"},"supplier_id":null,"supplier_sku":"","barcode":null,"atum_controlled":false,"out_stock_date":null,"out_stock_threshold":null,"inheritable":false,"inbound_stock":null,"stock_on_hold":null,"sold_today":null,"sales_last_days":null,"reserved_stock":null,"customer_returns":null,"warehouse_damage":null,"lost_in_post":null,"other_logs":null,"out_stock_days":null,"lost_sales":null,"has_location":null,"update_date":"2026-05-12T19:48:54","atum_locations":[],"atum_stock_status":"instock","restock_status":false,"low_stock_amount":"","sales_update_date":null,"calc_backorders":null,"aioseo_notices":[],"_links":{"self":[{"href":"https:\/\/ecoshop.ee\/en\/wp-json\/wp\/v2\/product\/343577","targetHints":{"allow":["GET"]}}],"collection":[{"href":"https:\/\/ecoshop.ee\/en\/wp-json\/wp\/v2\/product"}],"about":[{"href":"https:\/\/ecoshop.ee\/en\/wp-json\/wp\/v2\/types\/product"}],"replies":[{"embeddable":true,"href":"https:\/\/ecoshop.ee\/en\/wp-json\/wp\/v2\/comments?post=343577"}],"version-history":[{"count":0,"href":"https:\/\/ecoshop.ee\/en\/wp-json\/wp\/v2\/product\/343577\/revisions"}],"wp:featuredmedia":[{"embeddable":true,"href":"https:\/\/ecoshop.ee\/en\/wp-json\/wp\/v2\/media\/343570"}],"wp:attachment":[{"href":"https:\/\/ecoshop.ee\/en\/wp-json\/wp\/v2\/media?parent=343577"}],"wp:term":[{"taxonomy":"product_brand","embeddable":true,"href":"https:\/\/ecoshop.ee\/en\/wp-json\/wp\/v2\/product_brand?post=343577"},{"taxonomy":"product_cat","embeddable":true,"href":"https:\/\/ecoshop.ee\/en\/wp-json\/wp\/v2\/product_cat?post=343577"},{"taxonomy":"product_tag","embeddable":true,"href":"https:\/\/ecoshop.ee\/en\/wp-json\/wp\/v2\/product_tag?post=343577"}],"curies":[{"name":"wp","href":"https:\/\/api.w.org\/{rel}","templated":true}]}}