{"id":346995,"date":"2026-02-28T01:05:37","date_gmt":"2026-02-27T22:05:37","guid":{"rendered":"https:\/\/ecoshop.ee\/maaratlemata\/pink-mahagonipuidust-86-x-40-x-60-cm\/"},"modified":"2026-05-15T09:26:35","modified_gmt":"2026-05-15T06:26:35","slug":"bench-made-of-mahogany-wood-86-x-40-x-60-cm","status":"publish","type":"product","link":"https:\/\/ecoshop.ee\/en\/esikupingid\/pink-mahagonipuidust-86-x-40-x-60-cm\/","title":{"rendered":"Mahogany bench 86 x 40 x 60 Cm"},"content":{"rendered":"<p>A wooden bench is a great choice if you want to add a touch of rustic charm to your home. The bench has a large internal storage compartment, providing enough space for all the things you want to keep within reach.<\/p>\n<\/p>\n<ul>\n<li>Stable and durable material: Made of mahogany wood, the wood is very durable and strong. Mahogany is a tropical hardwood that stands out for its beauty, durability and color. The careful manufacturing process gives the item an old-fashioned, warm and authentic look.<\/li>\n<li>Plenty of storage space: The hallway bench offers enough storage space so you can keep various items organized.<\/li>\n<li>Practical backrest: The bench has a backrest so you can support your back for more comfortable sitting.<\/li>\n<\/ul>\n<p>Good to know:<\/p>\n<ul>\n<li>The color of each piece of furniture is different, making each bench unique. The color of the item delivered is random, ensuring the exclusivity and uniqueness of the product.<\/li>\n<\/ul>\n<ul>\n<li>Material: sturdy mahogany wood<\/li>\n<li>Dimensions: 86 x 40 x 60 cm (W x D x H)<\/li>\n<li>Seat height from the ground: 35 cm<\/li>\n<li>With one internal storage box<\/li>\n<li>Handmade<\/li>\n<li>Easy to assemble<\/li>\n<\/ul>","protected":false},"excerpt":{"rendered":"<p>Puidust pink on suurep\u00e4rane valik, kui soovite lisada oma koju maal\u00e4hedast sarmi. Pingil on suur sisemine panipaik, mis pakub piisavalt ruumi k\u00f5ikidele&hellip;<\/p>","protected":false},"featured_media":346983,"comment_status":"open","ping_status":"closed","template":"","meta":{"wprm-recipe-roundup-name":"","wprm-recipe-roundup-description":""},"product_brand":[],"product_cat":[684],"product_tag":[686,547,554,540,685],"class_list":{"0":"post-346995","1":"product","2":"type-product","3":"status-publish","4":"has-post-thumbnail","6":"product_cat-esikupingid","7":"product_tag-esikupingid","8":"product_tag-moobel","9":"product_tag-ouemoobli-komplektid","10":"product_tag-parcel","11":"product_tag-pingid","12":"pa_brand-vidaxl","14":"first","15":"instock","16":"taxable","17":"shipping-taxable","18":"purchasable","19":"product-type-simple"},"supplier_id":null,"supplier_sku":"","barcode":null,"atum_controlled":false,"out_stock_date":null,"out_stock_threshold":null,"inheritable":false,"inbound_stock":null,"stock_on_hold":null,"sold_today":null,"sales_last_days":null,"reserved_stock":null,"customer_returns":null,"warehouse_damage":null,"lost_in_post":null,"other_logs":null,"out_stock_days":null,"lost_sales":null,"has_location":null,"update_date":"2026-05-15T06:26:36","atum_locations":[],"atum_stock_status":"instock","restock_status":false,"low_stock_amount":"","sales_update_date":null,"calc_backorders":null,"aioseo_notices":[],"_links":{"self":[{"href":"https:\/\/ecoshop.ee\/en\/wp-json\/wp\/v2\/product\/346995","targetHints":{"allow":["GET"]}}],"collection":[{"href":"https:\/\/ecoshop.ee\/en\/wp-json\/wp\/v2\/product"}],"about":[{"href":"https:\/\/ecoshop.ee\/en\/wp-json\/wp\/v2\/types\/product"}],"replies":[{"embeddable":true,"href":"https:\/\/ecoshop.ee\/en\/wp-json\/wp\/v2\/comments?post=346995"}],"version-history":[{"count":0,"href":"https:\/\/ecoshop.ee\/en\/wp-json\/wp\/v2\/product\/346995\/revisions"}],"wp:featuredmedia":[{"embeddable":true,"href":"https:\/\/ecoshop.ee\/en\/wp-json\/wp\/v2\/media\/346983"}],"wp:attachment":[{"href":"https:\/\/ecoshop.ee\/en\/wp-json\/wp\/v2\/media?parent=346995"}],"wp:term":[{"taxonomy":"product_brand","embeddable":true,"href":"https:\/\/ecoshop.ee\/en\/wp-json\/wp\/v2\/product_brand?post=346995"},{"taxonomy":"product_cat","embeddable":true,"href":"https:\/\/ecoshop.ee\/en\/wp-json\/wp\/v2\/product_cat?post=346995"},{"taxonomy":"product_tag","embeddable":true,"href":"https:\/\/ecoshop.ee\/en\/wp-json\/wp\/v2\/product_tag?post=346995"}],"curies":[{"name":"wp","href":"https:\/\/api.w.org\/{rel}","templated":true}]}}