{"id":347750,"date":"2026-02-28T01:17:43","date_gmt":"2026-02-27T22:17:43","guid":{"rendered":"https:\/\/ecoshop.ee\/maaratlemata\/hoiupink-tugev-taastatud-puit-ja-kangas-103-x-51-x-44-cm\/"},"modified":"2026-05-02T16:43:38","modified_gmt":"2026-05-02T13:43:38","slug":"storage-bench-strong-reclaimed-wood-and-fabric-103-x-51-x-44-cm","status":"publish","type":"product","link":"https:\/\/ecoshop.ee\/en\/esikupingid\/hoiupink-tugev-taastatud-puit-ja-kangas-103-x-51-x-44-cm\/","title":{"rendered":"Storage Bench, Sturdy Reclaimed Wood and Fabric, 103 x 51 x 44 Cm"},"content":{"rendered":"<p>This striking barrel-shaped storage bench exudes a rustic charm, making it a great addition to your interior design. It can also be used as a ottoman or storage box.<\/p>\n<\/p>\n<p>The comfortable bench is made of solid spruce wood and the padded seat is upholstered in fabric. It has plenty of space to keep things within reach but out of sight. The durable wooden base enhances its rustic style.<\/p>\n<\/p>\n<p>Easy to assemble.<\/p>\n<ul>\n<li>Color: cream and brown<\/li>\n<li>Material: spruce wood + fabric<\/li>\n<li>Dimensions: 103 x 51 x 44 cm (L x W x H)<\/li>\n<li>With cushioned and upholstered seat<\/li>\n<li>Seat cushion thickness: 6 cm<\/li>\n<li>Easy to assemble<\/li>\n<li>Fabric: Polyester: 100%<\/li>\n<\/ul>","protected":false},"excerpt":{"rendered":"<p>Silmapaistev vaadikujuline hoiupink \u00f5hkab maal\u00e4hedast sarmi, mis teeb sellest suurep\u00e4rase lisa teie sisekujundusele. Seda saab samuti kasutada tumbana v\u00f5i hoiukastina. Mugav pink&hellip;<\/p>","protected":false},"featured_media":347742,"comment_status":"open","ping_status":"closed","template":"","meta":{"wprm-recipe-roundup-name":"","wprm-recipe-roundup-description":""},"product_brand":[],"product_cat":[684],"product_tag":[686,1280,547,540,685],"class_list":{"0":"post-347750","1":"product","2":"type-product","3":"status-publish","4":"has-post-thumbnail","6":"product_cat-esikupingid","7":"product_tag-esikupingid","8":"product_tag-kreemjas","9":"product_tag-moobel","10":"product_tag-parcel","11":"product_tag-pingid","12":"pa_brand-vidaxl","14":"first","15":"instock","16":"taxable","17":"shipping-taxable","18":"purchasable","19":"product-type-simple"},"supplier_id":null,"supplier_sku":"","barcode":null,"atum_controlled":false,"out_stock_date":null,"out_stock_threshold":null,"inheritable":false,"inbound_stock":null,"stock_on_hold":null,"sold_today":null,"sales_last_days":null,"reserved_stock":null,"customer_returns":null,"warehouse_damage":null,"lost_in_post":null,"other_logs":null,"out_stock_days":null,"lost_sales":null,"has_location":null,"update_date":"2026-05-02T13:43:38","atum_locations":[],"atum_stock_status":"instock","restock_status":false,"low_stock_amount":"","sales_update_date":null,"calc_backorders":null,"aioseo_notices":[],"_links":{"self":[{"href":"https:\/\/ecoshop.ee\/en\/wp-json\/wp\/v2\/product\/347750","targetHints":{"allow":["GET"]}}],"collection":[{"href":"https:\/\/ecoshop.ee\/en\/wp-json\/wp\/v2\/product"}],"about":[{"href":"https:\/\/ecoshop.ee\/en\/wp-json\/wp\/v2\/types\/product"}],"replies":[{"embeddable":true,"href":"https:\/\/ecoshop.ee\/en\/wp-json\/wp\/v2\/comments?post=347750"}],"version-history":[{"count":0,"href":"https:\/\/ecoshop.ee\/en\/wp-json\/wp\/v2\/product\/347750\/revisions"}],"wp:featuredmedia":[{"embeddable":true,"href":"https:\/\/ecoshop.ee\/en\/wp-json\/wp\/v2\/media\/347742"}],"wp:attachment":[{"href":"https:\/\/ecoshop.ee\/en\/wp-json\/wp\/v2\/media?parent=347750"}],"wp:term":[{"taxonomy":"product_brand","embeddable":true,"href":"https:\/\/ecoshop.ee\/en\/wp-json\/wp\/v2\/product_brand?post=347750"},{"taxonomy":"product_cat","embeddable":true,"href":"https:\/\/ecoshop.ee\/en\/wp-json\/wp\/v2\/product_cat?post=347750"},{"taxonomy":"product_tag","embeddable":true,"href":"https:\/\/ecoshop.ee\/en\/wp-json\/wp\/v2\/product_tag?post=347750"}],"curies":[{"name":"wp","href":"https:\/\/api.w.org\/{rel}","templated":true}]}}