{"id":347763,"date":"2026-02-28T01:17:54","date_gmt":"2026-02-27T22:17:54","guid":{"rendered":"https:\/\/ecoshop.ee\/maaratlemata\/pink-115-cm-taaskasutatud-puidust\/"},"modified":"2026-05-13T03:26:57","modified_gmt":"2026-05-13T00:26:57","slug":"bench-115-cm-made-of-reclaimed-wood","status":"publish","type":"product","link":"https:\/\/ecoshop.ee\/en\/esikupingid\/pink-115-cm-taaskasutatud-puidust\/","title":{"rendered":"Bench 115 Cm Reclaimed Wood"},"content":{"rendered":"<p>A vintage-style wooden bench adds an antique feel and is also a timeless addition to your room.<\/p>\n<\/p>\n<p>The bench is handcrafted from reclaimed solid wood, which is a combination of reclaimed woods including teak, mango, pine, beech, etc. The wood is reclaimed from old buildings such as factories, sheds and boats. This is a fantastic eco-friendly way to make furniture. Handcrafted, each piece can have a different shade of blue, green, red and yellow.<\/p>\n<\/p>\n<p>Important note: The color and wood grain vary from piece to piece, making each piece of furniture unique and slightly different from the last. The color of the item delivered is also random. <\/p>\n<ul>\n<li>Color: multicolor<\/li>\n<li>Material: Reclaimed wood with boat wood finish<\/li>\n<li>Dimensions: 115 x 51 x 80 cm (W x D x H)<\/li>\n<li>Seat height from the ground: 45 cm<\/li>\n<li>Armrest height from the ground: 60 cm<\/li>\n<li>Assembly required: yes<\/li>\n<\/ul>","protected":false},"excerpt":{"rendered":"<p>Vanaaegses stiilis puidust pink lisab antiikset h\u00f5ngu ning on samas ka ajatu t\u00e4iendus teie toale. Pink on k\u00e4sit\u00f6\u00f6na valmistatud taastatud t\u00e4ispuidust, mis&hellip;<\/p>","protected":false},"featured_media":347752,"comment_status":"open","ping_status":"closed","template":"","meta":{"wprm-recipe-roundup-name":"","wprm-recipe-roundup-description":""},"product_brand":[],"product_cat":[684],"product_tag":[686,883,547,540,685],"class_list":{"0":"post-347763","1":"product","2":"type-product","3":"status-publish","4":"has-post-thumbnail","6":"product_cat-esikupingid","7":"product_tag-esikupingid","8":"product_tag-mitmevarviline","9":"product_tag-moobel","10":"product_tag-parcel","11":"product_tag-pingid","12":"pa_brand-vidaxl","14":"first","15":"instock","16":"taxable","17":"shipping-taxable","18":"purchasable","19":"product-type-simple"},"supplier_id":null,"supplier_sku":"","barcode":null,"atum_controlled":false,"out_stock_date":null,"out_stock_threshold":null,"inheritable":false,"inbound_stock":null,"stock_on_hold":0,"sold_today":0,"sales_last_days":0,"reserved_stock":null,"customer_returns":null,"warehouse_damage":null,"lost_in_post":null,"other_logs":null,"out_stock_days":0,"lost_sales":0,"has_location":null,"update_date":"2026-05-13T00:26:58","atum_locations":[],"atum_stock_status":"instock","restock_status":false,"low_stock_amount":"","sales_update_date":"2026-03-05T01:11:42","calc_backorders":null,"aioseo_notices":[],"_links":{"self":[{"href":"https:\/\/ecoshop.ee\/en\/wp-json\/wp\/v2\/product\/347763","targetHints":{"allow":["GET"]}}],"collection":[{"href":"https:\/\/ecoshop.ee\/en\/wp-json\/wp\/v2\/product"}],"about":[{"href":"https:\/\/ecoshop.ee\/en\/wp-json\/wp\/v2\/types\/product"}],"replies":[{"embeddable":true,"href":"https:\/\/ecoshop.ee\/en\/wp-json\/wp\/v2\/comments?post=347763"}],"version-history":[{"count":0,"href":"https:\/\/ecoshop.ee\/en\/wp-json\/wp\/v2\/product\/347763\/revisions"}],"wp:featuredmedia":[{"embeddable":true,"href":"https:\/\/ecoshop.ee\/en\/wp-json\/wp\/v2\/media\/347752"}],"wp:attachment":[{"href":"https:\/\/ecoshop.ee\/en\/wp-json\/wp\/v2\/media?parent=347763"}],"wp:term":[{"taxonomy":"product_brand","embeddable":true,"href":"https:\/\/ecoshop.ee\/en\/wp-json\/wp\/v2\/product_brand?post=347763"},{"taxonomy":"product_cat","embeddable":true,"href":"https:\/\/ecoshop.ee\/en\/wp-json\/wp\/v2\/product_cat?post=347763"},{"taxonomy":"product_tag","embeddable":true,"href":"https:\/\/ecoshop.ee\/en\/wp-json\/wp\/v2\/product_tag?post=347763"}],"curies":[{"name":"wp","href":"https:\/\/api.w.org\/{rel}","templated":true}]}}