{"id":350543,"date":"2026-02-28T03:33:23","date_gmt":"2026-02-28T00:33:23","guid":{"rendered":"https:\/\/ecoshop.ee\/maaratlemata\/voodiuhendus-25-x-200-cm\/"},"modified":"2026-05-15T09:27:00","modified_gmt":"2026-05-15T06:27:00","slug":"bed-combination-25-x-200-cm","status":"publish","type":"product","link":"https:\/\/ecoshop.ee\/en\/madratsid\/voodiuhendus-25-x-200-cm\/","title":{"rendered":"Bed connection 25 x 200 Cm"},"content":{"rendered":"<p>Have you ever been bothered by the gap between two beds? Try our comfortable bed gap mattress!<\/p>\n<\/p>\n<p>With the bed connection, you can turn two single beds into one wide bed and enjoy a large, even sleeping surface. Thanks to the thick and soft layer, the bed connection makes lying more comfortable.<\/p>\n<\/p>\n<p>Please note that the mattress connection is not washable.<\/p>\n<ul>\n<li>Colour: white<\/li>\n<li>Material: foam<\/li>\n<li>Dimensions: 25 x 200 x 8 cm (W x L x H)<\/li>\n<li>For connecting 2 bed mattresses<\/li>\n<\/ul>","protected":false},"excerpt":{"rendered":"<p>Kas teid on kunagi h\u00e4irinud kahe voodi vaheline vahe? Proovige meie mugavat voodivahe madratsit! Voodite \u00fchendusega saate muuta kaks \u00fchekohalist voodit \u00fcheks&hellip;<\/p>","protected":false},"featured_media":350539,"comment_status":"open","ping_status":"closed","template":"","meta":{"wprm-recipe-roundup-name":"","wprm-recipe-roundup-description":""},"product_brand":[],"product_cat":[825],"product_tag":[859,536,858,540,539,537,538],"class_list":{"0":"post-350543","1":"product","2":"type-product","3":"status-publish","4":"has-post-thumbnail","6":"product_cat-madratsid","7":"product_tag-kattemadratsid","8":"product_tag-kodu-ja-aed","9":"product_tag-madratsikatted","10":"product_tag-parcel","11":"product_tag-voodilinad","12":"product_tag-voodipesu","13":"product_tag-voodiriided","14":"pa_brand-vidaxl","16":"first","17":"instock","18":"taxable","19":"shipping-taxable","20":"purchasable","21":"product-type-simple"},"supplier_id":null,"supplier_sku":"","barcode":null,"atum_controlled":false,"out_stock_date":null,"out_stock_threshold":null,"inheritable":false,"inbound_stock":null,"stock_on_hold":null,"sold_today":null,"sales_last_days":null,"reserved_stock":null,"customer_returns":null,"warehouse_damage":null,"lost_in_post":null,"other_logs":null,"out_stock_days":null,"lost_sales":null,"has_location":null,"update_date":"2026-05-15T06:27:00","atum_locations":[],"atum_stock_status":"instock","restock_status":false,"low_stock_amount":"","sales_update_date":null,"calc_backorders":null,"aioseo_notices":[],"_links":{"self":[{"href":"https:\/\/ecoshop.ee\/en\/wp-json\/wp\/v2\/product\/350543","targetHints":{"allow":["GET"]}}],"collection":[{"href":"https:\/\/ecoshop.ee\/en\/wp-json\/wp\/v2\/product"}],"about":[{"href":"https:\/\/ecoshop.ee\/en\/wp-json\/wp\/v2\/types\/product"}],"replies":[{"embeddable":true,"href":"https:\/\/ecoshop.ee\/en\/wp-json\/wp\/v2\/comments?post=350543"}],"version-history":[{"count":0,"href":"https:\/\/ecoshop.ee\/en\/wp-json\/wp\/v2\/product\/350543\/revisions"}],"wp:featuredmedia":[{"embeddable":true,"href":"https:\/\/ecoshop.ee\/en\/wp-json\/wp\/v2\/media\/350539"}],"wp:attachment":[{"href":"https:\/\/ecoshop.ee\/en\/wp-json\/wp\/v2\/media?parent=350543"}],"wp:term":[{"taxonomy":"product_brand","embeddable":true,"href":"https:\/\/ecoshop.ee\/en\/wp-json\/wp\/v2\/product_brand?post=350543"},{"taxonomy":"product_cat","embeddable":true,"href":"https:\/\/ecoshop.ee\/en\/wp-json\/wp\/v2\/product_cat?post=350543"},{"taxonomy":"product_tag","embeddable":true,"href":"https:\/\/ecoshop.ee\/en\/wp-json\/wp\/v2\/product_tag?post=350543"}],"curies":[{"name":"wp","href":"https:\/\/api.w.org\/{rel}","templated":true}]}}