{"id":355658,"date":"2026-02-28T05:33:16","date_gmt":"2026-02-28T02:33:16","guid":{"rendered":"https:\/\/ecoshop.ee\/maaratlemata\/anduriga-oue-led-seinavalgusti-survealumiinium-2\/"},"modified":"2026-04-26T22:29:21","modified_gmt":"2026-04-26T19:29:21","slug":"sensor-oue-led-wall-light-die-cast-aluminum-2","status":"publish","type":"product","link":"https:\/\/ecoshop.ee\/en\/valivalgustid\/anduriga-oue-led-seinavalgusti-survealumiinium-2\/","title":{"rendered":"Outdoor LED Wall Light with Sensor, Die-Cast Aluminum"},"content":{"rendered":"<p>Refresh your outdoor area with this outdoor LED wall light!<\/p>\n<\/p>\n<ul>\n<li> IP54 rating: Thanks to its die-cast aluminum housing with an IP54 rating, the outdoor wall light is weatherproof, strong and durable and therefore extremely suitable for outdoor use. <\/li>\n<li> PIR motion sensor: The outdoor wall light is equipped with a built-in PIR (passive infrared) motion sensor with a detection angle of 120\u00b0 and an effective range of up to 10 meters. The light is automatically activated when motion is detected, and the light duration can be adjusted from 8 seconds to 3.5 minutes. <\/li>\n<li> With diffuser: The outdoor wall light is equipped with a PC diffuser, which helps protect the light source from elements such as dust, water and debris, while providing an even and diffused light output. <\/li>\n<li> Built-in LED lights: The wall lights are equipped with energy-efficient LED lights that provide bright and focused light that can enhance the ambiance of any room. <\/li>\n<li> Versatility: The stylish garden lamp is versatile and can be used for various outdoor lighting applications, such as illuminating a garden, driveway or porch, and enhancing outdoor decor.<\/li>\n<\/ul>\n<ul>\n<li>Color: black<\/li>\n<li>Material: die-cast aluminum, PC (polycarbonate)<\/li>\n<li>Dimensions: 27.5 x 7 x 10 cm (L x W x H)<\/li>\n<li>Rated power: 9 W<\/li>\n<li>Color temperature: 3000 k<\/li>\n<li>Voltage: 220-240 V~, 50\/60 Hz<\/li>\n<li>IP level: IP54<\/li>\n<li>With a sensor that automatically turns the lamp on when motion is detected<\/li>\n<li>Sensor type: passive infrared<\/li>\n<li>Motion detection angle: 120\u00b0<\/li>\n<li>Effective radius up to 10 m<\/li>\n<li>Time setting: 8 seconds to 3.5 minutes<\/li>\n<li>Suitable for the yard<\/li>\n<\/ul>","protected":false},"excerpt":{"rendered":"<p>V\u00e4rskendage oma \u00f5ueala selle \u00f5ue LED-seinavalgustiga! IP54 hinnang: t\u00e4nu oma survealumiiniumist korpusele, millel on IP54 hinnang, on v\u00e4lisseinavalgusti ilmastikukindel, tugev ja vastupidav&hellip;<\/p>","protected":false},"featured_media":355649,"comment_status":"open","ping_status":"closed","template":"","meta":{"wprm-recipe-roundup-name":"","wprm-recipe-roundup-description":""},"product_brand":[],"product_cat":[3189],"product_tag":[3309,536,544,3190,540],"class_list":{"0":"post-355658","1":"product","2":"type-product","3":"status-publish","4":"has-post-thumbnail","6":"product_cat-valivalgustid","7":"product_tag-aiatuled","8":"product_tag-kodu-ja-aed","9":"product_tag-must","10":"product_tag-ouevalgustus","11":"product_tag-parcel","12":"pa_brand-vidaxl","14":"first","15":"instock","16":"taxable","17":"shipping-taxable","18":"purchasable","19":"product-type-simple"},"supplier_id":null,"supplier_sku":"","barcode":null,"atum_controlled":false,"out_stock_date":null,"out_stock_threshold":null,"inheritable":false,"inbound_stock":null,"stock_on_hold":0,"sold_today":0,"sales_last_days":0,"reserved_stock":null,"customer_returns":null,"warehouse_damage":null,"lost_in_post":null,"other_logs":null,"out_stock_days":0,"lost_sales":0,"has_location":null,"update_date":"2026-04-26T19:29:21","atum_locations":[],"atum_stock_status":"instock","restock_status":false,"low_stock_amount":"","sales_update_date":"2026-03-07T01:12:07","calc_backorders":null,"aioseo_notices":[],"_links":{"self":[{"href":"https:\/\/ecoshop.ee\/en\/wp-json\/wp\/v2\/product\/355658","targetHints":{"allow":["GET"]}}],"collection":[{"href":"https:\/\/ecoshop.ee\/en\/wp-json\/wp\/v2\/product"}],"about":[{"href":"https:\/\/ecoshop.ee\/en\/wp-json\/wp\/v2\/types\/product"}],"replies":[{"embeddable":true,"href":"https:\/\/ecoshop.ee\/en\/wp-json\/wp\/v2\/comments?post=355658"}],"version-history":[{"count":0,"href":"https:\/\/ecoshop.ee\/en\/wp-json\/wp\/v2\/product\/355658\/revisions"}],"wp:featuredmedia":[{"embeddable":true,"href":"https:\/\/ecoshop.ee\/en\/wp-json\/wp\/v2\/media\/355649"}],"wp:attachment":[{"href":"https:\/\/ecoshop.ee\/en\/wp-json\/wp\/v2\/media?parent=355658"}],"wp:term":[{"taxonomy":"product_brand","embeddable":true,"href":"https:\/\/ecoshop.ee\/en\/wp-json\/wp\/v2\/product_brand?post=355658"},{"taxonomy":"product_cat","embeddable":true,"href":"https:\/\/ecoshop.ee\/en\/wp-json\/wp\/v2\/product_cat?post=355658"},{"taxonomy":"product_tag","embeddable":true,"href":"https:\/\/ecoshop.ee\/en\/wp-json\/wp\/v2\/product_tag?post=355658"}],"curies":[{"name":"wp","href":"https:\/\/api.w.org\/{rel}","templated":true}]}}