{"id":355936,"date":"2026-02-28T05:43:38","date_gmt":"2026-02-28T02:43:38","guid":{"rendered":"https:\/\/ecoshop.ee\/maaratlemata\/aiakaar-2-tk-taimede-ronimiseks\/"},"modified":"2026-04-01T17:50:01","modified_gmt":"2026-04-01T14:50:01","slug":"garden-arch-2-pcs-for-climbing-plants","status":"publish","type":"product","link":"https:\/\/ecoshop.ee\/en\/taimetoed-ja-aiakaared\/aiakaar-2-tk-taimede-ronimiseks\/","title":{"rendered":"Garden Arch 2 Pieces for Climbing Plants"},"content":{"rendered":"<p>This set of 2 high-quality garden arches, the best choice for roses and climbing plants, will be a real eye-catcher in any garden or terrace. Made of durable iron, this weatherproof garden arch is strong enough to support the most vigorous climbing plants. With a width of 1.4 m, the garden arch is 2.4 m long and you can decide the depth with the part that is dug into the ground for better stability. This garden arch can be easily installed and fixed. 2 pieces are included in the delivery.<\/p>\n<ul>\n<li>Dimensions: 140 x 39 x 240 cm (L x W x H)<\/li>\n<li>Material: Iron<\/li>\n<li>Color: Dark green<\/li>\n<li>2 pcs included<\/li>\n<\/ul>","protected":false},"excerpt":{"rendered":"<p>See 2 k\u00f5rgkvaliteetse aiakaare komplekt, parim valik roosidele ja ronivatele taimedele, on t\u00f5eliselt silmapaistev igas aias v\u00f5i terrassil. Valmistatud vastupidavast rauast, see&hellip;<\/p>","protected":false},"featured_media":355930,"comment_status":"open","ping_status":"closed","template":"","meta":{"wprm-recipe-roundup-name":"","wprm-recipe-roundup-description":""},"product_brand":[],"product_cat":[7039],"product_tag":[7079,7078,2127,7077,7051,536,4867,540,879],"class_list":{"0":"post-355936","1":"product","2":"type-product","3":"status-publish","4":"has-post-thumbnail","6":"product_cat-taimetoed-ja-aiakaared","7":"product_tag-plaadid-ja-varjualused","8":"product_tag-vored","9":"product_tag-aed-ja-muru","10":"product_tag-aiakaared","11":"product_tag-aiakujundus","12":"product_tag-kodu-ja-aed","13":"product_tag-ouetegevused","14":"product_tag-parcel","15":"product_tag-roheline","16":"pa_brand-vidaxl","18":"first","19":"instock","20":"taxable","21":"shipping-taxable","22":"purchasable","23":"product-type-simple"},"supplier_id":null,"supplier_sku":"","barcode":null,"atum_controlled":false,"out_stock_date":null,"out_stock_threshold":null,"inheritable":false,"inbound_stock":null,"stock_on_hold":0,"sold_today":0,"sales_last_days":0,"reserved_stock":null,"customer_returns":null,"warehouse_damage":null,"lost_in_post":null,"other_logs":null,"out_stock_days":0,"lost_sales":0,"has_location":null,"update_date":"2026-04-01T14:50:01","atum_locations":[],"atum_stock_status":"instock","restock_status":false,"low_stock_amount":"","sales_update_date":"2026-03-07T01:17:52","calc_backorders":null,"aioseo_notices":[],"_links":{"self":[{"href":"https:\/\/ecoshop.ee\/en\/wp-json\/wp\/v2\/product\/355936","targetHints":{"allow":["GET"]}}],"collection":[{"href":"https:\/\/ecoshop.ee\/en\/wp-json\/wp\/v2\/product"}],"about":[{"href":"https:\/\/ecoshop.ee\/en\/wp-json\/wp\/v2\/types\/product"}],"replies":[{"embeddable":true,"href":"https:\/\/ecoshop.ee\/en\/wp-json\/wp\/v2\/comments?post=355936"}],"version-history":[{"count":0,"href":"https:\/\/ecoshop.ee\/en\/wp-json\/wp\/v2\/product\/355936\/revisions"}],"wp:featuredmedia":[{"embeddable":true,"href":"https:\/\/ecoshop.ee\/en\/wp-json\/wp\/v2\/media\/355930"}],"wp:attachment":[{"href":"https:\/\/ecoshop.ee\/en\/wp-json\/wp\/v2\/media?parent=355936"}],"wp:term":[{"taxonomy":"product_brand","embeddable":true,"href":"https:\/\/ecoshop.ee\/en\/wp-json\/wp\/v2\/product_brand?post=355936"},{"taxonomy":"product_cat","embeddable":true,"href":"https:\/\/ecoshop.ee\/en\/wp-json\/wp\/v2\/product_cat?post=355936"},{"taxonomy":"product_tag","embeddable":true,"href":"https:\/\/ecoshop.ee\/en\/wp-json\/wp\/v2\/product_tag?post=355936"}],"curies":[{"name":"wp","href":"https:\/\/api.w.org\/{rel}","templated":true}]}}