{"id":356783,"date":"2026-02-28T06:15:59","date_gmt":"2026-02-28T03:15:59","guid":{"rendered":"https:\/\/ecoshop.ee\/maaratlemata\/aiakaar-nooleotsa-disain-ronitaimed-tumeroheline\/"},"modified":"2026-05-15T04:15:23","modified_gmt":"2026-05-15T01:15:23","slug":"garden-arch-arrowhead-design-climbing-plants-dark-green","status":"publish","type":"product","link":"https:\/\/ecoshop.ee\/en\/taimetoed-ja-aiakaared\/aiakaar-nooleotsa-disain-ronitaimed-tumeroheline\/","title":{"rendered":"Garden Arch Arrowhead Design, Climbing Plants, Dark Green"},"content":{"rendered":"<p>This high-quality garden arch is the perfect choice for roses and climbing plants and will be an eye-catcher in any garden, terrace or balcony.<\/p>\n<\/p>\n<p>Made of durable iron, the garden arch is strong enough to support even the most vigorous climbing plants. The 129 cm wide garden arch is 283 cm high, and you can choose how deep you bury it in the ground for the best stability. The garden arch is easy to install. <\/p>\n<ul>\n<li>Color: dark green<\/li>\n<li>Dimensions: 129 x 60 x 283 cm (W x D x H)<\/li>\n<li>Material: iron<\/li>\n<\/ul>","protected":false},"excerpt":{"rendered":"<p>Kvaliteetne aiakaar on t\u00e4iuslik valik rooside ja ronitaimede jaoks ning p\u00fc\u00fcab igas aias, terrassil v\u00f5i r\u00f5dul pilku. Vastupidavast rauast valmistatav aiakaar on&hellip;<\/p>","protected":false},"featured_media":356775,"comment_status":"open","ping_status":"closed","template":"","meta":{"wprm-recipe-roundup-name":"","wprm-recipe-roundup-description":""},"product_brand":[],"product_cat":[7039],"product_tag":[7079,7078,2127,7077,7051,536,4867,540,879],"class_list":{"0":"post-356783","1":"product","2":"type-product","3":"status-publish","4":"has-post-thumbnail","6":"product_cat-taimetoed-ja-aiakaared","7":"product_tag-plaadid-ja-varjualused","8":"product_tag-vored","9":"product_tag-aed-ja-muru","10":"product_tag-aiakaared","11":"product_tag-aiakujundus","12":"product_tag-kodu-ja-aed","13":"product_tag-ouetegevused","14":"product_tag-parcel","15":"product_tag-roheline","16":"pa_brand-vidaxl","18":"first","19":"instock","20":"taxable","21":"shipping-taxable","22":"purchasable","23":"product-type-simple"},"supplier_id":null,"supplier_sku":"","barcode":null,"atum_controlled":false,"out_stock_date":null,"out_stock_threshold":null,"inheritable":false,"inbound_stock":null,"stock_on_hold":null,"sold_today":null,"sales_last_days":null,"reserved_stock":null,"customer_returns":null,"warehouse_damage":null,"lost_in_post":null,"other_logs":null,"out_stock_days":null,"lost_sales":null,"has_location":null,"update_date":"2026-05-15T01:15:24","atum_locations":[],"atum_stock_status":"instock","restock_status":false,"low_stock_amount":"","sales_update_date":null,"calc_backorders":null,"aioseo_notices":[],"_links":{"self":[{"href":"https:\/\/ecoshop.ee\/en\/wp-json\/wp\/v2\/product\/356783","targetHints":{"allow":["GET"]}}],"collection":[{"href":"https:\/\/ecoshop.ee\/en\/wp-json\/wp\/v2\/product"}],"about":[{"href":"https:\/\/ecoshop.ee\/en\/wp-json\/wp\/v2\/types\/product"}],"replies":[{"embeddable":true,"href":"https:\/\/ecoshop.ee\/en\/wp-json\/wp\/v2\/comments?post=356783"}],"version-history":[{"count":0,"href":"https:\/\/ecoshop.ee\/en\/wp-json\/wp\/v2\/product\/356783\/revisions"}],"wp:featuredmedia":[{"embeddable":true,"href":"https:\/\/ecoshop.ee\/en\/wp-json\/wp\/v2\/media\/356775"}],"wp:attachment":[{"href":"https:\/\/ecoshop.ee\/en\/wp-json\/wp\/v2\/media?parent=356783"}],"wp:term":[{"taxonomy":"product_brand","embeddable":true,"href":"https:\/\/ecoshop.ee\/en\/wp-json\/wp\/v2\/product_brand?post=356783"},{"taxonomy":"product_cat","embeddable":true,"href":"https:\/\/ecoshop.ee\/en\/wp-json\/wp\/v2\/product_cat?post=356783"},{"taxonomy":"product_tag","embeddable":true,"href":"https:\/\/ecoshop.ee\/en\/wp-json\/wp\/v2\/product_tag?post=356783"}],"curies":[{"name":"wp","href":"https:\/\/api.w.org\/{rel}","templated":true}]}}