{"id":356790,"date":"2026-02-28T06:16:09","date_gmt":"2026-02-28T03:16:09","guid":{"rendered":"https:\/\/ecoshop.ee\/maaratlemata\/aiakaar-tumeroheline-142-x-37-x-275-cm-raud\/"},"modified":"2026-05-15T09:27:17","modified_gmt":"2026-05-15T06:27:17","slug":"garden-arch-dark-green-142-x-37-x-275-cm-iron","status":"publish","type":"product","link":"https:\/\/ecoshop.ee\/en\/taimetoed-ja-aiakaared\/aiakaar-tumeroheline-142-x-37-x-275-cm-raud\/","title":{"rendered":"Garden Arch, Dark Green, 142 x 37 x 275 Cm, Iron"},"content":{"rendered":"<p>A garden arch is a simple and beautiful way to add an elegant touch to your garden. You can use it as an arch support for climbing plants or decorate it with flowers or balloons for weddings and other special events.<\/p>\n<\/p>\n<p>The iron tube gazebo is coated with weatherproof black epoxy, making it strong and easy to maintain. The garden arch is easy to assemble.<\/p>\n<ul>\n<li>Color: dark green<\/li>\n<li>Material: powder-coated iron, plastic<\/li>\n<li>Dimensions: 142 x 37 x 275 cm (W x D x H)<\/li>\n<li>Weatherproof<\/li>\n<li>Assembly required: yes<\/li>\n<\/ul>","protected":false},"excerpt":{"rendered":"<p>Aiakaar on lihtne ja kena viis aeda elegantse noodi lisamiseks. Saate seda kasutada kaartoena ronitaimedele v\u00f5i kaunistada seda lillede v\u00f5i \u00f5hupallidega pulmade&hellip;<\/p>","protected":false},"featured_media":356784,"comment_status":"open","ping_status":"closed","template":"","meta":{"wprm-recipe-roundup-name":"","wprm-recipe-roundup-description":""},"product_brand":[],"product_cat":[7039],"product_tag":[7079,7078,2127,7077,7051,536,4867,540,879],"class_list":{"0":"post-356790","1":"product","2":"type-product","3":"status-publish","4":"has-post-thumbnail","6":"product_cat-taimetoed-ja-aiakaared","7":"product_tag-plaadid-ja-varjualused","8":"product_tag-vored","9":"product_tag-aed-ja-muru","10":"product_tag-aiakaared","11":"product_tag-aiakujundus","12":"product_tag-kodu-ja-aed","13":"product_tag-ouetegevused","14":"product_tag-parcel","15":"product_tag-roheline","16":"pa_brand-vidaxl","18":"first","19":"instock","20":"taxable","21":"shipping-taxable","22":"purchasable","23":"product-type-simple"},"supplier_id":null,"supplier_sku":"","barcode":null,"atum_controlled":false,"out_stock_date":null,"out_stock_threshold":null,"inheritable":false,"inbound_stock":null,"stock_on_hold":0,"sold_today":0,"sales_last_days":0,"reserved_stock":null,"customer_returns":null,"warehouse_damage":null,"lost_in_post":null,"other_logs":null,"out_stock_days":0,"lost_sales":0,"has_location":null,"update_date":"2026-05-15T06:27:18","atum_locations":[],"atum_stock_status":"instock","restock_status":false,"low_stock_amount":"","sales_update_date":"2026-03-07T01:13:07","calc_backorders":null,"aioseo_notices":[],"_links":{"self":[{"href":"https:\/\/ecoshop.ee\/en\/wp-json\/wp\/v2\/product\/356790","targetHints":{"allow":["GET"]}}],"collection":[{"href":"https:\/\/ecoshop.ee\/en\/wp-json\/wp\/v2\/product"}],"about":[{"href":"https:\/\/ecoshop.ee\/en\/wp-json\/wp\/v2\/types\/product"}],"replies":[{"embeddable":true,"href":"https:\/\/ecoshop.ee\/en\/wp-json\/wp\/v2\/comments?post=356790"}],"version-history":[{"count":0,"href":"https:\/\/ecoshop.ee\/en\/wp-json\/wp\/v2\/product\/356790\/revisions"}],"wp:featuredmedia":[{"embeddable":true,"href":"https:\/\/ecoshop.ee\/en\/wp-json\/wp\/v2\/media\/356784"}],"wp:attachment":[{"href":"https:\/\/ecoshop.ee\/en\/wp-json\/wp\/v2\/media?parent=356790"}],"wp:term":[{"taxonomy":"product_brand","embeddable":true,"href":"https:\/\/ecoshop.ee\/en\/wp-json\/wp\/v2\/product_brand?post=356790"},{"taxonomy":"product_cat","embeddable":true,"href":"https:\/\/ecoshop.ee\/en\/wp-json\/wp\/v2\/product_cat?post=356790"},{"taxonomy":"product_tag","embeddable":true,"href":"https:\/\/ecoshop.ee\/en\/wp-json\/wp\/v2\/product_tag?post=356790"}],"curies":[{"name":"wp","href":"https:\/\/api.w.org\/{rel}","templated":true}]}}