{"id":356798,"date":"2026-02-28T06:16:20","date_gmt":"2026-02-28T03:16:20","guid":{"rendered":"https:\/\/ecoshop.ee\/maaratlemata\/lehtla-immutatud-mannipuit-180-x-210-x-40-cm\/"},"modified":"2026-05-15T09:27:17","modified_gmt":"2026-05-15T06:27:17","slug":"gazebo-impregnated-manniwood-180-x-210-x-40-cm","status":"publish","type":"product","link":"https:\/\/ecoshop.ee\/en\/taimetoed-ja-aiakaared\/lehtla-immutatud-mannipuit-180-x-210-x-40-cm\/","title":{"rendered":"Gazebo, Impregnated Pinewood, 180 x 210 x 40 Cm"},"content":{"rendered":"<p>Decorate your garden with a sturdy pine arbor that provides durable support for climbing plants and creates a beautiful seating area where you can relax and spend time.<\/p>\n<\/p>\n<p>Made of high-quality green-impregnated pine wood, this gazebo is strong, durable and rot-resistant. The gazebo is easy to assemble. The package includes 2 posts, 1 beam, 2 supports, 5 rafters and screws.<\/p>\n<\/p>\n<p>Please note that wood is a natural product and may have defects.<\/p>\n<\/p>\n<p>Good to know: Due to supplier restrictions, the package size is 120 cm or smaller.<\/p>\n<ul>\n<li>Material: impregnated pine wood<\/li>\n<li>Dimensions: 180 x 210 x 40 cm (L x W x H)<\/li>\n<li>Pole diameter: 6 cm<\/li>\n<li>Curved design<\/li>\n<li>Assembly required: yes<\/li>\n<li><strong>The package includes:<\/strong><\/li>\n<li>2 x poles<\/li>\n<li>1 x beam<\/li>\n<li>2 x support<\/li>\n<li>5 x rafters<\/li>\n<\/ul>","protected":false},"excerpt":{"rendered":"<p>Kaunistage aeda toeka m\u00e4nnipuidust lehtlaga, mis on vastupidavaks toeks ronitaimedele ja loob kauni istumisala, kus saate l\u00f5\u00f5gastuda ja aega veeta. Kvaliteetsest roheimmutusega&hellip;<\/p>","protected":false},"featured_media":356792,"comment_status":"open","ping_status":"closed","template":"","meta":{"wprm-recipe-roundup-name":"","wprm-recipe-roundup-description":""},"product_brand":[],"product_cat":[7039],"product_tag":[7079,7078,2127,7077,7051,536,4867,955,879],"class_list":{"0":"post-356798","1":"product","2":"type-product","3":"status-publish","4":"has-post-thumbnail","6":"product_cat-taimetoed-ja-aiakaared","7":"product_tag-plaadid-ja-varjualused","8":"product_tag-vored","9":"product_tag-aed-ja-muru","10":"product_tag-aiakaared","11":"product_tag-aiakujundus","12":"product_tag-kodu-ja-aed","13":"product_tag-ouetegevused","14":"product_tag-pallet","15":"product_tag-roheline","16":"pa_brand-vidaxl","18":"first","19":"instock","20":"taxable","21":"shipping-taxable","22":"purchasable","23":"product-type-simple"},"supplier_id":null,"supplier_sku":"","barcode":null,"atum_controlled":false,"out_stock_date":null,"out_stock_threshold":null,"inheritable":false,"inbound_stock":null,"stock_on_hold":null,"sold_today":null,"sales_last_days":null,"reserved_stock":null,"customer_returns":null,"warehouse_damage":null,"lost_in_post":null,"other_logs":null,"out_stock_days":null,"lost_sales":null,"has_location":null,"update_date":"2026-05-15T06:27:18","atum_locations":[],"atum_stock_status":"instock","restock_status":false,"low_stock_amount":"","sales_update_date":null,"calc_backorders":null,"aioseo_notices":[],"_links":{"self":[{"href":"https:\/\/ecoshop.ee\/en\/wp-json\/wp\/v2\/product\/356798","targetHints":{"allow":["GET"]}}],"collection":[{"href":"https:\/\/ecoshop.ee\/en\/wp-json\/wp\/v2\/product"}],"about":[{"href":"https:\/\/ecoshop.ee\/en\/wp-json\/wp\/v2\/types\/product"}],"replies":[{"embeddable":true,"href":"https:\/\/ecoshop.ee\/en\/wp-json\/wp\/v2\/comments?post=356798"}],"version-history":[{"count":0,"href":"https:\/\/ecoshop.ee\/en\/wp-json\/wp\/v2\/product\/356798\/revisions"}],"wp:featuredmedia":[{"embeddable":true,"href":"https:\/\/ecoshop.ee\/en\/wp-json\/wp\/v2\/media\/356792"}],"wp:attachment":[{"href":"https:\/\/ecoshop.ee\/en\/wp-json\/wp\/v2\/media?parent=356798"}],"wp:term":[{"taxonomy":"product_brand","embeddable":true,"href":"https:\/\/ecoshop.ee\/en\/wp-json\/wp\/v2\/product_brand?post=356798"},{"taxonomy":"product_cat","embeddable":true,"href":"https:\/\/ecoshop.ee\/en\/wp-json\/wp\/v2\/product_cat?post=356798"},{"taxonomy":"product_tag","embeddable":true,"href":"https:\/\/ecoshop.ee\/en\/wp-json\/wp\/v2\/product_tag?post=356798"}],"curies":[{"name":"wp","href":"https:\/\/api.w.org\/{rel}","templated":true}]}}