{"id":356880,"date":"2026-02-28T06:18:35","date_gmt":"2026-02-28T03:18:35","guid":{"rendered":"https:\/\/ecoshop.ee\/maaratlemata\/aiakaar-200-x-52-x-204-cm\/"},"modified":"2026-04-19T15:44:27","modified_gmt":"2026-04-19T12:44:27","slug":"garden-arch-200-x-52-x-204-cm","status":"publish","type":"product","link":"https:\/\/ecoshop.ee\/en\/taimetoed-ja-aiakaared\/aiakaar-200-x-52-x-204-cm\/","title":{"rendered":"Garden arch 200 x 52 x 204 Cm"},"content":{"rendered":"<p>The garden arch is a perfect choice for roses and climbing plants and will be an eye-catcher in any garden, terrace or balcony. <\/p>\n<p>The iron garden arch is strong enough to support climbing plants. The 200 cm wide garden arch is 204 cm high, and you can choose how deep you bury it in the ground.<\/p>\n<ul>\n<li>Total dimensions: 200 x 52 x 204 cm (W x D x H)<\/li>\n<li>Arch width: 150 cm<\/li>\n<li>Material: iron<\/li>\n<li>Color: black<\/li>\n<\/ul>","protected":false},"excerpt":{"rendered":"<p>Aiakaar on t\u00e4iuslik valik rooside ja ronitaimede jaoks ning p\u00fc\u00fcab igas aias, terrassil v\u00f5i r\u00f5dul pilku. Rauast valmistatav aiakaar on piisavalt tugev,&hellip;<\/p>","protected":false},"featured_media":356874,"comment_status":"open","ping_status":"closed","template":"","meta":{"wprm-recipe-roundup-name":"","wprm-recipe-roundup-description":""},"product_brand":[],"product_cat":[7039],"product_tag":[7079,7078,2127,7077,7051,536,544,4867,540],"class_list":{"0":"post-356880","1":"product","2":"type-product","3":"status-publish","4":"has-post-thumbnail","6":"product_cat-taimetoed-ja-aiakaared","7":"product_tag-plaadid-ja-varjualused","8":"product_tag-vored","9":"product_tag-aed-ja-muru","10":"product_tag-aiakaared","11":"product_tag-aiakujundus","12":"product_tag-kodu-ja-aed","13":"product_tag-must","14":"product_tag-ouetegevused","15":"product_tag-parcel","16":"pa_brand-vidaxl","18":"first","19":"instock","20":"taxable","21":"shipping-taxable","22":"purchasable","23":"product-type-simple"},"supplier_id":null,"supplier_sku":"","barcode":null,"atum_controlled":false,"out_stock_date":null,"out_stock_threshold":null,"inheritable":false,"inbound_stock":null,"stock_on_hold":0,"sold_today":1,"sales_last_days":1,"reserved_stock":null,"customer_returns":null,"warehouse_damage":null,"lost_in_post":null,"other_logs":null,"out_stock_days":0,"lost_sales":0,"has_location":null,"update_date":"2026-04-19T12:44:27","atum_locations":[],"atum_stock_status":"instock","restock_status":false,"low_stock_amount":"","sales_update_date":"2026-04-05T14:07:11","calc_backorders":null,"aioseo_notices":[],"_links":{"self":[{"href":"https:\/\/ecoshop.ee\/en\/wp-json\/wp\/v2\/product\/356880","targetHints":{"allow":["GET"]}}],"collection":[{"href":"https:\/\/ecoshop.ee\/en\/wp-json\/wp\/v2\/product"}],"about":[{"href":"https:\/\/ecoshop.ee\/en\/wp-json\/wp\/v2\/types\/product"}],"replies":[{"embeddable":true,"href":"https:\/\/ecoshop.ee\/en\/wp-json\/wp\/v2\/comments?post=356880"}],"version-history":[{"count":0,"href":"https:\/\/ecoshop.ee\/en\/wp-json\/wp\/v2\/product\/356880\/revisions"}],"wp:featuredmedia":[{"embeddable":true,"href":"https:\/\/ecoshop.ee\/en\/wp-json\/wp\/v2\/media\/356874"}],"wp:attachment":[{"href":"https:\/\/ecoshop.ee\/en\/wp-json\/wp\/v2\/media?parent=356880"}],"wp:term":[{"taxonomy":"product_brand","embeddable":true,"href":"https:\/\/ecoshop.ee\/en\/wp-json\/wp\/v2\/product_brand?post=356880"},{"taxonomy":"product_cat","embeddable":true,"href":"https:\/\/ecoshop.ee\/en\/wp-json\/wp\/v2\/product_cat?post=356880"},{"taxonomy":"product_tag","embeddable":true,"href":"https:\/\/ecoshop.ee\/en\/wp-json\/wp\/v2\/product_tag?post=356880"}],"curies":[{"name":"wp","href":"https:\/\/api.w.org\/{rel}","templated":true}]}}