{"id":356910,"date":"2026-02-28T06:19:07","date_gmt":"2026-02-28T03:19:07","guid":{"rendered":"https:\/\/ecoshop.ee\/maaratlemata\/roosikaar-bambus-118-x-40-x-187-cm\/"},"modified":"2026-05-14T09:22:26","modified_gmt":"2026-05-14T06:22:26","slug":"rose-arch-bamboo-118-x-40-x-187-cm","status":"publish","type":"product","link":"https:\/\/ecoshop.ee\/en\/taimetoed-ja-aiakaared\/roosikaar-bambus-118-x-40-x-187-cm\/","title":{"rendered":"Rosary, Bamboo, 118 x 40 x 187 Cm"},"content":{"rendered":"<p>The bamboo rose arch with its stable construction will be a real eye-catcher in your garden, terrace or balcony.<\/p>\n<\/p>\n<ul>\n<li>High-quality material: Made of weather-resistant and waterproof bamboo, the garden gazebo is durable and stable.<\/li>\n<li>Multiple uses: An outdoor gazebo is a beautiful addition to your garden. You can plant your favorite climbing plants according to the seasons. You can also decorate the gazebo with lights or fabric.<\/li>\n<li>Farmhouse Style: Add a unique touch to your interior. Farmhouse style has the perfect balance of design and style while adding a rustic atmosphere.<\/li>\n<\/ul>\n<ul>\n<li>Material: bamboo<\/li>\n<li>Overall dimensions: 118 x 40 x 187 cm (L x W x H)<\/li>\n<li>Walking width: 94 cm<\/li>\n<li>Assembly required: yes<\/li>\n<\/ul>","protected":false},"excerpt":{"rendered":"<p>Stabiilse konstruktsiooniga bambusest roosikaar on teie aias, terrassil v\u00f5i r\u00f5dul t\u00f5eliselt silmapaistev. Kvaliteetne materjal: ilmastiku- ja veekindlast bambusest valmistatud aialehtla on vastupidav&hellip;<\/p>","protected":false},"featured_media":356903,"comment_status":"open","ping_status":"closed","template":"","meta":{"wprm-recipe-roundup-name":"","wprm-recipe-roundup-description":""},"product_brand":[],"product_cat":[7039],"product_tag":[7079,7078,2127,7077,7051,536,554,4867,540],"class_list":{"0":"post-356910","1":"product","2":"type-product","3":"status-publish","4":"has-post-thumbnail","6":"product_cat-taimetoed-ja-aiakaared","7":"product_tag-plaadid-ja-varjualused","8":"product_tag-vored","9":"product_tag-aed-ja-muru","10":"product_tag-aiakaared","11":"product_tag-aiakujundus","12":"product_tag-kodu-ja-aed","13":"product_tag-ouemoobli-komplektid","14":"product_tag-ouetegevused","15":"product_tag-parcel","16":"pa_brand-vidaxl","18":"first","19":"instock","20":"taxable","21":"shipping-taxable","22":"purchasable","23":"product-type-simple"},"supplier_id":null,"supplier_sku":"","barcode":null,"atum_controlled":false,"out_stock_date":null,"out_stock_threshold":null,"inheritable":false,"inbound_stock":null,"stock_on_hold":null,"sold_today":null,"sales_last_days":null,"reserved_stock":null,"customer_returns":null,"warehouse_damage":null,"lost_in_post":null,"other_logs":null,"out_stock_days":null,"lost_sales":null,"has_location":null,"update_date":"2026-05-14T06:22:27","atum_locations":[],"atum_stock_status":"instock","restock_status":false,"low_stock_amount":"","sales_update_date":null,"calc_backorders":null,"aioseo_notices":[],"_links":{"self":[{"href":"https:\/\/ecoshop.ee\/en\/wp-json\/wp\/v2\/product\/356910","targetHints":{"allow":["GET"]}}],"collection":[{"href":"https:\/\/ecoshop.ee\/en\/wp-json\/wp\/v2\/product"}],"about":[{"href":"https:\/\/ecoshop.ee\/en\/wp-json\/wp\/v2\/types\/product"}],"replies":[{"embeddable":true,"href":"https:\/\/ecoshop.ee\/en\/wp-json\/wp\/v2\/comments?post=356910"}],"version-history":[{"count":0,"href":"https:\/\/ecoshop.ee\/en\/wp-json\/wp\/v2\/product\/356910\/revisions"}],"wp:featuredmedia":[{"embeddable":true,"href":"https:\/\/ecoshop.ee\/en\/wp-json\/wp\/v2\/media\/356903"}],"wp:attachment":[{"href":"https:\/\/ecoshop.ee\/en\/wp-json\/wp\/v2\/media?parent=356910"}],"wp:term":[{"taxonomy":"product_brand","embeddable":true,"href":"https:\/\/ecoshop.ee\/en\/wp-json\/wp\/v2\/product_brand?post=356910"},{"taxonomy":"product_cat","embeddable":true,"href":"https:\/\/ecoshop.ee\/en\/wp-json\/wp\/v2\/product_cat?post=356910"},{"taxonomy":"product_tag","embeddable":true,"href":"https:\/\/ecoshop.ee\/en\/wp-json\/wp\/v2\/product_tag?post=356910"}],"curies":[{"name":"wp","href":"https:\/\/api.w.org\/{rel}","templated":true}]}}