{"id":356940,"date":"2026-02-28T06:19:49","date_gmt":"2026-02-28T03:19:49","guid":{"rendered":"https:\/\/ecoshop.ee\/maaratlemata\/pingiga-roosikaar-aeda\/"},"modified":"2026-04-19T09:22:37","modified_gmt":"2026-04-19T06:22:37","slug":"garden-rose-arch-with-bench","status":"publish","type":"product","link":"https:\/\/ecoshop.ee\/en\/taimetoed-ja-aiakaared\/pingiga-roosikaar-aeda\/","title":{"rendered":"Garden with a bench Rosary"},"content":{"rendered":"<p>The rose arch with bench is a real eye-catcher in any garden, patio, terrace or anywhere else. The arch has beautifully designed details.<\/p>\n<\/p>\n<p> The arch has a good quality and stable construction. It is made of stainless metal, which is waterproof. The rose arch can be easily installed. Its maximum load capacity is 130 kg. Please note that the ground stakes are not included.<\/p>\n<ul>\n<li>Color: black<\/li>\n<li>Material: powder-coated metal (stainless)<\/li>\n<li>Dimensions: 114 x 57 x 210 cm (L x W x H)<\/li>\n<li>Bench seat height: 40 cm<\/li>\n<\/ul>","protected":false},"excerpt":{"rendered":"<p>Pingiga roosikaar p\u00fc\u00fcab igas aias, sisehoovis, terrassil v\u00f5i mujal pilke. Kaarel on kauni disainiga detailid. Kaarel on hea kvaliteet ja stabiilne konstruktsioon.&hellip;<\/p>","protected":false},"featured_media":356935,"comment_status":"open","ping_status":"closed","template":"","meta":{"wprm-recipe-roundup-name":"","wprm-recipe-roundup-description":""},"product_brand":[],"product_cat":[7039],"product_tag":[7079,7078,2127,7077,7051,536,544,4867,540],"class_list":{"0":"post-356940","1":"product","2":"type-product","3":"status-publish","4":"has-post-thumbnail","6":"product_cat-taimetoed-ja-aiakaared","7":"product_tag-plaadid-ja-varjualused","8":"product_tag-vored","9":"product_tag-aed-ja-muru","10":"product_tag-aiakaared","11":"product_tag-aiakujundus","12":"product_tag-kodu-ja-aed","13":"product_tag-must","14":"product_tag-ouetegevused","15":"product_tag-parcel","16":"pa_brand-vidaxl","18":"first","19":"instock","20":"taxable","21":"shipping-taxable","22":"purchasable","23":"product-type-simple"},"supplier_id":null,"supplier_sku":"","barcode":null,"atum_controlled":false,"out_stock_date":null,"out_stock_threshold":null,"inheritable":false,"inbound_stock":null,"stock_on_hold":null,"sold_today":null,"sales_last_days":null,"reserved_stock":null,"customer_returns":null,"warehouse_damage":null,"lost_in_post":null,"other_logs":null,"out_stock_days":null,"lost_sales":null,"has_location":null,"update_date":"2026-04-19T06:22:38","atum_locations":[],"atum_stock_status":"instock","restock_status":false,"low_stock_amount":"","sales_update_date":null,"calc_backorders":null,"aioseo_notices":[],"_links":{"self":[{"href":"https:\/\/ecoshop.ee\/en\/wp-json\/wp\/v2\/product\/356940","targetHints":{"allow":["GET"]}}],"collection":[{"href":"https:\/\/ecoshop.ee\/en\/wp-json\/wp\/v2\/product"}],"about":[{"href":"https:\/\/ecoshop.ee\/en\/wp-json\/wp\/v2\/types\/product"}],"replies":[{"embeddable":true,"href":"https:\/\/ecoshop.ee\/en\/wp-json\/wp\/v2\/comments?post=356940"}],"version-history":[{"count":0,"href":"https:\/\/ecoshop.ee\/en\/wp-json\/wp\/v2\/product\/356940\/revisions"}],"wp:featuredmedia":[{"embeddable":true,"href":"https:\/\/ecoshop.ee\/en\/wp-json\/wp\/v2\/media\/356935"}],"wp:attachment":[{"href":"https:\/\/ecoshop.ee\/en\/wp-json\/wp\/v2\/media?parent=356940"}],"wp:term":[{"taxonomy":"product_brand","embeddable":true,"href":"https:\/\/ecoshop.ee\/en\/wp-json\/wp\/v2\/product_brand?post=356940"},{"taxonomy":"product_cat","embeddable":true,"href":"https:\/\/ecoshop.ee\/en\/wp-json\/wp\/v2\/product_cat?post=356940"},{"taxonomy":"product_tag","embeddable":true,"href":"https:\/\/ecoshop.ee\/en\/wp-json\/wp\/v2\/product_tag?post=356940"}],"curies":[{"name":"wp","href":"https:\/\/api.w.org\/{rel}","templated":true}]}}