{"id":356959,"date":"2026-02-28T06:20:17","date_gmt":"2026-02-28T03:20:17","guid":{"rendered":"https:\/\/ecoshop.ee\/maaratlemata\/lehtla-bambusest-170-x-170-x-220-cm\/"},"modified":"2026-05-01T16:26:19","modified_gmt":"2026-05-01T13:26:19","slug":"bamboo-gazebo-170-x-170-x-220-cm","status":"publish","type":"product","link":"https:\/\/ecoshop.ee\/en\/taimetoed-ja-aiakaared\/lehtla-bambusest-170-x-170-x-220-cm\/","title":{"rendered":"Bamboo Gazebo, 170 x 170 x 220 Cm"},"content":{"rendered":"<p>A bamboo gazebo is the best decorative addition to your garden or yard.<\/p>\n<\/p>\n<p>It forms a stable base for roses and other climbing plants, and also allows you to create a nice seating area in the summer. The gazebo is carefully made of natural bamboo and is very strong and durable. Our garden gazebo is easy to assemble. Accessories are also included.<\/p>\n<\/p>\n<p>Please note that bamboo is a natural product and may have subtle defects.<\/p>\n<ul>\n<li>Material: bamboo<\/li>\n<li>Dimensions: 170 x 170 x 220 cm (L x W x H)<\/li>\n<li>Durable and stable<\/li>\n<li>Weatherproof<\/li>\n<li>Assembly required: yes<\/li>\n<\/ul>","protected":false},"excerpt":{"rendered":"<p>Bambusest lehtla on parim dekoratiivne lisa teie aeda v\u00f5i \u00f5ue. See moodustab rooside ja muude ronitaimede jaoks stabiilse aluse, mis v\u00f5imaldab suvel&hellip;<\/p>","protected":false},"featured_media":356955,"comment_status":"open","ping_status":"closed","template":"","meta":{"wprm-recipe-roundup-name":"","wprm-recipe-roundup-description":""},"product_brand":[],"product_cat":[7039],"product_tag":[7079,7078,2127,7077,7051,536,554,4867,540],"class_list":{"0":"post-356959","1":"product","2":"type-product","3":"status-publish","4":"has-post-thumbnail","6":"product_cat-taimetoed-ja-aiakaared","7":"product_tag-plaadid-ja-varjualused","8":"product_tag-vored","9":"product_tag-aed-ja-muru","10":"product_tag-aiakaared","11":"product_tag-aiakujundus","12":"product_tag-kodu-ja-aed","13":"product_tag-ouemoobli-komplektid","14":"product_tag-ouetegevused","15":"product_tag-parcel","16":"pa_brand-vidaxl","18":"first","19":"instock","20":"taxable","21":"shipping-taxable","22":"purchasable","23":"product-type-simple"},"supplier_id":null,"supplier_sku":"","barcode":null,"atum_controlled":false,"out_stock_date":null,"out_stock_threshold":null,"inheritable":false,"inbound_stock":null,"stock_on_hold":null,"sold_today":null,"sales_last_days":null,"reserved_stock":null,"customer_returns":null,"warehouse_damage":null,"lost_in_post":null,"other_logs":null,"out_stock_days":null,"lost_sales":null,"has_location":null,"update_date":"2026-05-01T13:26:19","atum_locations":[],"atum_stock_status":"instock","restock_status":false,"low_stock_amount":"","sales_update_date":null,"calc_backorders":null,"aioseo_notices":[],"_links":{"self":[{"href":"https:\/\/ecoshop.ee\/en\/wp-json\/wp\/v2\/product\/356959","targetHints":{"allow":["GET"]}}],"collection":[{"href":"https:\/\/ecoshop.ee\/en\/wp-json\/wp\/v2\/product"}],"about":[{"href":"https:\/\/ecoshop.ee\/en\/wp-json\/wp\/v2\/types\/product"}],"replies":[{"embeddable":true,"href":"https:\/\/ecoshop.ee\/en\/wp-json\/wp\/v2\/comments?post=356959"}],"version-history":[{"count":0,"href":"https:\/\/ecoshop.ee\/en\/wp-json\/wp\/v2\/product\/356959\/revisions"}],"wp:featuredmedia":[{"embeddable":true,"href":"https:\/\/ecoshop.ee\/en\/wp-json\/wp\/v2\/media\/356955"}],"wp:attachment":[{"href":"https:\/\/ecoshop.ee\/en\/wp-json\/wp\/v2\/media?parent=356959"}],"wp:term":[{"taxonomy":"product_brand","embeddable":true,"href":"https:\/\/ecoshop.ee\/en\/wp-json\/wp\/v2\/product_brand?post=356959"},{"taxonomy":"product_cat","embeddable":true,"href":"https:\/\/ecoshop.ee\/en\/wp-json\/wp\/v2\/product_cat?post=356959"},{"taxonomy":"product_tag","embeddable":true,"href":"https:\/\/ecoshop.ee\/en\/wp-json\/wp\/v2\/product_tag?post=356959"}],"curies":[{"name":"wp","href":"https:\/\/api.w.org\/{rel}","templated":true}]}}