{"id":357100,"date":"2026-02-28T06:23:20","date_gmt":"2026-02-28T03:23:20","guid":{"rendered":"https:\/\/ecoshop.ee\/maaratlemata\/lehtla-taimekastiga-162-x-56-x-204-cm-puit\/"},"modified":"2026-04-08T02:35:36","modified_gmt":"2026-04-07T23:35:36","slug":"gazebo-with-planter-box-162-x-56-x-204-cm-wood","status":"publish","type":"product","link":"https:\/\/ecoshop.ee\/en\/taimetoed-ja-aiakaared\/lehtla-taimekastiga-162-x-56-x-204-cm-puit\/","title":{"rendered":"Arbor with Plant Box 162 x 56 x 204 Cm, Wood"},"content":{"rendered":"<p>The wooden lattice flower pot has enough space to grow your favorite climbing plants. This unique flower pot will be an eye-catcher in your garden, terrace or balcony. <\/p>\n<\/p>\n<p>The grass-impregnated pinewood flower pot is stable, durable and rot-resistant. The included grid has enough space for climbing plants. <\/p>\n<\/p>\n<p>Very easy to assemble. Please note that wood is a natural product and may show imperfections.<\/p>\n<ul>\n<li>Material: pine wood, green impregnated<\/li>\n<li>Rot-resistant<\/li>\n<li>Overall size: 162 x 56 x 204 cm (L x W x H)<\/li>\n<li>Planter box size: 101 x 52 x 30 cm (L x W x H)<\/li>\n<li>Easy to assemble<\/li>\n<\/ul>","protected":false},"excerpt":{"rendered":"<p>Puidust restiga lillepotis on piisavalt ruumi teile meelep\u00e4raste ronitaimede kasvatamiseks. Unikaalne lillepott p\u00fc\u00fcab teie aias, terrassil v\u00f5i r\u00f5dul pilke. Roheimmutatud m\u00e4nnipuust lillepott&hellip;<\/p>","protected":false},"featured_media":357095,"comment_status":"open","ping_status":"closed","template":"","meta":{"wprm-recipe-roundup-name":"","wprm-recipe-roundup-description":""},"product_brand":[],"product_cat":[7039],"product_tag":[7079,7078,2127,7077,7051,536,554,4867,955],"class_list":{"0":"post-357100","1":"product","2":"type-product","3":"status-publish","4":"has-post-thumbnail","6":"product_cat-taimetoed-ja-aiakaared","7":"product_tag-plaadid-ja-varjualused","8":"product_tag-vored","9":"product_tag-aed-ja-muru","10":"product_tag-aiakaared","11":"product_tag-aiakujundus","12":"product_tag-kodu-ja-aed","13":"product_tag-ouemoobli-komplektid","14":"product_tag-ouetegevused","15":"product_tag-pallet","16":"pa_brand-vidaxl","18":"first","19":"instock","20":"taxable","21":"shipping-taxable","22":"purchasable","23":"product-type-simple"},"supplier_id":null,"supplier_sku":"","barcode":null,"atum_controlled":false,"out_stock_date":null,"out_stock_threshold":null,"inheritable":false,"inbound_stock":null,"stock_on_hold":null,"sold_today":null,"sales_last_days":null,"reserved_stock":null,"customer_returns":null,"warehouse_damage":null,"lost_in_post":null,"other_logs":null,"out_stock_days":null,"lost_sales":null,"has_location":null,"update_date":"2026-04-07T23:35:36","atum_locations":[],"atum_stock_status":"instock","restock_status":false,"low_stock_amount":"","sales_update_date":null,"calc_backorders":null,"aioseo_notices":[],"_links":{"self":[{"href":"https:\/\/ecoshop.ee\/en\/wp-json\/wp\/v2\/product\/357100","targetHints":{"allow":["GET"]}}],"collection":[{"href":"https:\/\/ecoshop.ee\/en\/wp-json\/wp\/v2\/product"}],"about":[{"href":"https:\/\/ecoshop.ee\/en\/wp-json\/wp\/v2\/types\/product"}],"replies":[{"embeddable":true,"href":"https:\/\/ecoshop.ee\/en\/wp-json\/wp\/v2\/comments?post=357100"}],"version-history":[{"count":0,"href":"https:\/\/ecoshop.ee\/en\/wp-json\/wp\/v2\/product\/357100\/revisions"}],"wp:featuredmedia":[{"embeddable":true,"href":"https:\/\/ecoshop.ee\/en\/wp-json\/wp\/v2\/media\/357095"}],"wp:attachment":[{"href":"https:\/\/ecoshop.ee\/en\/wp-json\/wp\/v2\/media?parent=357100"}],"wp:term":[{"taxonomy":"product_brand","embeddable":true,"href":"https:\/\/ecoshop.ee\/en\/wp-json\/wp\/v2\/product_brand?post=357100"},{"taxonomy":"product_cat","embeddable":true,"href":"https:\/\/ecoshop.ee\/en\/wp-json\/wp\/v2\/product_cat?post=357100"},{"taxonomy":"product_tag","embeddable":true,"href":"https:\/\/ecoshop.ee\/en\/wp-json\/wp\/v2\/product_tag?post=357100"}],"curies":[{"name":"wp","href":"https:\/\/api.w.org\/{rel}","templated":true}]}}