{"id":357109,"date":"2026-02-28T06:23:30","date_gmt":"2026-02-28T03:23:30","guid":{"rendered":"https:\/\/ecoshop.ee\/maaratlemata\/sorestikuga-aiakaar-150x60x210-cm-puit\/"},"modified":"2026-05-15T09:27:22","modified_gmt":"2026-05-15T06:27:22","slug":"garden-arch-with-lattice-150x60x210-cm-wood","status":"publish","type":"product","link":"https:\/\/ecoshop.ee\/en\/taimetoed-ja-aiakaared\/sorestikuga-aiakaar-150x60x210-cm-puit\/","title":{"rendered":"Garden Arch with Lattice, 150 x 60 x 210 Cm, Wood"},"content":{"rendered":"<p>A wooden garden arch with a lattice structure is the best decorative addition to your garden or yard.<\/p>\n<\/p>\n<p>The garden arch provides a stable base for roses and other climbing plants, making it a pleasant place to sit in the summer. It can be used to create a striking entrance. The rose arch made of pine wood with a grass finish is very sturdy, durable and rot-resistant.<\/p>\n<\/p>\n<p>Please note that wood is a natural product and may have imperfections.<\/p>\n<ul>\n<li>Material: pine wood, green impregnated<\/li>\n<li>Rot-resistant<\/li>\n<li>Total size: 150 x 60 x 210 cm (W x D x H)<\/li>\n<li>Post size: 6 x 4 x 200 cm (L x W x H)<\/li>\n<li>Assembly required: yes<\/li>\n<\/ul>","protected":false},"excerpt":{"rendered":"<p>S\u00f5restikuga puidust aiakaar on parim dekoratiivne lisa teie aeda v\u00f5i \u00f5ue. Aiakaar moodustab roosidele ja muudele ronitaimedele stabiilse aluse, mille all on&hellip;<\/p>","protected":false},"featured_media":357102,"comment_status":"open","ping_status":"closed","template":"","meta":{"wprm-recipe-roundup-name":"","wprm-recipe-roundup-description":""},"product_brand":[],"product_cat":[7039],"product_tag":[7079,7078,2127,7077,7051,536,554,4867,955],"class_list":{"0":"post-357109","1":"product","2":"type-product","3":"status-publish","4":"has-post-thumbnail","6":"product_cat-taimetoed-ja-aiakaared","7":"product_tag-plaadid-ja-varjualused","8":"product_tag-vored","9":"product_tag-aed-ja-muru","10":"product_tag-aiakaared","11":"product_tag-aiakujundus","12":"product_tag-kodu-ja-aed","13":"product_tag-ouemoobli-komplektid","14":"product_tag-ouetegevused","15":"product_tag-pallet","16":"pa_brand-vidaxl","18":"first","19":"instock","20":"taxable","21":"shipping-taxable","22":"purchasable","23":"product-type-simple"},"supplier_id":null,"supplier_sku":"","barcode":null,"atum_controlled":false,"out_stock_date":null,"out_stock_threshold":null,"inheritable":false,"inbound_stock":null,"stock_on_hold":0,"sold_today":0,"sales_last_days":0,"reserved_stock":null,"customer_returns":null,"warehouse_damage":null,"lost_in_post":null,"other_logs":null,"out_stock_days":0,"lost_sales":0,"has_location":null,"update_date":"2026-05-15T06:27:23","atum_locations":[],"atum_stock_status":"instock","restock_status":false,"low_stock_amount":"","sales_update_date":"2026-03-05T01:08:19","calc_backorders":null,"aioseo_notices":[],"_links":{"self":[{"href":"https:\/\/ecoshop.ee\/en\/wp-json\/wp\/v2\/product\/357109","targetHints":{"allow":["GET"]}}],"collection":[{"href":"https:\/\/ecoshop.ee\/en\/wp-json\/wp\/v2\/product"}],"about":[{"href":"https:\/\/ecoshop.ee\/en\/wp-json\/wp\/v2\/types\/product"}],"replies":[{"embeddable":true,"href":"https:\/\/ecoshop.ee\/en\/wp-json\/wp\/v2\/comments?post=357109"}],"version-history":[{"count":0,"href":"https:\/\/ecoshop.ee\/en\/wp-json\/wp\/v2\/product\/357109\/revisions"}],"wp:featuredmedia":[{"embeddable":true,"href":"https:\/\/ecoshop.ee\/en\/wp-json\/wp\/v2\/media\/357102"}],"wp:attachment":[{"href":"https:\/\/ecoshop.ee\/en\/wp-json\/wp\/v2\/media?parent=357109"}],"wp:term":[{"taxonomy":"product_brand","embeddable":true,"href":"https:\/\/ecoshop.ee\/en\/wp-json\/wp\/v2\/product_brand?post=357109"},{"taxonomy":"product_cat","embeddable":true,"href":"https:\/\/ecoshop.ee\/en\/wp-json\/wp\/v2\/product_cat?post=357109"},{"taxonomy":"product_tag","embeddable":true,"href":"https:\/\/ecoshop.ee\/en\/wp-json\/wp\/v2\/product_tag?post=357109"}],"curies":[{"name":"wp","href":"https:\/\/api.w.org\/{rel}","templated":true}]}}