{"id":357126,"date":"2026-02-28T06:23:50","date_gmt":"2026-02-28T03:23:50","guid":{"rendered":"https:\/\/ecoshop.ee\/maaratlemata\/aiakaar-roheline-125-x-150-x-235-cm-immutatud-mannipuit\/"},"modified":"2026-05-15T09:27:22","modified_gmt":"2026-05-15T06:27:22","slug":"garden-arch-green-125-x-150-x-235-cm-impregnated-manniwood","status":"publish","type":"product","link":"https:\/\/ecoshop.ee\/en\/taimetoed-ja-aiakaared\/aiakaar-roheline-125-x-150-x-235-cm-immutatud-mannipuit\/","title":{"rendered":"Garden Arch Green, 125 x 150 x 235 Cm, Impregnated Pinewood"},"content":{"rendered":"<p>A wooden garden arch with a lattice is the best decorative addition to your garden or other outdoor space.<\/p>\n<\/p>\n<p>The garden arch becomes a stable base for roses and other climbing plants, which gives a great effect in the summer. It can also be used to create an entrance. The sturdy rose arch is made of high-quality green-impregnated pine wood, which makes it durable and rot-resistant. Very easy to assemble.<\/p>\n<\/p>\n<p>Please note that wood is a natural product and may have imperfections.<\/p>\n<ul>\n<li>Material: pine, green impregnated<\/li>\n<li>Dimensions: 125 x 150 x 235 cm (W x D x H)<\/li>\n<li>Post size: 6 x 6 cm (L x W)<\/li>\n<li>Rot and insect resistant<\/li>\n<\/ul>","protected":false},"excerpt":{"rendered":"<p>S\u00f5restikuga puidust aiakaar on parim dekoratiivne lisa teie aeda v\u00f5i muusse v\u00e4liruumi. Aiakaarest saab stabiilne rooside ja teiste ronitaimede alus, mis annab&hellip;<\/p>","protected":false},"featured_media":357120,"comment_status":"open","ping_status":"closed","template":"","meta":{"wprm-recipe-roundup-name":"","wprm-recipe-roundup-description":""},"product_brand":[],"product_cat":[7039],"product_tag":[7079,7078,2127,7077,7051,536,4867,955,879],"class_list":{"0":"post-357126","1":"product","2":"type-product","3":"status-publish","4":"has-post-thumbnail","6":"product_cat-taimetoed-ja-aiakaared","7":"product_tag-plaadid-ja-varjualused","8":"product_tag-vored","9":"product_tag-aed-ja-muru","10":"product_tag-aiakaared","11":"product_tag-aiakujundus","12":"product_tag-kodu-ja-aed","13":"product_tag-ouetegevused","14":"product_tag-pallet","15":"product_tag-roheline","16":"pa_brand-vidaxl","18":"first","19":"instock","20":"taxable","21":"shipping-taxable","22":"purchasable","23":"product-type-simple"},"supplier_id":null,"supplier_sku":"","barcode":null,"atum_controlled":false,"out_stock_date":null,"out_stock_threshold":null,"inheritable":false,"inbound_stock":null,"stock_on_hold":null,"sold_today":null,"sales_last_days":null,"reserved_stock":null,"customer_returns":null,"warehouse_damage":null,"lost_in_post":null,"other_logs":null,"out_stock_days":null,"lost_sales":null,"has_location":null,"update_date":"2026-05-15T06:27:23","atum_locations":[],"atum_stock_status":"instock","restock_status":false,"low_stock_amount":"","sales_update_date":null,"calc_backorders":null,"aioseo_notices":[],"_links":{"self":[{"href":"https:\/\/ecoshop.ee\/en\/wp-json\/wp\/v2\/product\/357126","targetHints":{"allow":["GET"]}}],"collection":[{"href":"https:\/\/ecoshop.ee\/en\/wp-json\/wp\/v2\/product"}],"about":[{"href":"https:\/\/ecoshop.ee\/en\/wp-json\/wp\/v2\/types\/product"}],"replies":[{"embeddable":true,"href":"https:\/\/ecoshop.ee\/en\/wp-json\/wp\/v2\/comments?post=357126"}],"version-history":[{"count":0,"href":"https:\/\/ecoshop.ee\/en\/wp-json\/wp\/v2\/product\/357126\/revisions"}],"wp:featuredmedia":[{"embeddable":true,"href":"https:\/\/ecoshop.ee\/en\/wp-json\/wp\/v2\/media\/357120"}],"wp:attachment":[{"href":"https:\/\/ecoshop.ee\/en\/wp-json\/wp\/v2\/media?parent=357126"}],"wp:term":[{"taxonomy":"product_brand","embeddable":true,"href":"https:\/\/ecoshop.ee\/en\/wp-json\/wp\/v2\/product_brand?post=357126"},{"taxonomy":"product_cat","embeddable":true,"href":"https:\/\/ecoshop.ee\/en\/wp-json\/wp\/v2\/product_cat?post=357126"},{"taxonomy":"product_tag","embeddable":true,"href":"https:\/\/ecoshop.ee\/en\/wp-json\/wp\/v2\/product_tag?post=357126"}],"curies":[{"name":"wp","href":"https:\/\/api.w.org\/{rel}","templated":true}]}}