{"id":357144,"date":"2026-02-28T06:24:10","date_gmt":"2026-02-28T03:24:10","guid":{"rendered":"https:\/\/ecoshop.ee\/maaratlemata\/aiakaar-must-o180-x-255-cm-teras\/"},"modified":"2026-05-14T03:29:18","modified_gmt":"2026-05-14T00:29:18","slug":"garden-arch-black-o180-x-255-cm-steel","status":"publish","type":"product","link":"https:\/\/ecoshop.ee\/en\/taimetoed-ja-aiakaared\/aiakaar-must-o180-x-255-cm-teras\/","title":{"rendered":"Garden arch, Black, \u00d8180 x 255 Cm, Steel"},"content":{"rendered":"<p>The elegant garden arch is a perfect choice for roses and climbing plants and is a real eye-catcher in any garden, balcony or terrace.<\/p>\n<\/p>\n<ul>\n<li>Stable material: Steel is an exceptionally hard and strong material. It offers durability and stability. Powder coating the steel creates a protective layer against wear.<\/li>\n<li>Multiple uses: You can plant your favorite climbing plants according to the seasons. You can even decorate the rose arch with tulle, balloons and lights.<\/li>\n<li>Strong frame: The garden arbor&#039;s durable powder-coated steel structure is strong enough to support several viable climbing plants.<\/li>\n<li>Widely used: The beautiful garden trellis is perfect for decorating an entrance, walkway or garden path.<\/li>\n<\/ul>\n<p>Good to know:<\/p>\n<ul>\n<li>To make assembly as easy as possible, each product comes with an instruction manual.<\/li>\n<\/ul>\n<ul>\n<li>Color: black<\/li>\n<li>Material: powder-coated steel<\/li>\n<li>Dimensions: 180 x 255 cm (diameter x H)<\/li>\n<\/ul>","protected":false},"excerpt":{"rendered":"<p>Elegantne aiakaar on t\u00e4iuslik valik rooside ja ronitaimede jaoks ning on t\u00f5eline pilgup\u00fc\u00fcdja igas aias, r\u00f5dul v\u00f5i terrassil. Stabiilne materjal: teras on&hellip;<\/p>","protected":false},"featured_media":357136,"comment_status":"open","ping_status":"closed","template":"","meta":{"wprm-recipe-roundup-name":"","wprm-recipe-roundup-description":""},"product_brand":[],"product_cat":[7039],"product_tag":[7079,7078,2127,7077,7051,536,544,4867,540],"class_list":{"0":"post-357144","1":"product","2":"type-product","3":"status-publish","4":"has-post-thumbnail","6":"product_cat-taimetoed-ja-aiakaared","7":"product_tag-plaadid-ja-varjualused","8":"product_tag-vored","9":"product_tag-aed-ja-muru","10":"product_tag-aiakaared","11":"product_tag-aiakujundus","12":"product_tag-kodu-ja-aed","13":"product_tag-must","14":"product_tag-ouetegevused","15":"product_tag-parcel","16":"pa_brand-vidaxl","18":"first","19":"instock","20":"taxable","21":"shipping-taxable","22":"purchasable","23":"product-type-simple"},"supplier_id":null,"supplier_sku":"","barcode":null,"atum_controlled":false,"out_stock_date":null,"out_stock_threshold":null,"inheritable":false,"inbound_stock":null,"stock_on_hold":null,"sold_today":null,"sales_last_days":null,"reserved_stock":null,"customer_returns":null,"warehouse_damage":null,"lost_in_post":null,"other_logs":null,"out_stock_days":null,"lost_sales":null,"has_location":null,"update_date":"2026-05-14T00:29:19","atum_locations":[],"atum_stock_status":"instock","restock_status":false,"low_stock_amount":"","sales_update_date":null,"calc_backorders":null,"aioseo_notices":[],"_links":{"self":[{"href":"https:\/\/ecoshop.ee\/en\/wp-json\/wp\/v2\/product\/357144","targetHints":{"allow":["GET"]}}],"collection":[{"href":"https:\/\/ecoshop.ee\/en\/wp-json\/wp\/v2\/product"}],"about":[{"href":"https:\/\/ecoshop.ee\/en\/wp-json\/wp\/v2\/types\/product"}],"replies":[{"embeddable":true,"href":"https:\/\/ecoshop.ee\/en\/wp-json\/wp\/v2\/comments?post=357144"}],"version-history":[{"count":0,"href":"https:\/\/ecoshop.ee\/en\/wp-json\/wp\/v2\/product\/357144\/revisions"}],"wp:featuredmedia":[{"embeddable":true,"href":"https:\/\/ecoshop.ee\/en\/wp-json\/wp\/v2\/media\/357136"}],"wp:attachment":[{"href":"https:\/\/ecoshop.ee\/en\/wp-json\/wp\/v2\/media?parent=357144"}],"wp:term":[{"taxonomy":"product_brand","embeddable":true,"href":"https:\/\/ecoshop.ee\/en\/wp-json\/wp\/v2\/product_brand?post=357144"},{"taxonomy":"product_cat","embeddable":true,"href":"https:\/\/ecoshop.ee\/en\/wp-json\/wp\/v2\/product_cat?post=357144"},{"taxonomy":"product_tag","embeddable":true,"href":"https:\/\/ecoshop.ee\/en\/wp-json\/wp\/v2\/product_tag?post=357144"}],"curies":[{"name":"wp","href":"https:\/\/api.w.org\/{rel}","templated":true}]}}