{"id":358062,"date":"2026-02-28T06:51:25","date_gmt":"2026-02-28T03:51:25","guid":{"rendered":"https:\/\/ecoshop.ee\/maaratlemata\/grillikuur-1635x93x210-cm-immutatud-mannipuit\/"},"modified":"2026-05-12T22:56:36","modified_gmt":"2026-05-12T19:56:36","slug":"barbecue-shed-1635x93x210-cm-impregnated-manni-wood","status":"publish","type":"product","link":"https:\/\/ecoshop.ee\/en\/aiakuurid\/grillikuur-1635x93x210-cm-immutatud-mannipuit\/","title":{"rendered":"Barbecue Shed, 163.5 x 93 x 210 Cm, Impregnated Pine Wood"},"content":{"rendered":"<p>Enjoy outdoor grilling in our impregnated pine wood shed! It can also be used to store various garden products such as garden tools, garden furniture, or other items you want to store outdoors.<\/p>\n<\/p>\n<p>The shed is made of high-quality impregnated pine wood and is rot-resistant. The pitched roof protects your belongings from rain and snow.<\/p>\n<\/p>\n<p>Note: Wood is a natural product and may have imperfections.<\/p>\n<ul>\n<li>Material: pine, green impregnated<\/li>\n<li>Overall dimensions: 163.5 x 93 x 210 cm (W x D x H)<\/li>\n<li>Assembly required: yes<\/li>\n<\/ul>","protected":false},"excerpt":{"rendered":"<p>Nautige \u00f5ues grillimist meie immutatud m\u00e4nnipuidust kuuris! Selles saab ka hoida erinevaid aiatooteid nagu aiat\u00f6\u00f6riistu, aiam\u00f6\u00f6blit v\u00f5i muid esemeid, mida soovite \u00f5ues&hellip;<\/p>","protected":false},"featured_media":358053,"comment_status":"open","ping_status":"closed","template":"","meta":{"wprm-recipe-roundup-name":"","wprm-recipe-roundup-description":""},"product_brand":[],"product_cat":[7040],"product_tag":[2127,7051,536,7143,4867,955,879],"class_list":{"0":"post-358062","1":"product","2":"type-product","3":"status-publish","4":"has-post-thumbnail","6":"product_cat-aiakuurid","7":"product_tag-aed-ja-muru","8":"product_tag-aiakujundus","9":"product_tag-kodu-ja-aed","10":"product_tag-kuurid","11":"product_tag-ouetegevused","12":"product_tag-pallet","13":"product_tag-roheline","14":"pa_brand-vidaxl","16":"first","17":"instock","18":"taxable","19":"shipping-taxable","20":"purchasable","21":"product-type-simple"},"supplier_id":null,"supplier_sku":"","barcode":null,"atum_controlled":false,"out_stock_date":null,"out_stock_threshold":null,"inheritable":false,"inbound_stock":null,"stock_on_hold":null,"sold_today":null,"sales_last_days":null,"reserved_stock":null,"customer_returns":null,"warehouse_damage":null,"lost_in_post":null,"other_logs":null,"out_stock_days":null,"lost_sales":null,"has_location":null,"update_date":"2026-05-12T19:56:37","atum_locations":[],"atum_stock_status":"instock","restock_status":false,"low_stock_amount":"","sales_update_date":null,"calc_backorders":null,"aioseo_notices":[],"_links":{"self":[{"href":"https:\/\/ecoshop.ee\/en\/wp-json\/wp\/v2\/product\/358062","targetHints":{"allow":["GET"]}}],"collection":[{"href":"https:\/\/ecoshop.ee\/en\/wp-json\/wp\/v2\/product"}],"about":[{"href":"https:\/\/ecoshop.ee\/en\/wp-json\/wp\/v2\/types\/product"}],"replies":[{"embeddable":true,"href":"https:\/\/ecoshop.ee\/en\/wp-json\/wp\/v2\/comments?post=358062"}],"version-history":[{"count":0,"href":"https:\/\/ecoshop.ee\/en\/wp-json\/wp\/v2\/product\/358062\/revisions"}],"wp:featuredmedia":[{"embeddable":true,"href":"https:\/\/ecoshop.ee\/en\/wp-json\/wp\/v2\/media\/358053"}],"wp:attachment":[{"href":"https:\/\/ecoshop.ee\/en\/wp-json\/wp\/v2\/media?parent=358062"}],"wp:term":[{"taxonomy":"product_brand","embeddable":true,"href":"https:\/\/ecoshop.ee\/en\/wp-json\/wp\/v2\/product_brand?post=358062"},{"taxonomy":"product_cat","embeddable":true,"href":"https:\/\/ecoshop.ee\/en\/wp-json\/wp\/v2\/product_cat?post=358062"},{"taxonomy":"product_tag","embeddable":true,"href":"https:\/\/ecoshop.ee\/en\/wp-json\/wp\/v2\/product_tag?post=358062"}],"curies":[{"name":"wp","href":"https:\/\/api.w.org\/{rel}","templated":true}]}}