{"id":358092,"date":"2026-02-28T06:51:54","date_gmt":"2026-02-28T03:51:54","guid":{"rendered":"https:\/\/ecoshop.ee\/maaratlemata\/aia-rattakuur-232-x-110-x-170-cm-immutatud-mannipuit\/"},"modified":"2026-05-14T03:29:30","modified_gmt":"2026-05-14T00:29:30","slug":"garden-bike-shed-232-x-110-x-170-cm-impregnated-manni-wood","status":"publish","type":"product","link":"https:\/\/ecoshop.ee\/en\/aiakuurid\/aia-rattakuur-232-x-110-x-170-cm-immutatud-mannipuit\/","title":{"rendered":"Garden Bike Shed, 232 x 110 x 170 Cm, Impregnated Pine Wood"},"content":{"rendered":"<p>Expand your outdoor storage options with our wooden bike shed. The shed is surprisingly spacious, providing a storage solution for your bikes.<\/p>\n<\/p>\n<p>Made of high-quality impregnated pine wood, the shed is durable and weatherproof. The roof is covered with asphalt felt, which protects the garden shed from moisture. The double door makes it easy to access the bike rack. In addition, the latch provides additional security.<\/p>\n<ul>\n<li>Material: impregnated pine wood<\/li>\n<li>Dimensions: 232 x 110 x 170 cm (W x D x H)<\/li>\n<li>Two-door design for easy access<\/li>\n<li>Assembly required: yes<\/li>\n<li><strong>WARNING:<\/strong> To prevent tipping over, the product must be used with the included wall mount.<\/li>\n<li>Legal Documents:\n<p><span>For more information on how to prevent furniture falling over, see. <span style=\"text-decoration: underline\"><strong><a title=\"https:\/\/bit.ly\/3hTNl1i\" href=\"https:\/\/bit.ly\/3hTNl1i\" target=\"_blank\">from here<\/a><\/strong><\/span><\/span><\/p>\n<\/li>\n<\/ul>","protected":false},"excerpt":{"rendered":"<p>Laiendage oma hoiustamisv\u00f5imalusi \u00f5ues meie puidust rattakuuriga. Kuur on \u00fcllatavalt ruumikas, pakkudes hoiustamislahendust teie jalgratastele. Kvaliteetsest immutatud m\u00e4nnipuidust ehitatud kuur on vastupidav&hellip;<\/p>","protected":false},"featured_media":358081,"comment_status":"open","ping_status":"closed","template":"","meta":{"wprm-recipe-roundup-name":"","wprm-recipe-roundup-description":""},"product_brand":[],"product_cat":[7040],"product_tag":[2127,7051,536,7143,554,4867,955],"class_list":{"0":"post-358092","1":"product","2":"type-product","3":"status-publish","4":"has-post-thumbnail","6":"product_cat-aiakuurid","7":"product_tag-aed-ja-muru","8":"product_tag-aiakujundus","9":"product_tag-kodu-ja-aed","10":"product_tag-kuurid","11":"product_tag-ouemoobli-komplektid","12":"product_tag-ouetegevused","13":"product_tag-pallet","14":"pa_brand-vidaxl","16":"first","17":"instock","18":"taxable","19":"shipping-taxable","20":"purchasable","21":"product-type-simple"},"supplier_id":null,"supplier_sku":"","barcode":null,"atum_controlled":false,"out_stock_date":null,"out_stock_threshold":null,"inheritable":false,"inbound_stock":null,"stock_on_hold":null,"sold_today":null,"sales_last_days":null,"reserved_stock":null,"customer_returns":null,"warehouse_damage":null,"lost_in_post":null,"other_logs":null,"out_stock_days":null,"lost_sales":null,"has_location":null,"update_date":"2026-05-14T00:29:30","atum_locations":[],"atum_stock_status":"instock","restock_status":false,"low_stock_amount":"","sales_update_date":null,"calc_backorders":null,"aioseo_notices":[],"_links":{"self":[{"href":"https:\/\/ecoshop.ee\/en\/wp-json\/wp\/v2\/product\/358092","targetHints":{"allow":["GET"]}}],"collection":[{"href":"https:\/\/ecoshop.ee\/en\/wp-json\/wp\/v2\/product"}],"about":[{"href":"https:\/\/ecoshop.ee\/en\/wp-json\/wp\/v2\/types\/product"}],"replies":[{"embeddable":true,"href":"https:\/\/ecoshop.ee\/en\/wp-json\/wp\/v2\/comments?post=358092"}],"version-history":[{"count":0,"href":"https:\/\/ecoshop.ee\/en\/wp-json\/wp\/v2\/product\/358092\/revisions"}],"wp:featuredmedia":[{"embeddable":true,"href":"https:\/\/ecoshop.ee\/en\/wp-json\/wp\/v2\/media\/358081"}],"wp:attachment":[{"href":"https:\/\/ecoshop.ee\/en\/wp-json\/wp\/v2\/media?parent=358092"}],"wp:term":[{"taxonomy":"product_brand","embeddable":true,"href":"https:\/\/ecoshop.ee\/en\/wp-json\/wp\/v2\/product_brand?post=358092"},{"taxonomy":"product_cat","embeddable":true,"href":"https:\/\/ecoshop.ee\/en\/wp-json\/wp\/v2\/product_cat?post=358092"},{"taxonomy":"product_tag","embeddable":true,"href":"https:\/\/ecoshop.ee\/en\/wp-json\/wp\/v2\/product_tag?post=358092"}],"curies":[{"name":"wp","href":"https:\/\/api.w.org\/{rel}","templated":true}]}}