{"id":358104,"date":"2026-02-28T06:52:06","date_gmt":"2026-02-28T03:52:06","guid":{"rendered":"https:\/\/ecoshop.ee\/maaratlemata\/aia-tooriistakuur-163x50x171-cm-immutatud-mannipuit\/"},"modified":"2026-04-26T03:32:24","modified_gmt":"2026-04-26T00:32:24","slug":"garden-tool-shed-163x50x171-cm-impregnated-manni-wood","status":"publish","type":"product","link":"https:\/\/ecoshop.ee\/en\/aiakuurid\/aia-tooriistakuur-163x50x171-cm-immutatud-mannipuit\/","title":{"rendered":"Garden Tool Shed, 163 x 50 x 171 Cm, Impregnated Pine Wood"},"content":{"rendered":"<p>A garden shed is a valuable storage space for keeping garden tools and accessories organized and within reach.<\/p>\n<\/p>\n<ul>\n<li>Large and organized space: The wooden shed has four shelves designed to store various garden tools, lawn care equipment, pool accessories, and long-handled tools like brooms, rakes, etc.<\/li>\n<li>Impregnated pine wood: The shed is built from impregnated pine wood and offers protection against dirt, dust, wind and harsh weather. Impregnation is a preservation process carried out using autoclaves. Pressure treatment increases resistance to decay and water.<\/li>\n<li>Moisture protection: the roof is covered with asphalt felt, which protects the shed from moisture.<\/li>\n<li>Double-door design: Double door with lock provides extra security.<\/li>\n<\/ul>\n<p>Warning:<\/p>\n<ul>\n<li>To prevent tipping over, the product must be used with the included wall mount.<\/li>\n<\/ul>\n<ul>\n<li>Material: pine, impregnated<\/li>\n<li>Dimensions: 163 x 50 x 171 cm (W x D x H)<\/li>\n<li>3 full-length shelves with wall cutouts<\/li>\n<li>Assembly required: yes<\/li>\n<li><strong>The set includes:<\/strong><strong><\/strong><\/li>\n<li>1 x garden shed<\/li>\n<li>1 x anti-tip kit<\/li>\n<li>Legal Documents:\n<p><span>For more information on how to prevent furniture falling over, see. <span style=\"text-decoration: underline\"><strong><a title=\"https:\/\/bit.ly\/3hTNl1i\" href=\"https:\/\/bit.ly\/3hTNl1i\" target=\"_blank\">from here<\/a><\/strong><\/span><\/span><\/p>\n<\/li>\n<\/ul>","protected":false},"excerpt":{"rendered":"<p>Aiakuur on v\u00e4\u00e4rtuslik panipaik, kus hoida aiat\u00f6\u00f6riistu ja tarvikuid korras ja k\u00e4eulatuses. Suur ja organiseeritud ruum: puukuuril on neli riiulit, mis on&hellip;<\/p>","protected":false},"featured_media":358094,"comment_status":"open","ping_status":"closed","template":"","meta":{"wprm-recipe-roundup-name":"","wprm-recipe-roundup-description":""},"product_brand":[],"product_cat":[7040],"product_tag":[2127,7051,536,7143,554,4867,955],"class_list":{"0":"post-358104","1":"product","2":"type-product","3":"status-publish","4":"has-post-thumbnail","6":"product_cat-aiakuurid","7":"product_tag-aed-ja-muru","8":"product_tag-aiakujundus","9":"product_tag-kodu-ja-aed","10":"product_tag-kuurid","11":"product_tag-ouemoobli-komplektid","12":"product_tag-ouetegevused","13":"product_tag-pallet","14":"pa_brand-vidaxl","16":"first","17":"instock","18":"taxable","19":"shipping-taxable","20":"purchasable","21":"product-type-simple"},"supplier_id":null,"supplier_sku":"","barcode":null,"atum_controlled":false,"out_stock_date":null,"out_stock_threshold":null,"inheritable":false,"inbound_stock":null,"stock_on_hold":null,"sold_today":null,"sales_last_days":null,"reserved_stock":null,"customer_returns":null,"warehouse_damage":null,"lost_in_post":null,"other_logs":null,"out_stock_days":null,"lost_sales":null,"has_location":null,"update_date":"2026-04-26T00:32:24","atum_locations":[],"atum_stock_status":"instock","restock_status":false,"low_stock_amount":"","sales_update_date":null,"calc_backorders":null,"aioseo_notices":[],"_links":{"self":[{"href":"https:\/\/ecoshop.ee\/en\/wp-json\/wp\/v2\/product\/358104","targetHints":{"allow":["GET"]}}],"collection":[{"href":"https:\/\/ecoshop.ee\/en\/wp-json\/wp\/v2\/product"}],"about":[{"href":"https:\/\/ecoshop.ee\/en\/wp-json\/wp\/v2\/types\/product"}],"replies":[{"embeddable":true,"href":"https:\/\/ecoshop.ee\/en\/wp-json\/wp\/v2\/comments?post=358104"}],"version-history":[{"count":0,"href":"https:\/\/ecoshop.ee\/en\/wp-json\/wp\/v2\/product\/358104\/revisions"}],"wp:featuredmedia":[{"embeddable":true,"href":"https:\/\/ecoshop.ee\/en\/wp-json\/wp\/v2\/media\/358094"}],"wp:attachment":[{"href":"https:\/\/ecoshop.ee\/en\/wp-json\/wp\/v2\/media?parent=358104"}],"wp:term":[{"taxonomy":"product_brand","embeddable":true,"href":"https:\/\/ecoshop.ee\/en\/wp-json\/wp\/v2\/product_brand?post=358104"},{"taxonomy":"product_cat","embeddable":true,"href":"https:\/\/ecoshop.ee\/en\/wp-json\/wp\/v2\/product_cat?post=358104"},{"taxonomy":"product_tag","embeddable":true,"href":"https:\/\/ecoshop.ee\/en\/wp-json\/wp\/v2\/product_tag?post=358104"}],"curies":[{"name":"wp","href":"https:\/\/api.w.org\/{rel}","templated":true}]}}