{"id":358149,"date":"2026-02-28T06:53:04","date_gmt":"2026-02-28T03:53:04","guid":{"rendered":"https:\/\/ecoshop.ee\/maaratlemata\/aiakuur-71-x-60-x-213-cm-puit\/"},"modified":"2026-05-04T21:29:27","modified_gmt":"2026-05-04T18:29:27","slug":"garden-shed-71-x-60-x-213-cm-wood","status":"publish","type":"product","link":"https:\/\/ecoshop.ee\/en\/aiakuurid\/aiakuur-71-x-60-x-213-cm-puit\/","title":{"rendered":"Garden Shed 71 x 60 x 213 Cm Wood"},"content":{"rendered":"<p>A wooden tool shed with a simple design and elegant appearance fits into any garden. The tool shed has plenty of space for storing various tools and equipment.<\/p>\n<\/p>\n<p>The roof of the durable and waterproof wooden shed is made of waterproof polyester, which protects the shed from moisture. The tool shed is easy to assemble.<\/p>\n<ul>\n<li>Material: wood, plywood<\/li>\n<li>Dimensions: 71 x 60 x 213 cm (L x W x H)<\/li>\n<li>Roof with waterproof fabric<\/li>\n<li>With 2 shelves and 4 doors<\/li>\n<\/ul>","protected":false},"excerpt":{"rendered":"<p>Lihtsa disaini ja elegantse v\u00e4limusega puidust t\u00f6\u00f6riistakuur mahub igasse aeda. T\u00f6\u00f6riistakuuris on palju ruumi erinevate t\u00f6\u00f6riistade ja seadmete hoiustamiseks. Vastupidava ja veekindla&hellip;<\/p>","protected":false},"featured_media":358137,"comment_status":"open","ping_status":"closed","template":"","meta":{"wprm-recipe-roundup-name":"","wprm-recipe-roundup-description":""},"product_brand":[],"product_cat":[7040],"product_tag":[2127,7051,536,7143,554,4867,540],"class_list":{"0":"post-358149","1":"product","2":"type-product","3":"status-publish","4":"has-post-thumbnail","6":"product_cat-aiakuurid","7":"product_tag-aed-ja-muru","8":"product_tag-aiakujundus","9":"product_tag-kodu-ja-aed","10":"product_tag-kuurid","11":"product_tag-ouemoobli-komplektid","12":"product_tag-ouetegevused","13":"product_tag-parcel","14":"pa_brand-vidaxl","16":"first","17":"instock","18":"taxable","19":"shipping-taxable","20":"purchasable","21":"product-type-simple"},"supplier_id":null,"supplier_sku":"","barcode":null,"atum_controlled":false,"out_stock_date":null,"out_stock_threshold":null,"inheritable":false,"inbound_stock":null,"stock_on_hold":null,"sold_today":null,"sales_last_days":null,"reserved_stock":null,"customer_returns":null,"warehouse_damage":null,"lost_in_post":null,"other_logs":null,"out_stock_days":null,"lost_sales":null,"has_location":null,"update_date":"2026-05-04T18:29:27","atum_locations":[],"atum_stock_status":"instock","restock_status":false,"low_stock_amount":"","sales_update_date":null,"calc_backorders":null,"aioseo_notices":[],"_links":{"self":[{"href":"https:\/\/ecoshop.ee\/en\/wp-json\/wp\/v2\/product\/358149","targetHints":{"allow":["GET"]}}],"collection":[{"href":"https:\/\/ecoshop.ee\/en\/wp-json\/wp\/v2\/product"}],"about":[{"href":"https:\/\/ecoshop.ee\/en\/wp-json\/wp\/v2\/types\/product"}],"replies":[{"embeddable":true,"href":"https:\/\/ecoshop.ee\/en\/wp-json\/wp\/v2\/comments?post=358149"}],"version-history":[{"count":0,"href":"https:\/\/ecoshop.ee\/en\/wp-json\/wp\/v2\/product\/358149\/revisions"}],"wp:featuredmedia":[{"embeddable":true,"href":"https:\/\/ecoshop.ee\/en\/wp-json\/wp\/v2\/media\/358137"}],"wp:attachment":[{"href":"https:\/\/ecoshop.ee\/en\/wp-json\/wp\/v2\/media?parent=358149"}],"wp:term":[{"taxonomy":"product_brand","embeddable":true,"href":"https:\/\/ecoshop.ee\/en\/wp-json\/wp\/v2\/product_brand?post=358149"},{"taxonomy":"product_cat","embeddable":true,"href":"https:\/\/ecoshop.ee\/en\/wp-json\/wp\/v2\/product_cat?post=358149"},{"taxonomy":"product_tag","embeddable":true,"href":"https:\/\/ecoshop.ee\/en\/wp-json\/wp\/v2\/product_tag?post=358149"}],"curies":[{"name":"wp","href":"https:\/\/api.w.org\/{rel}","templated":true}]}}