{"id":358283,"date":"2026-02-28T06:56:14","date_gmt":"2026-02-28T03:56:14","guid":{"rendered":"https:\/\/ecoshop.ee\/maaratlemata\/aiakuur-mannipuidust-85-x-48-x-177-cm\/"},"modified":"2026-05-14T03:29:30","modified_gmt":"2026-05-14T00:29:30","slug":"garden-shed-made-of-manni-wood-85-x-48-x-177-cm","status":"publish","type":"product","link":"https:\/\/ecoshop.ee\/en\/aiakuurid\/aiakuur-mannipuidust-85-x-48-x-177-cm\/","title":{"rendered":"Garden Shed, Pine Wood, 85 x 48 x 177 Cm"},"content":{"rendered":"<p>This wooden garden shed exudes rustic charm and is a practical addition to your patio, garden or balcony. With three shelves and one large cabinet, the garden shed offers plenty of space for storing tools, garden accessories and more.<\/p>\n<\/p>\n<p>The garden shed is made of pine wood. The impregnated pine wood is wear-resistant and weather- and rot-resistant. In addition, the roof is lined with waterproof tar paper.<\/p>\n<\/p>\n<p>The garden shed is easy to assemble. Please note that wood is a natural product and may have defects.<\/p>\n<ul>\n<li>Material: green-impregnated pine wood<\/li>\n<li>Dimensions: 85 x 48 x 177 cm (W x D x H)<\/li>\n<li>Shelf size: 42.5 x 39.5 cm (W x D)<\/li>\n<li>Waterproof tarpaulin roof<\/li>\n<li>Weather and decay resistant<\/li>\n<\/ul>","protected":false},"excerpt":{"rendered":"<p>Puidust aiakuur \u00f5hkab maal\u00e4hedast v\u00f5lu ja on praktiliseks t\u00e4ienduseks terrassile, aeda v\u00f5i r\u00f5dule. Kolme riiuli ja \u00fche suure kapiosaga aiakuuris on piisavalt&hellip;<\/p>","protected":false},"featured_media":358275,"comment_status":"open","ping_status":"closed","template":"","meta":{"wprm-recipe-roundup-name":"","wprm-recipe-roundup-description":""},"product_brand":[],"product_cat":[7040],"product_tag":[2127,7051,536,7143,554,4867,955],"class_list":{"0":"post-358283","1":"product","2":"type-product","3":"status-publish","4":"has-post-thumbnail","6":"product_cat-aiakuurid","7":"product_tag-aed-ja-muru","8":"product_tag-aiakujundus","9":"product_tag-kodu-ja-aed","10":"product_tag-kuurid","11":"product_tag-ouemoobli-komplektid","12":"product_tag-ouetegevused","13":"product_tag-pallet","14":"pa_brand-vidaxl","16":"first","17":"instock","18":"taxable","19":"shipping-taxable","20":"purchasable","21":"product-type-simple"},"supplier_id":null,"supplier_sku":"","barcode":null,"atum_controlled":false,"out_stock_date":null,"out_stock_threshold":null,"inheritable":false,"inbound_stock":null,"stock_on_hold":null,"sold_today":null,"sales_last_days":null,"reserved_stock":null,"customer_returns":null,"warehouse_damage":null,"lost_in_post":null,"other_logs":null,"out_stock_days":null,"lost_sales":null,"has_location":null,"update_date":"2026-05-14T00:29:30","atum_locations":[],"atum_stock_status":"instock","restock_status":false,"low_stock_amount":"","sales_update_date":null,"calc_backorders":null,"aioseo_notices":[],"_links":{"self":[{"href":"https:\/\/ecoshop.ee\/en\/wp-json\/wp\/v2\/product\/358283","targetHints":{"allow":["GET"]}}],"collection":[{"href":"https:\/\/ecoshop.ee\/en\/wp-json\/wp\/v2\/product"}],"about":[{"href":"https:\/\/ecoshop.ee\/en\/wp-json\/wp\/v2\/types\/product"}],"replies":[{"embeddable":true,"href":"https:\/\/ecoshop.ee\/en\/wp-json\/wp\/v2\/comments?post=358283"}],"version-history":[{"count":0,"href":"https:\/\/ecoshop.ee\/en\/wp-json\/wp\/v2\/product\/358283\/revisions"}],"wp:featuredmedia":[{"embeddable":true,"href":"https:\/\/ecoshop.ee\/en\/wp-json\/wp\/v2\/media\/358275"}],"wp:attachment":[{"href":"https:\/\/ecoshop.ee\/en\/wp-json\/wp\/v2\/media?parent=358283"}],"wp:term":[{"taxonomy":"product_brand","embeddable":true,"href":"https:\/\/ecoshop.ee\/en\/wp-json\/wp\/v2\/product_brand?post=358283"},{"taxonomy":"product_cat","embeddable":true,"href":"https:\/\/ecoshop.ee\/en\/wp-json\/wp\/v2\/product_cat?post=358283"},{"taxonomy":"product_tag","embeddable":true,"href":"https:\/\/ecoshop.ee\/en\/wp-json\/wp\/v2\/product_tag?post=358283"}],"curies":[{"name":"wp","href":"https:\/\/api.w.org\/{rel}","templated":true}]}}