{"id":358321,"date":"2026-02-28T06:56:56","date_gmt":"2026-02-28T03:56:56","guid":{"rendered":"https:\/\/ecoshop.ee\/maaratlemata\/hoiutelk-hall-180x180-cm-tsingitud-teras\/"},"modified":"2026-05-15T04:15:50","modified_gmt":"2026-05-15T01:15:50","slug":"storage-tent-gray-180x180-cm-galvanized-steel","status":"publish","type":"product","link":"https:\/\/ecoshop.ee\/en\/aiakuurid\/hoiutelk-hall-180x180-cm-tsingitud-teras\/","title":{"rendered":"Storage Tent, Grey, 180 x 180 Cm, Galvanized Steel"},"content":{"rendered":"<p>A classic multipurpose tent is a great protection for outdoor equipment or other items you need to store, making it a decorative and practical addition to your outdoor space.<\/p>\n<\/p>\n<p>The storage tent is made of PE and is waterproof and UV-resistant, protecting the contents from rain and heat. The galvanized steel frame adds to its strength and stability. The open door design lets in fresh air. It is also a great choice for outdoor events. It can be folded up when not in use.<\/p>\n<ul>\n<li>Color: gray<\/li>\n<li>Material: PE (polyethylene), galvanized steel<\/li>\n<li>Dimensions: 180 x 180 x 180 cm (L x W x H)<\/li>\n<li>Door dimensions: 130 x 150 cm (H x W)<\/li>\n<li>Cover density: 210 g\/m\u00b2<\/li>\n<li>Post diameter: 3.4 cm<\/li>\n<li>The package includes 8 fastening straps and 4 storm fasteners<\/li>\n<li>UV-resistant<\/li>\n<li>Assembly required: yes<\/li>\n<\/ul>","protected":false},"excerpt":{"rendered":"<p>Klassikaline mitmeotstarbeline telk on hea kaitse \u00f5ueseadmetele v\u00f5i muudele esemetele, mida peate hoiustama, tehes sellest teie \u00f5ueruumile dekoratiivse ja praktilise lisandi. Hoiutelk&hellip;<\/p>","protected":false},"featured_media":358314,"comment_status":"open","ping_status":"closed","template":"","meta":{"wprm-recipe-roundup-name":"","wprm-recipe-roundup-description":""},"product_brand":[],"product_cat":[7040],"product_tag":[2127,7051,550,536,7143,4867,540],"class_list":{"0":"post-358321","1":"product","2":"type-product","3":"status-publish","4":"has-post-thumbnail","6":"product_cat-aiakuurid","7":"product_tag-aed-ja-muru","8":"product_tag-aiakujundus","9":"product_tag-hall","10":"product_tag-kodu-ja-aed","11":"product_tag-kuurid","12":"product_tag-ouetegevused","13":"product_tag-parcel","14":"pa_brand-vidaxl","16":"first","17":"instock","18":"taxable","19":"shipping-taxable","20":"purchasable","21":"product-type-simple"},"supplier_id":null,"supplier_sku":"","barcode":null,"atum_controlled":false,"out_stock_date":null,"out_stock_threshold":null,"inheritable":false,"inbound_stock":null,"stock_on_hold":null,"sold_today":null,"sales_last_days":null,"reserved_stock":null,"customer_returns":null,"warehouse_damage":null,"lost_in_post":null,"other_logs":null,"out_stock_days":null,"lost_sales":null,"has_location":null,"update_date":"2026-05-15T01:15:51","atum_locations":[],"atum_stock_status":"instock","restock_status":false,"low_stock_amount":"","sales_update_date":null,"calc_backorders":null,"aioseo_notices":[],"_links":{"self":[{"href":"https:\/\/ecoshop.ee\/en\/wp-json\/wp\/v2\/product\/358321","targetHints":{"allow":["GET"]}}],"collection":[{"href":"https:\/\/ecoshop.ee\/en\/wp-json\/wp\/v2\/product"}],"about":[{"href":"https:\/\/ecoshop.ee\/en\/wp-json\/wp\/v2\/types\/product"}],"replies":[{"embeddable":true,"href":"https:\/\/ecoshop.ee\/en\/wp-json\/wp\/v2\/comments?post=358321"}],"version-history":[{"count":0,"href":"https:\/\/ecoshop.ee\/en\/wp-json\/wp\/v2\/product\/358321\/revisions"}],"wp:featuredmedia":[{"embeddable":true,"href":"https:\/\/ecoshop.ee\/en\/wp-json\/wp\/v2\/media\/358314"}],"wp:attachment":[{"href":"https:\/\/ecoshop.ee\/en\/wp-json\/wp\/v2\/media?parent=358321"}],"wp:term":[{"taxonomy":"product_brand","embeddable":true,"href":"https:\/\/ecoshop.ee\/en\/wp-json\/wp\/v2\/product_brand?post=358321"},{"taxonomy":"product_cat","embeddable":true,"href":"https:\/\/ecoshop.ee\/en\/wp-json\/wp\/v2\/product_cat?post=358321"},{"taxonomy":"product_tag","embeddable":true,"href":"https:\/\/ecoshop.ee\/en\/wp-json\/wp\/v2\/product_tag?post=358321"}],"curies":[{"name":"wp","href":"https:\/\/api.w.org\/{rel}","templated":true}]}}