{"id":359170,"date":"2026-02-28T07:34:21","date_gmt":"2026-02-28T04:34:21","guid":{"rendered":"https:\/\/ecoshop.ee\/maaratlemata\/varikatus-valge-3x3-m-180-g-m%c2%b2-kangas-ja-teras\/"},"modified":"2026-05-15T16:09:35","modified_gmt":"2026-05-15T13:09:35","slug":"awning-white-3x3-m-180-g-m%c2%b2-fabric-and-steel","status":"publish","type":"product","link":"https:\/\/ecoshop.ee\/en\/aiapaviljonid\/varikatus-valge-3x3-m-180-g-m%c2%b2-kangas-ja-teras\/","title":{"rendered":"Awning, White, 3 x 3 M 180 G\/M\u00b2, Fabric and Steel"},"content":{"rendered":"<p>The classic gazebo is designed to be an elegant addition to your outdoor area!<\/p>\n<\/p>\n<ul>\n<li>Waterproof material: Polyester is a synthetic material known for its UV resistance and tensile strength. PA-coated polyester is waterproof, making it an ideal choice for damp or rainy conditions and is also easy to clean.<\/li>\n<li>Stable frame: The powder-coated steel frame ensures the durability and stability of the awning.<\/li>\n<li>Wide range of uses: The event tent is ideal for tea parties, family gatherings, picnics and camping. It can be used in courtyards, gardens and other outdoor spaces.<\/li>\n<\/ul>\n<p>Good to know:<\/p>\n<ul>\n<li>To make assembly as easy as possible, instructions are included with each product.<\/li>\n<\/ul>\n<p>Note:<\/p>\n<ul>\n<li>This product is not suitable for use in bad weather conditions, such as strong wind, heavy rain, snow, storms, etc.<\/li>\n<li>This product is not suitable for use as a carport.<\/li>\n<\/ul>\n<ul>\n<li>Colour: white<\/li>\n<li>Material: PA-coated fabric (100% polyester), powder-coated steel<\/li>\n<li>Size: 3 x 3 m (L x W)<\/li>\n<li>Front height: 2.2 m<\/li>\n<li>Rear height: 2.55 m<\/li>\n<\/ul>","protected":false},"excerpt":{"rendered":"<p>Klassikaline vaatetorn on m\u00f5eldud teie \u00f5ueala elegantseks t\u00e4ienduseks! Veekindel materjal: Pol\u00fcester on s\u00fcnteetiline materjal, mis on tuntud oma UV-kindluse ja t\u00f5mbetugevuse poolest.&hellip;<\/p>","protected":false},"featured_media":359162,"comment_status":"open","ping_status":"closed","template":"","meta":{"wprm-recipe-roundup-name":"","wprm-recipe-roundup-description":""},"product_brand":[],"product_cat":[7038],"product_tag":[2127,7051,536,4867,540,7052,539],"class_list":{"0":"post-359170","1":"product","2":"type-product","3":"status-publish","4":"has-post-thumbnail","6":"product_cat-aiapaviljonid","7":"product_tag-aed-ja-muru","8":"product_tag-aiakujundus","9":"product_tag-kodu-ja-aed","10":"product_tag-ouetegevused","11":"product_tag-parcel","12":"product_tag-varjualaused","13":"product_tag-voodilinad","14":"pa_brand-vidaxl","16":"first","17":"instock","18":"taxable","19":"shipping-taxable","20":"purchasable","21":"product-type-simple"},"supplier_id":null,"supplier_sku":"","barcode":null,"atum_controlled":false,"out_stock_date":null,"out_stock_threshold":null,"inheritable":false,"inbound_stock":null,"stock_on_hold":null,"sold_today":null,"sales_last_days":null,"reserved_stock":null,"customer_returns":null,"warehouse_damage":null,"lost_in_post":null,"other_logs":null,"out_stock_days":null,"lost_sales":null,"has_location":null,"update_date":"2026-05-15T13:09:35","atum_locations":[],"atum_stock_status":"instock","restock_status":false,"low_stock_amount":"","sales_update_date":null,"calc_backorders":null,"aioseo_notices":[],"_links":{"self":[{"href":"https:\/\/ecoshop.ee\/en\/wp-json\/wp\/v2\/product\/359170","targetHints":{"allow":["GET"]}}],"collection":[{"href":"https:\/\/ecoshop.ee\/en\/wp-json\/wp\/v2\/product"}],"about":[{"href":"https:\/\/ecoshop.ee\/en\/wp-json\/wp\/v2\/types\/product"}],"replies":[{"embeddable":true,"href":"https:\/\/ecoshop.ee\/en\/wp-json\/wp\/v2\/comments?post=359170"}],"version-history":[{"count":0,"href":"https:\/\/ecoshop.ee\/en\/wp-json\/wp\/v2\/product\/359170\/revisions"}],"wp:featuredmedia":[{"embeddable":true,"href":"https:\/\/ecoshop.ee\/en\/wp-json\/wp\/v2\/media\/359162"}],"wp:attachment":[{"href":"https:\/\/ecoshop.ee\/en\/wp-json\/wp\/v2\/media?parent=359170"}],"wp:term":[{"taxonomy":"product_brand","embeddable":true,"href":"https:\/\/ecoshop.ee\/en\/wp-json\/wp\/v2\/product_brand?post=359170"},{"taxonomy":"product_cat","embeddable":true,"href":"https:\/\/ecoshop.ee\/en\/wp-json\/wp\/v2\/product_cat?post=359170"},{"taxonomy":"product_tag","embeddable":true,"href":"https:\/\/ecoshop.ee\/en\/wp-json\/wp\/v2\/product_tag?post=359170"}],"curies":[{"name":"wp","href":"https:\/\/api.w.org\/{rel}","templated":true}]}}