{"id":359453,"date":"2026-02-28T07:43:30","date_gmt":"2026-02-28T04:43:30","guid":{"rendered":"https:\/\/ecoshop.ee\/maaratlemata\/kokkupandav-pop-up-peotelk-3-x-9-cm-valge\/"},"modified":"2026-05-15T09:27:44","modified_gmt":"2026-05-15T06:27:44","slug":"foldable-pop-up-party-tent-3-x-9-cm-white","status":"publish","type":"product","link":"https:\/\/ecoshop.ee\/en\/aiapaviljonid\/kokkupandav-pop-up-peotelk-3-x-9-cm-valge\/","title":{"rendered":"Foldable Pop-Up Party Tent, 3 x 9 Cm, White"},"content":{"rendered":"<p>Our foldable party tent is ideal for a variety of outdoor events, such as performances, markets, sporting events, weddings, parties, barbecues, camping, festivals, etc.<\/p>\n<\/p>\n<p>The outdoor awning has a UV and waterproof roof made of oxford and covered with a PVC coating, making it ideal for outdoor use. The frame is made of rust-resistant steel, which makes the garden tent stable and durable. The foldable party tent is foldable for easy storage and transport. It is easy to assemble.<\/p>\n<\/p>\n<p>Please note that if the tent is exposed to heavy rain, we recommend treating the canopy with a waterproof spray. This product should NEVER be used in bad weather, such as strong winds, heavy rain, snow, storms, etc.<\/p>\n<p>Note: This product is not suitable for use as a carport.<\/p>\n<ul>\n<li>Colour: white<\/li>\n<li>Frame material: powder-coated steel<\/li>\n<li>Roof material: 600D oxford fabric with PVC coating <\/li>\n<li>Dimensions: 291 x 870 x 315 cm (L x W x H)<\/li>\n<li>Eaves height from the ground: 2.35 m<\/li>\n<li>UV-resistant and waterproof<\/li>\n<li>The set includes 12 stakes and 6 strings.<\/li>\n<li>Fabric: Polyester: 100%<\/li>\n<\/ul>","protected":false},"excerpt":{"rendered":"<p>Meie kokkupandav peotelk sobib ideaalselt mitmesugusteks v\u00e4li\u00fcritusteks, n\u00e4iteks etendusteks, turgudeks, spordi\u00fcritusteks, pulmadeks, pidudeks, grillimiseks, telkimiseks, festivalideks jne. V\u00e4livarikatusel on UV- ja veekindel&hellip;<\/p>","protected":false},"featured_media":359444,"comment_status":"open","ping_status":"closed","template":"","meta":{"wprm-recipe-roundup-name":"","wprm-recipe-roundup-description":""},"product_brand":[],"product_cat":[7038],"product_tag":[2127,7051,536,4867,540,7052,539],"class_list":{"0":"post-359453","1":"product","2":"type-product","3":"status-publish","4":"has-post-thumbnail","6":"product_cat-aiapaviljonid","7":"product_tag-aed-ja-muru","8":"product_tag-aiakujundus","9":"product_tag-kodu-ja-aed","10":"product_tag-ouetegevused","11":"product_tag-parcel","12":"product_tag-varjualaused","13":"product_tag-voodilinad","14":"pa_brand-vidaxl","16":"first","17":"instock","18":"taxable","19":"shipping-taxable","20":"purchasable","21":"product-type-simple"},"supplier_id":null,"supplier_sku":"","barcode":null,"atum_controlled":false,"out_stock_date":null,"out_stock_threshold":null,"inheritable":false,"inbound_stock":null,"stock_on_hold":null,"sold_today":null,"sales_last_days":null,"reserved_stock":null,"customer_returns":null,"warehouse_damage":null,"lost_in_post":null,"other_logs":null,"out_stock_days":null,"lost_sales":null,"has_location":null,"update_date":"2026-05-15T06:27:45","atum_locations":[],"atum_stock_status":"instock","restock_status":false,"low_stock_amount":"","sales_update_date":null,"calc_backorders":null,"aioseo_notices":[],"_links":{"self":[{"href":"https:\/\/ecoshop.ee\/en\/wp-json\/wp\/v2\/product\/359453","targetHints":{"allow":["GET"]}}],"collection":[{"href":"https:\/\/ecoshop.ee\/en\/wp-json\/wp\/v2\/product"}],"about":[{"href":"https:\/\/ecoshop.ee\/en\/wp-json\/wp\/v2\/types\/product"}],"replies":[{"embeddable":true,"href":"https:\/\/ecoshop.ee\/en\/wp-json\/wp\/v2\/comments?post=359453"}],"version-history":[{"count":0,"href":"https:\/\/ecoshop.ee\/en\/wp-json\/wp\/v2\/product\/359453\/revisions"}],"wp:featuredmedia":[{"embeddable":true,"href":"https:\/\/ecoshop.ee\/en\/wp-json\/wp\/v2\/media\/359444"}],"wp:attachment":[{"href":"https:\/\/ecoshop.ee\/en\/wp-json\/wp\/v2\/media?parent=359453"}],"wp:term":[{"taxonomy":"product_brand","embeddable":true,"href":"https:\/\/ecoshop.ee\/en\/wp-json\/wp\/v2\/product_brand?post=359453"},{"taxonomy":"product_cat","embeddable":true,"href":"https:\/\/ecoshop.ee\/en\/wp-json\/wp\/v2\/product_cat?post=359453"},{"taxonomy":"product_tag","embeddable":true,"href":"https:\/\/ecoshop.ee\/en\/wp-json\/wp\/v2\/product_tag?post=359453"}],"curies":[{"name":"wp","href":"https:\/\/api.w.org\/{rel}","templated":true}]}}