{"id":359478,"date":"2026-02-28T07:43:58","date_gmt":"2026-02-28T04:43:58","guid":{"rendered":"https:\/\/ecoshop.ee\/maaratlemata\/varjualune-beez-3-x-3-m-teras-ja-kangas\/"},"modified":"2026-05-13T09:27:50","modified_gmt":"2026-05-13T06:27:50","slug":"shelter-beige-3-x-3-m-steel-and-fabric","status":"publish","type":"product","link":"https:\/\/ecoshop.ee\/en\/aiapaviljonid\/varjualune-beez-3-x-3-m-teras-ja-kangas\/","title":{"rendered":"Shelter, Beige, 3 x 3 M, Steel and Fabric"},"content":{"rendered":"<p>Enjoy your outdoor living with this canopy tent, whether it&#039;s sunny or light rain!<\/p>\n<\/p>\n<ul>\n<li>Waterproof material: Polyester is a synthetic material known for its UV resistance and tensile strength. PA-coated polyester is waterproof, making it an ideal choice for damp or rainy conditions and is also easy to clean.<\/li>\n<li>Stable frame: The powder-coated steel frame ensures the durability and stability of the gazebo.<\/li>\n<li>Spacious Space: This event tent is spacious enough to gather your family and friends without feeling cramped.<\/li>\n<li>Wide range of uses: The garden tent is ideal for tea parties, family gatherings, picnics and camping. It can be used in courtyards, gardens and other outdoor spaces.<\/li>\n<\/ul>\n<p>Note:<\/p>\n<ul>\n<li>This product is not suitable for use in bad weather conditions, such as strong wind, heavy rain, snow, storms, etc.<\/li>\n<li>This product is not suitable for use as a carport.<\/li>\n<\/ul>\n<ul>\n<li>Color: beige<\/li>\n<li>Frame material: powder-coated steel<\/li>\n<li>Roof material: PA-coated fabric (100% polyester)<\/li>\n<li>Overall dimensions: 3 x 3 x 2.5 m (L x W x H)<\/li>\n<li>Assembly required: yes<\/li>\n<\/ul>","protected":false},"excerpt":{"rendered":"<p>Nautige oma \u00f5ues elamist selle varikatusega telgiga olenemata p\u00e4ikesest v\u00f5i kergest vihmast! Veekindel materjal: Pol\u00fcester on s\u00fcnteetiline materjal, mis on tuntud oma&hellip;<\/p>","protected":false},"featured_media":359469,"comment_status":"open","ping_status":"closed","template":"","meta":{"wprm-recipe-roundup-name":"","wprm-recipe-roundup-description":""},"product_brand":[],"product_cat":[7038],"product_tag":[2127,7051,596,536,4867,540,7052],"class_list":{"0":"post-359478","1":"product","2":"type-product","3":"status-publish","4":"has-post-thumbnail","6":"product_cat-aiapaviljonid","7":"product_tag-aed-ja-muru","8":"product_tag-aiakujundus","9":"product_tag-beez","10":"product_tag-kodu-ja-aed","11":"product_tag-ouetegevused","12":"product_tag-parcel","13":"product_tag-varjualaused","14":"pa_brand-vidaxl","16":"first","17":"instock","18":"taxable","19":"shipping-taxable","20":"purchasable","21":"product-type-simple"},"supplier_id":null,"supplier_sku":"","barcode":null,"atum_controlled":false,"out_stock_date":null,"out_stock_threshold":null,"inheritable":false,"inbound_stock":null,"stock_on_hold":null,"sold_today":null,"sales_last_days":null,"reserved_stock":null,"customer_returns":null,"warehouse_damage":null,"lost_in_post":null,"other_logs":null,"out_stock_days":null,"lost_sales":null,"has_location":null,"update_date":"2026-05-13T06:27:51","atum_locations":[],"atum_stock_status":"instock","restock_status":false,"low_stock_amount":"","sales_update_date":null,"calc_backorders":null,"aioseo_notices":[],"_links":{"self":[{"href":"https:\/\/ecoshop.ee\/en\/wp-json\/wp\/v2\/product\/359478","targetHints":{"allow":["GET"]}}],"collection":[{"href":"https:\/\/ecoshop.ee\/en\/wp-json\/wp\/v2\/product"}],"about":[{"href":"https:\/\/ecoshop.ee\/en\/wp-json\/wp\/v2\/types\/product"}],"replies":[{"embeddable":true,"href":"https:\/\/ecoshop.ee\/en\/wp-json\/wp\/v2\/comments?post=359478"}],"version-history":[{"count":0,"href":"https:\/\/ecoshop.ee\/en\/wp-json\/wp\/v2\/product\/359478\/revisions"}],"wp:featuredmedia":[{"embeddable":true,"href":"https:\/\/ecoshop.ee\/en\/wp-json\/wp\/v2\/media\/359469"}],"wp:attachment":[{"href":"https:\/\/ecoshop.ee\/en\/wp-json\/wp\/v2\/media?parent=359478"}],"wp:term":[{"taxonomy":"product_brand","embeddable":true,"href":"https:\/\/ecoshop.ee\/en\/wp-json\/wp\/v2\/product_brand?post=359478"},{"taxonomy":"product_cat","embeddable":true,"href":"https:\/\/ecoshop.ee\/en\/wp-json\/wp\/v2\/product_cat?post=359478"},{"taxonomy":"product_tag","embeddable":true,"href":"https:\/\/ecoshop.ee\/en\/wp-json\/wp\/v2\/product_tag?post=359478"}],"curies":[{"name":"wp","href":"https:\/\/api.w.org\/{rel}","templated":true}]}}